{"id":9505,"date":"2020-06-12T08:58:41","date_gmt":"2020-06-12T11:58:41","guid":{"rendered":"http:\/\/www.diocesesaoluis.org.br\/home\/?page_id=9505"},"modified":"2026-04-06T09:29:46","modified_gmt":"2026-04-06T12:29:46","slug":"forania-nossa-senhora-aparecida","status":"publish","type":"page","link":"https:\/\/www.diocesesaoluis.org.br\/home\/forania-nossa-senhora-aparecida\/","title":{"rendered":"Forania Nossa Senhora Aparecida"},"content":{"rendered":"<h4>Vig\u00e1rio For\u00e2neo: Pe. Warley Barbosa de Oliveira<\/h4>\n<p>Par\u00f3quias:<span style=\"color: #003366;\"><strong>\u00a0<br \/><span style=\"color: #003366;\"><a style=\"color: #003366;\" href=\"https:\/\/www.diocesesaoluis.org.br\/home\/paroquia-senhor-bom-jesus-aragarcas\/\" target=\"_blank\" rel=\"noopener noreferrer\">Par\u00f3quia Senhor Bom Jesus &#8211;\u00a0Aragar\u00e7as<\/a><\/span><\/strong>\u00a0<\/span><br \/><span style=\"color: #003366;\"><a style=\"color: #003366;\" href=\"https:\/\/www.diocesesaoluis.org.br\/home\/paroquia-sao-pedro-apostolo-arenopolis\/\" target=\"_blank\" rel=\"noopener noreferrer\"><strong>Par\u00f3quia S\u00e3o Pedro Ap\u00f3stolo &#8211;\u00a0Aren\u00f3polis<\/strong><\/a><strong>\u00a0<br \/><a style=\"color: #003366;\" href=\"https:\/\/www.diocesesaoluis.org.br\/home\/paroquia-sao-sebastiao-baliza\/\" target=\"_blank\" rel=\"noopener noreferrer\">Par\u00f3quia S\u00e3o Sebasti\u00e3o &#8211;\u00a0Baliza<\/a><br \/><\/strong><a style=\"color: #003366;\" href=\"https:\/\/www.diocesesaoluis.org.br\/home\/paroquia-sao-joao-batista-bom-jardim-de-goias\/\" target=\"_blank\" rel=\"noopener noreferrer\"><strong>Par\u00f3quia S\u00e3o Jo\u00e3o Batista &#8211; Bom Jardim de Goi\u00e1s<br \/><\/strong><\/a><a style=\"color: #003366;\" href=\"https:\/\/www.diocesesaoluis.org.br\/home\/paroquia-divino-espirito-santo-caiaponia\/\" target=\"_blank\" rel=\"noopener noreferrer\"><strong>Par\u00f3quia Divino Esp\u00edrito Santo &#8211; Caiap\u00f4nia<\/strong>\u00a0<\/a><\/span><br \/><span style=\"color: #003366;\"><a style=\"color: #003366;\" href=\"https:\/\/www.diocesesaoluis.org.br\/home\/paroquia-bom-jesus-e-sao-miguel-arcanjo-doverlandia\/\" target=\"_blank\" rel=\"noopener noreferrer\"><strong>Par\u00f3quia Bom Jesus e S\u00e3o Miguel Arcanjo &#8211;\u00a0Doverl\u00e2ndia<\/strong>\u00a0<\/a><\/span><br \/><span style=\"color: #003366;\"><a style=\"color: #003366;\" href=\"https:\/\/www.diocesesaoluis.org.br\/home\/paroquia-nossa-senhora-aparecida-palestina-de-goias\/\" target=\"_blank\" rel=\"noopener noreferrer\"><strong>Par\u00f3quia Nossa Senhora Aparecida &#8211;\u00a0Palestina de Goi\u00e1s<\/strong> \u00a0<\/a><strong><br \/><a style=\"color: #003366;\" href=\"https:\/\/www.diocesesaoluis.org.br\/home\/paroquia-santo-antonio-piranhas\/\" target=\"_blank\" rel=\"noopener noreferrer\">Par\u00f3quia Santo Ant\u00f4nio &#8211; Piranhas<\/a><\/strong><\/span><\/p>\n<h4>\u00a0<\/h4>\n[vc_row][vc_column width=&#8221;3\/3&#8243; el_class=&#8221;content-column&#8221; css=&#8221;.vc_custom_1413679137749{margin-top: 10px !important;}&#8221;]\r\n\t\r\n\t<section class=\"main-highlights block-wrap term-wrap-104\">\r\n\t\r\n\t\t\t\t\r\n\t\t<h4 class=\"section-head cf cat-border-104\">\r\n\t\t\t<span class=\"title\"><a href=\"https:\/\/www.diocesesaoluis.org.br\/home\/category\/foranias\/forania-nossa-senhora-aparecida\/\">Not\u00edcias da Forania<\/a><\/span>\r\n\t\t\t\r\n\t\t\t\t\t\t\t<a href=\"https:\/\/www.diocesesaoluis.org.br\/home\/category\/foranias\/forania-nossa-senhora-aparecida\/\" class=\"more\">View all <i class=\"fa fa-caret-right\"><\/i><\/a>\r\n\t\t\t\t\t\t\r\n\t\t\t\t\t\r\n\t\t\t\t\t<\/h4>\r\n\r\n\t\t\r\n\t\t\r\n\t\t\t\r\n\t\t\r\n\t\t\t\t\r\n\t\t\t\t\t\t\r\n\t\t\t<article class=\"posts-grid\">\r\n\t\t\t\t\t\r\n\t\t\t\t<a href=\"https:\/\/www.diocesesaoluis.org.br\/home\/2026\/03\/14\/forania-nossa-senhora-aparecida-realiza-5a-edicao-da-semana-pastoral-on-line\/\" class=\"image-link\">\r\n\t\t\t\t\t<img loading=\"lazy\" decoding=\"async\" width=\"558\" height=\"197\" src=\"https:\/\/www.diocesesaoluis.org.br\/home\/wp-content\/uploads\/2026\/03\/Captura-de-Tela-2026-03-19-as-09.45.25.png\" class=\"image wp-post-image\" alt=\"\" title=\"FORANIA NOSSA SENHORA APARECIDA REALIZA 5\u00aa EDI\u00c7\u00c3O DA SEMANA PASTORAL ON-LINE\" srcset=\"https:\/\/www.diocesesaoluis.org.br\/home\/wp-content\/uploads\/2026\/03\/Captura-de-Tela-2026-03-19-as-09.45.25.png 558w, https:\/\/www.diocesesaoluis.org.br\/home\/wp-content\/uploads\/2026\/03\/Captura-de-Tela-2026-03-19-as-09.45.25-300x106.png 300w, https:\/\/www.diocesesaoluis.org.br\/home\/wp-content\/uploads\/2026\/03\/Captura-de-Tela-2026-03-19-as-09.45.25-150x53.png 150w\" sizes=\"auto, (max-width: 558px) 100vw, 558px\" \/>\t\t\t\t\t\r\n\t\t\t\t\t\t\t\t<span class=\"image-overlay\"><\/span>\r\n\t\t\t\r\n\t\t\t<span class=\"meta-overlay\">\r\n\t\t\t\t<span class=\"meta\">\r\n\t\t\t\t\r\n\t\t\t\t<span class=\"post-format \"><i class=\"fa fa-file-text-o\"><\/i><\/span>\r\n\t\t\t\t\r\n\t\t\t\t<\/span>\r\n\t\t\t<\/span>\r\n\t\t\t\t\t\t<\/a>\r\n\r\n\t\t\t\t\t\t\t<a href=\"https:\/\/www.diocesesaoluis.org.br\/home\/2026\/03\/14\/forania-nossa-senhora-aparecida-realiza-5a-edicao-da-semana-pastoral-on-line\/#respond\"><span class=\"comment-count\">0<\/span><\/a>\r\n\t\t\t\t\t\t\r\n\r\n\t\t\t\t<span class=\"listing-meta\"><a href=\"https:\/\/www.diocesesaoluis.org.br\/home\/category\/bispo-diocesano\/\" class=\"category main-color cat-color-6\">Bispo Diocesano<\/a><time datetime=\"\" itemprop=\"datePublished\"><\/time><\/span>\t\t\t\t\r\n\t\t\t\t<h2><a href=\"https:\/\/www.diocesesaoluis.org.br\/home\/2026\/03\/14\/forania-nossa-senhora-aparecida-realiza-5a-edicao-da-semana-pastoral-on-line\/\" class=\"first-heading post-link\">FORANIA NOSSA SENHORA APARECIDA REALIZA 5\u00aa EDI\u00c7\u00c3O DA SEMANA PASTORAL ON-LINE<\/a><\/h2>\r\n\r\n\t\t\t\t<div class=\"text-font excerpt\">\r\n\t\t\t\t\t<p>Entre os dias 9 e 13 de mar\u00e7o de 2026 foi realizada mais uma edi\u00e7\u00e3o da Semana Pastoral organizada pela Forania Nossa Senhora Aparecida na<span class=\"read-more arrow\"><a href=\"https:\/\/www.diocesesaoluis.org.br\/home\/2026\/03\/14\/forania-nossa-senhora-aparecida-realiza-5a-edicao-da-semana-pastoral-on-line\/\" title=\"Read More\">&rarr;<\/a><\/span><\/p>\n\t\t\t\t<\/div>\r\n\r\n\t\t\t<\/article>\r\n\t\t\t\r\n\t\t\t\t\t\t\t\t\t\t\r\n\t\t\t\t<ul class=\"ts-row posts-grid\">\r\n\t\t\t\r\n\t\t\t\t\t\t\t\t\r\n\t\t\t\t\t\t\t\r\n\t\t\t\t\t\r\n\t\t\t\t\t\t\r\n\t\t\t\t\t\t\r\n\t\t\t\t<li class=\"column half post\">\r\n\t\t\t\t\t\r\n\t\t\t\t\t<a href=\"https:\/\/www.diocesesaoluis.org.br\/home\/2025\/03\/11\/forania-nossa-senhora-aparecida-esta-promovendo-a-4a-edicao-da-semana-pastoral\/\" class=\"image-link\"><img loading=\"lazy\" decoding=\"async\" width=\"603\" height=\"300\" src=\"https:\/\/www.diocesesaoluis.org.br\/home\/wp-content\/uploads\/2025\/03\/24a441fa-86f7-4712-b96a-e0016ff5db1f-603x300.jpeg\" class=\"attachment-motive-grid-slider size-motive-grid-slider wp-post-image\" alt=\"\" title=\"Forania Nossa Senhora Aparecida est\u00e1 promovendo a 4\u00aa edi\u00e7\u00e3o da Semana Pastoral\" \/>\t\t\t\t\t\t\r\n\t\t\t\t\t\t\t\t\t<span class=\"image-overlay\"><\/span>\r\n\t\t\t\r\n\t\t\t<span class=\"meta-overlay\">\r\n\t\t\t\t<span class=\"meta\">\r\n\t\t\t\t\r\n\t\t\t\t<span class=\"post-format \"><i class=\"fa fa-file-text-o\"><\/i><\/span>\r\n\t\t\t\t\r\n\t\t\t\t<\/span>\r\n\t\t\t<\/span>\r\n\t\t\t\t\t\t\t<\/a>\r\n\t\t\t\t\t\r\n\t\t\t\t\t\t\t\t<a href=\"https:\/\/www.diocesesaoluis.org.br\/home\/2025\/03\/11\/forania-nossa-senhora-aparecida-esta-promovendo-a-4a-edicao-da-semana-pastoral\/#respond\"><span class=\"comment-count\">0<\/span><\/a>\r\n\t\t\t\t\t\t\t\r\n\t\t\t\t\t<span class=\"listing-meta\"><time datetime=\"\" itemprop=\"datePublished\"><\/time><\/span>\t\t\t\t\t\r\n\t\t\t\t\t<a href=\"https:\/\/www.diocesesaoluis.org.br\/home\/2025\/03\/11\/forania-nossa-senhora-aparecida-esta-promovendo-a-4a-edicao-da-semana-pastoral\/\" class=\"post-link\">Forania Nossa Senhora Aparecida est\u00e1 promovendo a 4\u00aa edi\u00e7\u00e3o da Semana Pastoral<\/a>\r\n\t\t\t\t\t\r\n\t\t\t\t<\/li>\r\n\t\t\r\n\t\t\t\t\r\n\t\t\t\t\t\t\r\n\t\t\t\t\t\t\r\n\t\t\t\t<li class=\"column half post\">\r\n\t\t\t\t\t\r\n\t\t\t\t\t<a href=\"https:\/\/www.diocesesaoluis.org.br\/home\/2024\/08\/26\/pe-warley-e-empossado-como-administrador-paroquial-de-palestina-de-goias\/\" class=\"image-link\"><img loading=\"lazy\" decoding=\"async\" width=\"603\" height=\"362\" src=\"https:\/\/www.diocesesaoluis.org.br\/home\/wp-content\/uploads\/2024\/08\/Snapinsta.app_456699691_344717158735201_7026160751480197621_n_1080-603x362.jpg\" class=\"attachment-motive-grid-slider size-motive-grid-slider wp-post-image\" alt=\"\" title=\"Pe. Warley \u00e9 empossado como administrador paroquial de Palestina de Goi\u00e1s\" srcset=\"https:\/\/www.diocesesaoluis.org.br\/home\/wp-content\/uploads\/2024\/08\/Snapinsta.app_456699691_344717158735201_7026160751480197621_n_1080-603x362.jpg 603w, https:\/\/www.diocesesaoluis.org.br\/home\/wp-content\/uploads\/2024\/08\/Snapinsta.app_456699691_344717158735201_7026160751480197621_n_1080-333x200.jpg 333w\" sizes=\"auto, (max-width: 603px) 100vw, 603px\" \/>\t\t\t\t\t\t\r\n\t\t\t\t\t\t\t\t\t<span class=\"image-overlay\"><\/span>\r\n\t\t\t\r\n\t\t\t<span class=\"meta-overlay\">\r\n\t\t\t\t<span class=\"meta\">\r\n\t\t\t\t\r\n\t\t\t\t<span class=\"post-format \"><i class=\"fa fa-file-text-o\"><\/i><\/span>\r\n\t\t\t\t\r\n\t\t\t\t<\/span>\r\n\t\t\t<\/span>\r\n\t\t\t\t\t\t\t<\/a>\r\n\t\t\t\t\t\r\n\t\t\t\t\t\t\t\t<a href=\"https:\/\/www.diocesesaoluis.org.br\/home\/2024\/08\/26\/pe-warley-e-empossado-como-administrador-paroquial-de-palestina-de-goias\/#respond\"><span class=\"comment-count\">0<\/span><\/a>\r\n\t\t\t\t\t\t\t\r\n\t\t\t\t\t<span class=\"listing-meta\"><time datetime=\"\" itemprop=\"datePublished\"><\/time><\/span>\t\t\t\t\t\r\n\t\t\t\t\t<a href=\"https:\/\/www.diocesesaoluis.org.br\/home\/2024\/08\/26\/pe-warley-e-empossado-como-administrador-paroquial-de-palestina-de-goias\/\" class=\"post-link\">Pe. Warley \u00e9 empossado como administrador paroquial de Palestina de Goi\u00e1s<\/a>\r\n\t\t\t\t\t\r\n\t\t\t\t<\/li>\r\n\t\t\r\n\t\t\t\t\r\n\t\t\t\t\t\t\r\n\t\t\t\t\t\t\r\n\t\t\t\t<li class=\"column half post\">\r\n\t\t\t\t\t\r\n\t\t\t\t\t<a href=\"https:\/\/www.diocesesaoluis.org.br\/home\/2024\/08\/26\/pe-wygner-e-empossado-como-administrador-paroquial-de-doverlandia\/\" class=\"image-link\"><img loading=\"lazy\" decoding=\"async\" width=\"603\" height=\"362\" src=\"https:\/\/www.diocesesaoluis.org.br\/home\/wp-content\/uploads\/2024\/08\/Snapinsta.app_457363368_3768604870062256_3379096784306736204_n_1080-603x362.jpg\" class=\"attachment-motive-grid-slider size-motive-grid-slider wp-post-image\" alt=\"\" title=\"Pe. Wygner \u00e9 empossado como administrador paroquial de Doverl\u00e2ndia\" srcset=\"https:\/\/www.diocesesaoluis.org.br\/home\/wp-content\/uploads\/2024\/08\/Snapinsta.app_457363368_3768604870062256_3379096784306736204_n_1080-603x362.jpg 603w, https:\/\/www.diocesesaoluis.org.br\/home\/wp-content\/uploads\/2024\/08\/Snapinsta.app_457363368_3768604870062256_3379096784306736204_n_1080-333x200.jpg 333w\" sizes=\"auto, (max-width: 603px) 100vw, 603px\" \/>\t\t\t\t\t\t\r\n\t\t\t\t\t\t\t\t\t<span class=\"image-overlay\"><\/span>\r\n\t\t\t\r\n\t\t\t<span class=\"meta-overlay\">\r\n\t\t\t\t<span class=\"meta\">\r\n\t\t\t\t\r\n\t\t\t\t<span class=\"post-format \"><i class=\"fa fa-file-text-o\"><\/i><\/span>\r\n\t\t\t\t\r\n\t\t\t\t<\/span>\r\n\t\t\t<\/span>\r\n\t\t\t\t\t\t\t<\/a>\r\n\t\t\t\t\t\r\n\t\t\t\t\t\t\t\t<a href=\"https:\/\/www.diocesesaoluis.org.br\/home\/2024\/08\/26\/pe-wygner-e-empossado-como-administrador-paroquial-de-doverlandia\/#respond\"><span class=\"comment-count\">0<\/span><\/a>\r\n\t\t\t\t\t\t\t\r\n\t\t\t\t\t<span class=\"listing-meta\"><time datetime=\"\" itemprop=\"datePublished\"><\/time><\/span>\t\t\t\t\t\r\n\t\t\t\t\t<a href=\"https:\/\/www.diocesesaoluis.org.br\/home\/2024\/08\/26\/pe-wygner-e-empossado-como-administrador-paroquial-de-doverlandia\/\" class=\"post-link\">Pe. Wygner \u00e9 empossado como administrador paroquial de Doverl\u00e2ndia<\/a>\r\n\t\t\t\t\t\r\n\t\t\t\t<\/li>\r\n\t\t\r\n\t\t\t\t\r\n\t\t\t\t\t\t\r\n\t\t\t\t\t\t\r\n\t\t\t\t<li class=\"column half post\">\r\n\t\t\t\t\t\r\n\t\t\t\t\t<a href=\"https:\/\/www.diocesesaoluis.org.br\/home\/2024\/08\/06\/pe-luiz-carlos-e-empossado-como-paroco-da-paroquia-sao-joao-batista-em-bom-jardim-de-goias\/\" class=\"image-link\"><img loading=\"lazy\" decoding=\"async\" width=\"603\" height=\"362\" src=\"https:\/\/www.diocesesaoluis.org.br\/home\/wp-content\/uploads\/2024\/08\/453744822_830924252556488_1901748929955142027_n-603x362.jpg\" class=\"attachment-motive-grid-slider size-motive-grid-slider wp-post-image\" alt=\"\" title=\"Pe. Luiz Carlos \u00e9 empossado como p\u00e1roco da Par\u00f3quia S\u00e3o Jo\u00e3o Batista, em Bom Jardim de Goi\u00e1s\" srcset=\"https:\/\/www.diocesesaoluis.org.br\/home\/wp-content\/uploads\/2024\/08\/453744822_830924252556488_1901748929955142027_n-603x362.jpg 603w, https:\/\/www.diocesesaoluis.org.br\/home\/wp-content\/uploads\/2024\/08\/453744822_830924252556488_1901748929955142027_n-333x200.jpg 333w\" sizes=\"auto, (max-width: 603px) 100vw, 603px\" \/>\t\t\t\t\t\t\r\n\t\t\t\t\t\t\t\t\t<span class=\"image-overlay\"><\/span>\r\n\t\t\t\r\n\t\t\t<span class=\"meta-overlay\">\r\n\t\t\t\t<span class=\"meta\">\r\n\t\t\t\t\r\n\t\t\t\t<span class=\"post-format \"><i class=\"fa fa-file-text-o\"><\/i><\/span>\r\n\t\t\t\t\r\n\t\t\t\t<\/span>\r\n\t\t\t<\/span>\r\n\t\t\t\t\t\t\t<\/a>\r\n\t\t\t\t\t\r\n\t\t\t\t\t\t\t\t<a href=\"https:\/\/www.diocesesaoluis.org.br\/home\/2024\/08\/06\/pe-luiz-carlos-e-empossado-como-paroco-da-paroquia-sao-joao-batista-em-bom-jardim-de-goias\/#respond\"><span class=\"comment-count\">0<\/span><\/a>\r\n\t\t\t\t\t\t\t\r\n\t\t\t\t\t<span class=\"listing-meta\"><time datetime=\"\" itemprop=\"datePublished\"><\/time><\/span>\t\t\t\t\t\r\n\t\t\t\t\t<a href=\"https:\/\/www.diocesesaoluis.org.br\/home\/2024\/08\/06\/pe-luiz-carlos-e-empossado-como-paroco-da-paroquia-sao-joao-batista-em-bom-jardim-de-goias\/\" class=\"post-link\">Pe. Luiz Carlos \u00e9 empossado como p\u00e1roco da Par\u00f3quia S\u00e3o Jo\u00e3o Batista, em Bom Jardim de Goi\u00e1s<\/a>\r\n\t\t\t\t\t\r\n\t\t\t\t<\/li>\r\n\t\t\r\n\t\t\t\t\r\n\t\t\t\t\t\t\r\n\t\t\t\t\t\t\r\n\t\t\t\t<li class=\"column half post\">\r\n\t\t\t\t\t\r\n\t\t\t\t\t<a href=\"https:\/\/www.diocesesaoluis.org.br\/home\/2024\/07\/15\/pe-laurito-deliberto-e-empossado-como-paroco-da-paroquia-senhor-bom-jesus-em-aragarcas\/\" class=\"image-link\"><img loading=\"lazy\" decoding=\"async\" width=\"483\" height=\"362\" src=\"https:\/\/www.diocesesaoluis.org.br\/home\/wp-content\/uploads\/2024\/07\/9aa3ac64-bd91-4264-87be-dad890ec225f-scaled.jpeg\" class=\"attachment-motive-grid-slider size-motive-grid-slider wp-post-image\" alt=\"\" title=\"Pe. Laurito Deliberto \u00e9 empossado como p\u00e1roco da Par\u00f3quia Senhor Bom Jesus em Aragar\u00e7as\" srcset=\"https:\/\/www.diocesesaoluis.org.br\/home\/wp-content\/uploads\/2024\/07\/9aa3ac64-bd91-4264-87be-dad890ec225f-scaled.jpeg 2560w, https:\/\/www.diocesesaoluis.org.br\/home\/wp-content\/uploads\/2024\/07\/9aa3ac64-bd91-4264-87be-dad890ec225f-300x225.jpeg 300w\" sizes=\"auto, (max-width: 483px) 100vw, 483px\" \/>\t\t\t\t\t\t\r\n\t\t\t\t\t\t\t\t\t<span class=\"image-overlay\"><\/span>\r\n\t\t\t\r\n\t\t\t<span class=\"meta-overlay\">\r\n\t\t\t\t<span class=\"meta\">\r\n\t\t\t\t\r\n\t\t\t\t<span class=\"post-format \"><i class=\"fa fa-file-text-o\"><\/i><\/span>\r\n\t\t\t\t\r\n\t\t\t\t<\/span>\r\n\t\t\t<\/span>\r\n\t\t\t\t\t\t\t<\/a>\r\n\t\t\t\t\t\r\n\t\t\t\t\t\t\t\t<a href=\"https:\/\/www.diocesesaoluis.org.br\/home\/2024\/07\/15\/pe-laurito-deliberto-e-empossado-como-paroco-da-paroquia-senhor-bom-jesus-em-aragarcas\/#respond\"><span class=\"comment-count\">0<\/span><\/a>\r\n\t\t\t\t\t\t\t\r\n\t\t\t\t\t<span class=\"listing-meta\"><time datetime=\"\" itemprop=\"datePublished\"><\/time><\/span>\t\t\t\t\t\r\n\t\t\t\t\t<a href=\"https:\/\/www.diocesesaoluis.org.br\/home\/2024\/07\/15\/pe-laurito-deliberto-e-empossado-como-paroco-da-paroquia-senhor-bom-jesus-em-aragarcas\/\" class=\"post-link\">Pe. Laurito Deliberto \u00e9 empossado como p\u00e1roco da Par\u00f3quia Senhor Bom Jesus em Aragar\u00e7as<\/a>\r\n\t\t\t\t\t\r\n\t\t\t\t<\/li>\r\n\t\t\r\n\t\t\t\t\r\n\t\t\t\t\t\t\r\n\t\t\t\t\t\t\r\n\t\t\t\t<li class=\"column half post\">\r\n\t\t\t\t\t\r\n\t\t\t\t\t<a href=\"https:\/\/www.diocesesaoluis.org.br\/home\/2024\/05\/02\/forania-nossa-senhora-aparecida-inicia-itinerario-formativo-com-ministros-da-palavra\/\" class=\"image-link\"><img loading=\"lazy\" decoding=\"async\" width=\"603\" height=\"362\" src=\"https:\/\/www.diocesesaoluis.org.br\/home\/wp-content\/uploads\/2024\/05\/4445d7c9-8e2b-4b45-b45d-60648f93531f-603x362.jpeg\" class=\"attachment-motive-grid-slider size-motive-grid-slider wp-post-image\" alt=\"\" title=\"Forania Nossa Senhora Aparecida inicia Itiner\u00e1rio Formativo com ministros da Palavra\" srcset=\"https:\/\/www.diocesesaoluis.org.br\/home\/wp-content\/uploads\/2024\/05\/4445d7c9-8e2b-4b45-b45d-60648f93531f-603x362.jpeg 603w, https:\/\/www.diocesesaoluis.org.br\/home\/wp-content\/uploads\/2024\/05\/4445d7c9-8e2b-4b45-b45d-60648f93531f-333x200.jpeg 333w\" sizes=\"auto, (max-width: 603px) 100vw, 603px\" \/>\t\t\t\t\t\t\r\n\t\t\t\t\t\t\t\t\t<span class=\"image-overlay\"><\/span>\r\n\t\t\t\r\n\t\t\t<span class=\"meta-overlay\">\r\n\t\t\t\t<span class=\"meta\">\r\n\t\t\t\t\r\n\t\t\t\t<span class=\"post-format \"><i class=\"fa fa-file-text-o\"><\/i><\/span>\r\n\t\t\t\t\r\n\t\t\t\t<\/span>\r\n\t\t\t<\/span>\r\n\t\t\t\t\t\t\t<\/a>\r\n\t\t\t\t\t\r\n\t\t\t\t\t\t\t\t<a href=\"https:\/\/www.diocesesaoluis.org.br\/home\/2024\/05\/02\/forania-nossa-senhora-aparecida-inicia-itinerario-formativo-com-ministros-da-palavra\/#respond\"><span class=\"comment-count\">0<\/span><\/a>\r\n\t\t\t\t\t\t\t\r\n\t\t\t\t\t<span class=\"listing-meta\"><time datetime=\"\" itemprop=\"datePublished\"><\/time><\/span>\t\t\t\t\t\r\n\t\t\t\t\t<a href=\"https:\/\/www.diocesesaoluis.org.br\/home\/2024\/05\/02\/forania-nossa-senhora-aparecida-inicia-itinerario-formativo-com-ministros-da-palavra\/\" class=\"post-link\">Forania Nossa Senhora Aparecida inicia Itiner\u00e1rio Formativo com ministros da Palavra<\/a>\r\n\t\t\t\t\t\r\n\t\t\t\t<\/li>\r\n\t\t\r\n\t\t\t\t\r\n\t\t\t\t\t\t\r\n\t\t\t\t\t\t\r\n\t\t\t\t<li class=\"column half post\">\r\n\t\t\t\t\t\r\n\t\t\t\t\t<a href=\"https:\/\/www.diocesesaoluis.org.br\/home\/2024\/05\/02\/dom-lindomar-rocha-confere-o-sacramento-da-confirmacao-a-jovens-e-adultos-da-paroquia-de-palestina-de-goias\/\" class=\"image-link\"><img loading=\"lazy\" decoding=\"async\" width=\"603\" height=\"362\" src=\"https:\/\/www.diocesesaoluis.org.br\/home\/wp-content\/uploads\/2024\/05\/439906870_476844451361324_8630359095091331451_n-603x362.jpeg\" class=\"attachment-motive-grid-slider size-motive-grid-slider wp-post-image\" alt=\"\" title=\"Dom Lindomar Rocha confere o Sacramento da Confirma\u00e7\u00e3o a jovens e adultos da Par\u00f3quia de Palestina de Goi\u00e1s\" srcset=\"https:\/\/www.diocesesaoluis.org.br\/home\/wp-content\/uploads\/2024\/05\/439906870_476844451361324_8630359095091331451_n-603x362.jpeg 603w, https:\/\/www.diocesesaoluis.org.br\/home\/wp-content\/uploads\/2024\/05\/439906870_476844451361324_8630359095091331451_n-333x200.jpeg 333w\" sizes=\"auto, (max-width: 603px) 100vw, 603px\" \/>\t\t\t\t\t\t\r\n\t\t\t\t\t\t\t\t\t<span class=\"image-overlay\"><\/span>\r\n\t\t\t\r\n\t\t\t<span class=\"meta-overlay\">\r\n\t\t\t\t<span class=\"meta\">\r\n\t\t\t\t\r\n\t\t\t\t<span class=\"post-format \"><i class=\"fa fa-file-text-o\"><\/i><\/span>\r\n\t\t\t\t\r\n\t\t\t\t<\/span>\r\n\t\t\t<\/span>\r\n\t\t\t\t\t\t\t<\/a>\r\n\t\t\t\t\t\r\n\t\t\t\t\t\t\t\t<a href=\"https:\/\/www.diocesesaoluis.org.br\/home\/2024\/05\/02\/dom-lindomar-rocha-confere-o-sacramento-da-confirmacao-a-jovens-e-adultos-da-paroquia-de-palestina-de-goias\/#respond\"><span class=\"comment-count\">0<\/span><\/a>\r\n\t\t\t\t\t\t\t\r\n\t\t\t\t\t<span class=\"listing-meta\"><time datetime=\"\" itemprop=\"datePublished\"><\/time><\/span>\t\t\t\t\t\r\n\t\t\t\t\t<a href=\"https:\/\/www.diocesesaoluis.org.br\/home\/2024\/05\/02\/dom-lindomar-rocha-confere-o-sacramento-da-confirmacao-a-jovens-e-adultos-da-paroquia-de-palestina-de-goias\/\" class=\"post-link\">Dom Lindomar Rocha confere o Sacramento da Confirma\u00e7\u00e3o a jovens e adultos da Par\u00f3quia de Palestina de Goi\u00e1s<\/a>\r\n\t\t\t\t\t\r\n\t\t\t\t<\/li>\r\n\t\t\r\n\t\t\t\t\r\n\t\t\t\t\t\t\r\n\t\t\t\t\t\t\r\n\t\t\t\t<li class=\"column half post\">\r\n\t\t\t\t\t\r\n\t\t\t\t\t<a href=\"https:\/\/www.diocesesaoluis.org.br\/home\/2024\/03\/12\/forania-nossa-senhora-aparecida-realiza-a-3a-edicao-da-semana-pastoral-on-line\/\" class=\"image-link\"><img loading=\"lazy\" decoding=\"async\" width=\"603\" height=\"362\" src=\"https:\/\/www.diocesesaoluis.org.br\/home\/wp-content\/uploads\/2024\/03\/Captura-de-Tela-2024-03-04-a\u0300s-22.00.43-603x362.png\" class=\"attachment-motive-grid-slider size-motive-grid-slider wp-post-image\" alt=\"\" title=\"Forania Nossa Senhora Aparecida realiza a 3\u00aa edi\u00e7\u00e3o da Semana Pastoral on-line\" srcset=\"https:\/\/www.diocesesaoluis.org.br\/home\/wp-content\/uploads\/2024\/03\/Captura-de-Tela-2024-03-04-a\u0300s-22.00.43-603x362.png 603w, https:\/\/www.diocesesaoluis.org.br\/home\/wp-content\/uploads\/2024\/03\/Captura-de-Tela-2024-03-04-a\u0300s-22.00.43-333x200.png 333w\" sizes=\"auto, (max-width: 603px) 100vw, 603px\" \/>\t\t\t\t\t\t\r\n\t\t\t\t\t\t\t\t\t<span class=\"image-overlay\"><\/span>\r\n\t\t\t\r\n\t\t\t<span class=\"meta-overlay\">\r\n\t\t\t\t<span class=\"meta\">\r\n\t\t\t\t\r\n\t\t\t\t<span class=\"post-format \"><i class=\"fa fa-file-text-o\"><\/i><\/span>\r\n\t\t\t\t\r\n\t\t\t\t<\/span>\r\n\t\t\t<\/span>\r\n\t\t\t\t\t\t\t<\/a>\r\n\t\t\t\t\t\r\n\t\t\t\t\t\t\t\t<a href=\"https:\/\/www.diocesesaoluis.org.br\/home\/2024\/03\/12\/forania-nossa-senhora-aparecida-realiza-a-3a-edicao-da-semana-pastoral-on-line\/#respond\"><span class=\"comment-count\">0<\/span><\/a>\r\n\t\t\t\t\t\t\t\r\n\t\t\t\t\t<span class=\"listing-meta\"><time datetime=\"\" itemprop=\"datePublished\"><\/time><\/span>\t\t\t\t\t\r\n\t\t\t\t\t<a href=\"https:\/\/www.diocesesaoluis.org.br\/home\/2024\/03\/12\/forania-nossa-senhora-aparecida-realiza-a-3a-edicao-da-semana-pastoral-on-line\/\" class=\"post-link\">Forania Nossa Senhora Aparecida realiza a 3\u00aa edi\u00e7\u00e3o da Semana Pastoral on-line<\/a>\r\n\t\t\t\t\t\r\n\t\t\t\t<\/li>\r\n\t\t\r\n\t\t\t\t\r\n\t\t\t \r\n\t\t\t\t<\/ul> \r\n\t\t\t\t\t\r\n\t<\/section>\r\n\r\n\t[\/vc_column][\/vc_row]\n\n\n<p><\/p>\n","protected":false},"excerpt":{"rendered":"<p>Vig\u00e1rio For\u00e2neo: Pe. Warley Barbosa de Oliveira Par\u00f3quias:\u00a0Par\u00f3quia Senhor Bom Jesus &#8211;\u00a0Aragar\u00e7as\u00a0Par\u00f3quia S\u00e3o Pedro Ap\u00f3stolo &#8211;\u00a0Aren\u00f3polis\u00a0Par\u00f3quia S\u00e3o Sebasti\u00e3o &#8211;\u00a0BalizaPar\u00f3quia S\u00e3o Jo\u00e3o Batista &#8211; Bom Jardim de Goi\u00e1sPar\u00f3quia Divino Esp\u00edrito Santo &#8211; Caiap\u00f4nia\u00a0Par\u00f3quia Bom Jesus e S\u00e3o Miguel Arcanjo &#8211;\u00a0Doverl\u00e2ndia\u00a0Par\u00f3quia Nossa Senhora Aparecida &#8211;\u00a0Palestina de Goi\u00e1s \u00a0Par\u00f3quia Santo Ant\u00f4nio &#8211; Piranhas \u00a0 [vc_row][vc_column width=&#8221;3\/3&#8243; el_class=&#8221;content-column&#8221; css=&#8221;.vc_custom_1413679137749{margin-top:<span class=\"read-more arrow\"><a href=\"https:\/\/www.diocesesaoluis.org.br\/home\/2024\/03\/12\/forania-nossa-senhora-aparecida-realiza-a-3a-edicao-da-semana-pastoral-on-line\/\" title=\"Read More\">&rarr;<\/a><\/span><\/p>\n","protected":false},"author":2,"featured_media":0,"parent":0,"menu_order":0,"comment_status":"closed","ping_status":"closed","template":"","meta":{"ub_ctt_via":"","footnotes":""},"class_list":["post-9505","page","type-page","status-publish"],"featured_image_src":null,"_links":{"self":[{"href":"https:\/\/www.diocesesaoluis.org.br\/home\/wp-json\/wp\/v2\/pages\/9505","targetHints":{"allow":["GET"]}}],"collection":[{"href":"https:\/\/www.diocesesaoluis.org.br\/home\/wp-json\/wp\/v2\/pages"}],"about":[{"href":"https:\/\/www.diocesesaoluis.org.br\/home\/wp-json\/wp\/v2\/types\/page"}],"author":[{"embeddable":true,"href":"https:\/\/www.diocesesaoluis.org.br\/home\/wp-json\/wp\/v2\/users\/2"}],"replies":[{"embeddable":true,"href":"https:\/\/www.diocesesaoluis.org.br\/home\/wp-json\/wp\/v2\/comments?post=9505"}],"version-history":[{"count":37,"href":"https:\/\/www.diocesesaoluis.org.br\/home\/wp-json\/wp\/v2\/pages\/9505\/revisions"}],"predecessor-version":[{"id":18541,"href":"https:\/\/www.diocesesaoluis.org.br\/home\/wp-json\/wp\/v2\/pages\/9505\/revisions\/18541"}],"wp:attachment":[{"href":"https:\/\/www.diocesesaoluis.org.br\/home\/wp-json\/wp\/v2\/media?parent=9505"}],"curies":[{"name":"wp","href":"https:\/\/api.w.org\/{rel}","templated":true}]}}