{"id":893,"date":"2020-04-27T22:46:02","date_gmt":"2020-04-28T01:46:02","guid":{"rendered":"http:\/\/www.diocesesaoluis.org.br\/home\/?page_id=893"},"modified":"2020-05-29T23:54:59","modified_gmt":"2020-05-30T02:54:59","slug":"clero","status":"publish","type":"page","link":"https:\/\/www.diocesesaoluis.org.br\/home\/clero\/","title":{"rendered":"Clero"},"content":{"rendered":"<div class=\"sc-tabs-wrap\"><ul class=\"sc-tabs\"><li class=\"active\"><a href=\"#\" data-id=\"1\">Clero Diocesano<\/a><\/li><li><a href=\"#\" data-id=\"2\">Clero Religioso Passionista<\/a><\/li><li><a href=\"#\" data-id=\"3\">Clero Provid\u00eancia Sant\u00edssimo<\/a><\/li><li><a href=\"#\" data-id=\"4\">Di\u00e1cono Transit\u00f3rio<\/a><\/li><\/ul><ul class=\"sc-tabs-panes\"><li id=\"sc-pane-1\" class=\"active\">\n<p><a href=\"http:\/\/www.diocesesaoluis.org.br\/home\/2020\/05\/06\/pe-adelso-jose-guimaraes\/\">PE. ADELSO JOS\u00c9 SOARES GUIMAR\u00c3ES<\/a><br \/>\n<a href=\"http:\/\/www.diocesesaoluis.org.br\/home\/2020\/05\/06\/pe-augusto-manoel-de-lira\/\">PE. AUGUSTO MANOEL DE LIRA<\/a><br \/>\n<a href=\"http:\/\/www.diocesesaoluis.org.br\/home\/2020\/05\/06\/pe-carlos-arantes-gouvea\/\">PE. CARLOS ARANTES DE GOUV\u00caA<\/a><br \/>\n<a href=\"http:\/\/www.diocesesaoluis.org.br\/home\/2020\/05\/06\/pe-carlos-roberto-nogueira\/\">PE. CARLOS ROBERTO NOGUEIRA<\/a><br \/>\n<a href=\"http:\/\/www.diocesesaoluis.org.br\/home\/2020\/05\/06\/pe-daniel-da-costa-ataides\/\">PE. DANIEL DA COSTA ATA\u00cdDES<\/a><br \/>\n<a href=\"http:\/\/www.diocesesaoluis.org.br\/home\/2020\/05\/06\/pe-dionivaldo-rosa-pires\/\">PE. DIONIVALDO ROSA PIRES<\/a><br \/>\n<a href=\"http:\/\/www.diocesesaoluis.org.br\/home\/2020\/05\/06\/pe-divino-monteiro-de-oliveira\/\">PE. DIVINO MONTEIRO DE OLIVEIRA<\/a><br \/>\n<a href=\"http:\/\/www.diocesesaoluis.org.br\/home\/2020\/05\/06\/pe-eduardo-farias-de-morais\/\">PE. EDUARDO FARIAS DE MORAIS<\/a><br \/>\n<a href=\"http:\/\/www.diocesesaoluis.org.br\/home\/2020\/05\/06\/pe-fernando-rosa-dos-santos\/\">PE. FERNANDO ROSA DOS SANTOS<\/a><br \/>\n<a href=\"http:\/\/www.diocesesaoluis.org.br\/home\/2020\/05\/06\/pe-francisco-erivan-sousa-da-silva\/\">PE. FRANCISCO ERIVAN SOUSA DA SILVA<\/a><br \/>\n<a href=\"http:\/\/www.diocesesaoluis.org.br\/home\/2020\/05\/06\/pe-geraldo-pereira-neto\/\">PE. GERALDO PEREIRA NETO<\/a><br \/>\n<a href=\"http:\/\/www.diocesesaoluis.org.br\/home\/2020\/05\/06\/pe-iran-rodrigo-souza-de-oliveira\/\">PE. IRAN RODRIGO SOUZA DE OLIVEIRA<\/a><br \/>\n<a href=\"http:\/\/www.diocesesaoluis.org.br\/home\/2020\/05\/06\/pe-joao-aurelio-de-almeida-alves\/\">PE. JO\u00c3O AUR\u00c9LIO DE ALMEIDA ALVES<\/a><br \/>\n<a href=\"http:\/\/www.diocesesaoluis.org.br\/home\/2020\/05\/06\/pe-joaquim-goncalves-de-morais\/\">PE. JOAQUIM GON\u00c7ALVES DE MORAIS<\/a><br \/>\n<a href=\"http:\/\/www.diocesesaoluis.org.br\/home\/2020\/05\/06\/pe-jose-moreira-de-sousa\/\">PE. JOS\u00c9 MOREIRA DE SOUSA<\/a><br \/>\n<a href=\"http:\/\/www.diocesesaoluis.org.br\/home\/2020\/05\/07\/pe-josimar-jose-dos-santos\/\">PE. JOSIMAR JOS\u00c9 DOS SANTOS<\/a><br \/>\n<a href=\"http:\/\/www.diocesesaoluis.org.br\/home\/2020\/05\/07\/pe-jorge-luis-julio-ferreira\/\">PE. JORGE LU\u00cdS J\u00daLIO FERREIRA<\/a><br \/>\n<a href=\"http:\/\/www.diocesesaoluis.org.br\/home\/2020\/05\/07\/pe-leandro-jose-de-souza-oliveira\/\">PE. LEANDRO JOS\u00c9 DE SOUZA OLIVEIRA<\/a><br \/>\n<a href=\"http:\/\/www.diocesesaoluis.org.br\/home\/2020\/05\/07\/pe-manoel-rejane-viana\/\">PE. MANOEL REJANE VIANA<\/a><br \/>\n<a href=\"http:\/\/www.diocesesaoluis.org.br\/home\/2020\/05\/07\/pe-marcio-jean-da-silva\/\">PE. MARCIO JEAN DA SILVA<\/a><br \/>\n<a href=\"http:\/\/www.diocesesaoluis.org.br\/home\/2020\/05\/07\/pe-marcelo-rodrigues-soares\/\">PE MARCELO RODRIGUES SOARES<\/a><br \/>\n<a href=\"http:\/\/www.diocesesaoluis.org.br\/home\/2020\/05\/07\/pe-mariosan-de-sousa-marques\/\">PE. MARIOSAN DE SOUSA MARQUES<\/a><br \/>\n<a href=\"http:\/\/www.diocesesaoluis.org.br\/home\/2020\/05\/07\/pe-nilton-jose-novato\/\">PE. NILTON JOS\u00c9 NOVATO<\/a><br \/>\n<a href=\"http:\/\/www.diocesesaoluis.org.br\/home\/2020\/05\/07\/pe-newton-oliveira-da-costa\/\">PE. NEWTON OLIVEIRA DA COSTA<\/a><br \/>\n<a href=\"http:\/\/www.diocesesaoluis.org.br\/home\/2020\/05\/07\/pe-ozaine-cardoso-vilela\/\">PE. OZAINE CARDOSO VILELA<\/a><br \/>\n<a href=\"http:\/\/www.diocesesaoluis.org.br\/home\/2020\/05\/07\/pe-pablo-henrique-de-farias\/\">PE. PABLO HENRIQUE DE FARIAS<\/a><br \/>\n<a href=\"http:\/\/www.diocesesaoluis.org.br\/home\/2020\/05\/07\/pe-paulo-ricardo-moreira-vivaldo\/\">PE. PAULO RICARDO MOREIRA VIVALDO<\/a><br \/>\n<a href=\"http:\/\/www.diocesesaoluis.org.br\/home\/2020\/05\/07\/pe-wallison-rodrigues-da-silva\/\">PE. WALLISON RODRIGUES DA SILVA<\/a><br \/>\n<a href=\"http:\/\/www.diocesesaoluis.org.br\/home\/2020\/05\/07\/pe-welliton-elias-da-costa\/\">PE. WELLITON ELIAS DA COSTA<\/a><\/p>\n<\/li>\n<li id=\"sc-pane-2\">\n<p><a href=\"http:\/\/www.diocesesaoluis.org.br\/home\/2020\/05\/07\/pe-gilberto-alves-ferreira-cp\/\">PE. GILBERTO ALVES FERREIRA, CP<\/a><br \/>\n<a href=\"http:\/\/www.diocesesaoluis.org.br\/home\/2020\/05\/07\/pe-tarcilio-jose-da-maia-cp\/\">PE. TARC\u00cdLIO JOS\u00c9 DA MAIA, CP.<\/a><br \/>\n<a href=\"http:\/\/www.diocesesaoluis.org.br\/home\/2020\/05\/07\/pe-jose-roberto-dos-reis-cp\/\">PE. JOS\u00c9 ROBERTO DOS REIS, CP.<\/a><br \/>\n<a href=\"http:\/\/www.diocesesaoluis.org.br\/home\/2020\/05\/08\/pe-celio-amaro-de-souza-cp\/\">PE. CELIO AMARO DE SOUZA, CP.<\/a><br \/>\n<a href=\"http:\/\/www.diocesesaoluis.org.br\/home\/2020\/05\/08\/pe-melquiades-lima-filho-cp\/\">PE. MELQUIADES LIMA FILHO, CP.<\/a><br \/>\n<a href=\"http:\/\/www.diocesesaoluis.org.br\/home\/2020\/05\/08\/pe-eduardo-henrique-bastos-santos-cp\/\">PE. EDUARDO HENRIQUE BASTOS SANTOS, CP.<\/a><br \/>\n<a href=\"http:\/\/www.diocesesaoluis.org.br\/home\/2020\/05\/08\/pe-weslei-pereira-de-souza-cp\/\">PE. WESLEI PEREIRA DE SOUZA, CP<\/a><\/p>\n<\/li>\n<li id=\"sc-pane-3\">\n<p><a href=\"http:\/\/www.diocesesaoluis.org.br\/home\/2020\/05\/08\/pe-mauricio-monte-da-silva-mps\/\">PE. MAURICIO MONTE DA SILVA, MPS<\/a><br \/>\n<a href=\"http:\/\/www.diocesesaoluis.org.br\/home\/2020\/05\/08\/pe-egnaldo-fernandes-dos-santos-mps\/\">PE. EGNALDO FERNANDES DOS SANTOS, MPS<\/a><\/p>\n<\/li>\n<li id=\"sc-pane-4\">\n<p><a href=\"http:\/\/www.diocesesaoluis.org.br\/home\/2020\/05\/08\/diacono-janio-carlos-borges-dutra\/\">J\u00c2NIO CARLOS BORGES DUTRA<\/a><\/p>\n<\/li><\/ul><\/div>\n","protected":false},"excerpt":{"rendered":"<p>Clero DiocesanoClero Religioso PassionistaClero Provid\u00eancia Sant\u00edssimoDi\u00e1cono Transit\u00f3rio PE. ADELSO JOS\u00c9 SOARES GUIMAR\u00c3ES PE. AUGUSTO MANOEL DE LIRA PE. CARLOS ARANTES DE GOUV\u00caA PE. CARLOS ROBERTO NOGUEIRA PE. DANIEL DA COSTA ATA\u00cdDES PE. DIONIVALDO ROSA PIRES PE. DIVINO MONTEIRO DE OLIVEIRA PE. EDUARDO FARIAS DE MORAIS PE. FERNANDO ROSA DOS SANTOS PE. FRANCISCO ERIVAN SOUSA DA<span class=\"read-more arrow\"><a href=\"https:\/\/www.diocesesaoluis.org.br\/home\/clero\/\" title=\"Read More\">&rarr;<\/a><\/span><\/p>\n","protected":false},"author":1,"featured_media":0,"parent":0,"menu_order":0,"comment_status":"closed","ping_status":"closed","template":"page-blocks.php","meta":{"ub_ctt_via":"","footnotes":""},"class_list":["post-893","page","type-page","status-publish"],"featured_image_src":null,"_links":{"self":[{"href":"https:\/\/www.diocesesaoluis.org.br\/home\/wp-json\/wp\/v2\/pages\/893","targetHints":{"allow":["GET"]}}],"collection":[{"href":"https:\/\/www.diocesesaoluis.org.br\/home\/wp-json\/wp\/v2\/pages"}],"about":[{"href":"https:\/\/www.diocesesaoluis.org.br\/home\/wp-json\/wp\/v2\/types\/page"}],"author":[{"embeddable":true,"href":"https:\/\/www.diocesesaoluis.org.br\/home\/wp-json\/wp\/v2\/users\/1"}],"replies":[{"embeddable":true,"href":"https:\/\/www.diocesesaoluis.org.br\/home\/wp-json\/wp\/v2\/comments?post=893"}],"version-history":[{"count":20,"href":"https:\/\/www.diocesesaoluis.org.br\/home\/wp-json\/wp\/v2\/pages\/893\/revisions"}],"predecessor-version":[{"id":9063,"href":"https:\/\/www.diocesesaoluis.org.br\/home\/wp-json\/wp\/v2\/pages\/893\/revisions\/9063"}],"wp:attachment":[{"href":"https:\/\/www.diocesesaoluis.org.br\/home\/wp-json\/wp\/v2\/media?parent=893"}],"curies":[{"name":"wp","href":"https:\/\/api.w.org\/{rel}","templated":true}]}}