{"id":8438,"date":"2020-05-01T07:20:50","date_gmt":"2020-05-01T10:20:50","guid":{"rendered":"http:\/\/www.diocesesaoluis.org.br\/home\/?page_id=8438"},"modified":"2024-05-13T20:53:42","modified_gmt":"2024-05-13T23:53:42","slug":"bispo-diocesano","status":"publish","type":"page","link":"https:\/\/www.diocesesaoluis.org.br\/home\/bispo-diocesano\/","title":{"rendered":"Bispo Diocesano"},"content":{"rendered":"<h4 style=\"text-align: center;\"><strong>Dom Lindomar Rocha Mota<\/strong><\/h4>\n<p><img loading=\"lazy\" decoding=\"async\" class=\"alignleft wp-image-17440 size-medium\" src=\"https:\/\/www.diocesesaoluis.org.br\/home\/wp-content\/uploads\/2024\/05\/WhatsApp-Image-2024-05-13-at-19.19.08-300x244.jpeg\" alt=\"\" width=\"300\" height=\"244\" srcset=\"https:\/\/www.diocesesaoluis.org.br\/home\/wp-content\/uploads\/2024\/05\/WhatsApp-Image-2024-05-13-at-19.19.08-300x244.jpeg 300w, https:\/\/www.diocesesaoluis.org.br\/home\/wp-content\/uploads\/2024\/05\/WhatsApp-Image-2024-05-13-at-19.19.08-1024x831.jpeg 1024w, https:\/\/www.diocesesaoluis.org.br\/home\/wp-content\/uploads\/2024\/05\/WhatsApp-Image-2024-05-13-at-19.19.08-150x122.jpeg 150w, https:\/\/www.diocesesaoluis.org.br\/home\/wp-content\/uploads\/2024\/05\/WhatsApp-Image-2024-05-13-at-19.19.08-72x60.jpeg 72w, https:\/\/www.diocesesaoluis.org.br\/home\/wp-content\/uploads\/2024\/05\/WhatsApp-Image-2024-05-13-at-19.19.08.jpeg 1280w\" sizes=\"auto, (max-width: 300px) 100vw, 300px\" \/><\/p>\n<p style=\"text-align: justify; vertical-align: baseline; margin: 0cm 0cm 20.55pt 0cm;\"><span style=\"font-family: 'Lato',sans-serif; color: black;\">Nomeado pelo Papa Francisco bispo da Diocese de S\u00e3o Lu\u00eds de Montes Belos (GO), no dia 22 de janeiro de 2020, Dom Lindomar Rocha Mota \u00e9 proveniente do clero da Arquidiocese de Diamantina (MG). Dom Lindomar foi ordenado sacerdote em 1998, por dom Paulo Lopes de Faria. Possui mestrado em teologia pelo Pontif\u00edcio Instituto Teresiano. O bispo tamb\u00e9m \u00e9 mestre e doutor em filosofia moderna pela Universidade Gregoriana e p\u00f3s-doutor em direitos humanos e democracia pelo Ius Gentium Conimbrigae de Coimbra. Na Arquidiocese de Diamantina, foi membro dos conselhos presbiteral, econ\u00f4mico, dos consultores e coordenador do V<sup>o<\/sup> S\u00ednodo Arquidiocesano. Natural de Arataca (BA), nasceu em novembro de 1971, filho de Josu\u00e9 Rocha e Vit\u00f3ria Farias, cursou filosofia no ITI e teologia no Semin\u00e1rio Provincial Sagrado Cora\u00e7\u00e3o de Jesus, em Diamantina e Ateneu Pontif\u00edcio Regina Apostolorum, em Roma.<\/span><\/p>\n<p style=\"text-align: justify; vertical-align: baseline; margin: 0cm 0cm 20.55pt 0cm;\"><span style=\"font-family: 'Lato',sans-serif; color: black;\">Pastoralmente, Dom Lindomar foi reitor do Semin\u00e1rio Provincial Sagrado Cora\u00e7\u00e3o de Jesus, diretor espiritual, chanceler do arcebispado, diretor do Instituto de filosofia e teologia do Semin\u00e1rio, vig\u00e1rio paroquial da Catedral e da Par\u00f3quia S\u00e3o Judas Tadeu, p\u00e1roco na Par\u00f3quia de S\u00e3o Jos\u00e9. Entre os anos de 2003 e 2007 prestou servi\u00e7o \u00e0 CNBB\u00a0como assessor da Comiss\u00e3o Episcopal para a Doutrina da F\u00e9. Era p\u00e1roco na Par\u00f3quia de Santo Ant\u00f4nio, em Curvelo, diretor da Faculdade Arquidiocesana de Curvelo e professor da PUC Minas, at\u00e9 a sua nomea\u00e7\u00e3o.<\/span><\/p>\n<p style=\"text-align: justify; vertical-align: baseline; margin: 0cm 0cm 20.55pt 0cm;\"><span style=\"font-family: 'Lato',sans-serif; color: black;\">No Regional Centro Oeste, Dom Lindomar foi o bispo referencial para os semin\u00e1rios e Di\u00e1conos permanentes. Atualmente \u00e9 o Referencial para a comunica\u00e7\u00e3o. Na CNBB, \u00e9 um dos bispos respons\u00e1veis por acompanhar o Col\u00e9gio Pio Brasileiro em Roma.<\/span><\/p>\n<p style=\"text-align: justify; vertical-align: baseline; margin: 0cm 0cm 20.55pt 0cm;\"><span style=\"font-family: 'Lato',sans-serif; color: black;\">Dom Lindomar \u00e9 autor de in\u00fameros artigos e dos seguintes livros: Teoria do direito e conflitos jur\u00eddicos; Religi\u00e3o e Cultura; Crer e saber no criticismo de Kant; A toler\u00e2ncia como a primeira virtude da Democracia; Justi\u00e7a e Equidade; Arist\u00f3teles e Kant: os dois m\u00e1ximos sistemas do conhecimento; A simplicidade do Evangelho.<\/span><\/p>\n\n<div class=\"wp-block-image\">\n<figure class=\"aligncenter size-large is-resized\"><img loading=\"lazy\" decoding=\"async\" width=\"1024\" height=\"390\" src=\"https:\/\/www.diocesesaoluis.org.br\/home\/wp-content\/uploads\/2020\/09\/IMG-20200910-WA0008.jpg\" alt=\"\" class=\"wp-image-10213\" style=\"width:665px;height:252px\" srcset=\"https:\/\/www.diocesesaoluis.org.br\/home\/wp-content\/uploads\/2020\/09\/IMG-20200910-WA0008.jpg 1024w, https:\/\/www.diocesesaoluis.org.br\/home\/wp-content\/uploads\/2020\/09\/IMG-20200910-WA0008-300x114.jpg 300w, https:\/\/www.diocesesaoluis.org.br\/home\/wp-content\/uploads\/2020\/09\/IMG-20200910-WA0008-150x57.jpg 150w, https:\/\/www.diocesesaoluis.org.br\/home\/wp-content\/uploads\/2020\/09\/IMG-20200910-WA0008-768x293.jpg 768w\" sizes=\"auto, (max-width: 1024px) 100vw, 1024px\" \/><\/figure><\/div>\n\n<div class=\"wp-block-image\">\n<figure class=\"aligncenter size-large is-resized\"><img loading=\"lazy\" decoding=\"async\" width=\"480\" height=\"584\" src=\"http:\/\/www.diocesesaoluis.org.br\/home\/wp-content\/uploads\/2020\/05\/brasao.png\" alt=\"\" class=\"wp-image-8444\" style=\"width:267px;height:325px\" srcset=\"https:\/\/www.diocesesaoluis.org.br\/home\/wp-content\/uploads\/2020\/05\/brasao.png 480w, https:\/\/www.diocesesaoluis.org.br\/home\/wp-content\/uploads\/2020\/05\/brasao-247x300.png 247w, https:\/\/www.diocesesaoluis.org.br\/home\/wp-content\/uploads\/2020\/05\/brasao-123x150.png 123w\" sizes=\"auto, (max-width: 480px) 100vw, 480px\" \/><figcaption class=\"wp-element-caption\"><strong>GRATIA ET PAX MULTIPLICETUR<\/strong><br><em><a href=\"https:\/\/www.diocesesaoluis.org.br\/home\/2020\/05\/06\/conheca-o-brasao-do-nosso-bispo\/\" target=\"_blank\" rel=\"noreferrer noopener\">Conhe\u00e7a o bras\u00e3o do nosso Bispo diocesano<\/a><\/em><\/figcaption><\/figure><\/div>\n\n<div class=\"ts-row cf block\"><div class=\"column three-third\">\r\n\t\r\n\t<section class=\"main-highlights block-wrap term-wrap-9\">\r\n\t\r\n\t\t\t\t\r\n\t\t<h4 class=\"section-head cf cat-border-9\">\r\n\t\t\t<span class=\"title\"><a href=\"https:\/\/www.diocesesaoluis.org.br\/home\/category\/bispo-diocesano\/palavra-do-pastor\/\">Palavra do Pastor<\/a><\/span>\r\n\t\t\t\r\n\t\t\t\t\t\t\t<a href=\"https:\/\/www.diocesesaoluis.org.br\/home\/category\/bispo-diocesano\/palavra-do-pastor\/\" class=\"more\">View all <i class=\"fa fa-caret-right\"><\/i><\/a>\r\n\t\t\t\t\t\t\r\n\t\t\t\t\t\r\n\t\t\t\t\t<\/h4>\r\n\r\n\t\t\r\n\t\t\r\n\t\t\t\r\n\t\t\r\n\t\t\t\t\r\n\t\t\t\t\t\t\r\n\t\t\t<article class=\"posts-grid\">\r\n\t\t\t\t\t\r\n\t\t\t\t<a href=\"https:\/\/www.diocesesaoluis.org.br\/home\/2024\/08\/12\/hora-do-angelus-com-dom-lindomar-rocha\/\" class=\"image-link\">\r\n\t\t\t\t\t<img loading=\"lazy\" decoding=\"async\" width=\"740\" height=\"357\" src=\"https:\/\/www.diocesesaoluis.org.br\/home\/wp-content\/uploads\/2023\/08\/angelus01-740x357.jpeg\" class=\"image wp-post-image\" alt=\"\" title=\"Hora do Angelus com Dom Lindomar Rocha\" srcset=\"https:\/\/www.diocesesaoluis.org.br\/home\/wp-content\/uploads\/2023\/08\/angelus01-740x357.jpeg 740w, https:\/\/www.diocesesaoluis.org.br\/home\/wp-content\/uploads\/2023\/08\/angelus01-352x169.jpeg 352w\" sizes=\"auto, (max-width: 740px) 100vw, 740px\" \/>\t\t\t\t\t\r\n\t\t\t\t\t\t\t\t<span class=\"image-overlay\"><\/span>\r\n\t\t\t\r\n\t\t\t<span class=\"meta-overlay\">\r\n\t\t\t\t<span class=\"meta\">\r\n\t\t\t\t\r\n\t\t\t\t<span class=\"post-format video\"><i class=\"fa fa-youtube-play\"><\/i><\/span>\r\n\t\t\t\t\r\n\t\t\t\t<\/span>\r\n\t\t\t<\/span>\r\n\t\t\t\t\t\t<\/a>\r\n\r\n\t\t\t\t\t\t\t<a href=\"https:\/\/www.diocesesaoluis.org.br\/home\/2024\/08\/12\/hora-do-angelus-com-dom-lindomar-rocha\/#respond\"><span class=\"comment-count\">0<\/span><\/a>\r\n\t\t\t\t\t\t\r\n\r\n\t\t\t\t<span class=\"listing-meta\"><a href=\"https:\/\/www.diocesesaoluis.org.br\/home\/category\/mensagens-videos\/\" class=\"category main-color cat-color-10\">Mensagens [V\u00eddeos]<\/a><time datetime=\"\" itemprop=\"datePublished\"><\/time><\/span>\t\t\t\t\r\n\t\t\t\t<h2><a href=\"https:\/\/www.diocesesaoluis.org.br\/home\/2024\/08\/12\/hora-do-angelus-com-dom-lindomar-rocha\/\" class=\"first-heading post-link\">Hora do Angelus com Dom Lindomar Rocha<\/a><\/h2>\r\n\r\n\t\t\t\t<div class=\"text-font excerpt\">\r\n\t\t\t\t\t<p>Reze, todos os dias, a Hora do Angelus com nosso bispo diocesano, Dom Lindomar Rocha, contemplando o Mist\u00e9rio da Anuncia\u00e7\u00e3o do Anjo \u00e0 Nossa Senhora.<span class=\"read-more arrow\"><a href=\"https:\/\/www.diocesesaoluis.org.br\/home\/2024\/08\/12\/hora-do-angelus-com-dom-lindomar-rocha\/\" title=\"Read More\">&rarr;<\/a><\/span><\/p>\n\t\t\t\t<\/div>\r\n\r\n\t\t\t<\/article>\r\n\t\t\t\r\n\t\t\t\t\t\t\t\t\t\t\r\n\t\t\t\t<ul class=\"ts-row posts-grid\">\r\n\t\t\t\r\n\t\t\t\t\t\t\t\t\r\n\t\t\t\t\t\t\t\r\n\t\t\t\t\t\r\n\t\t\t\t\t\t\r\n\t\t\t\t\t\t\r\n\t\t\t\t<li class=\"column half post\">\r\n\t\t\t\t\t\r\n\t\t\t\t\t<a href=\"https:\/\/www.diocesesaoluis.org.br\/home\/2023\/10\/11\/um-novo-recomeco\/\" class=\"image-link\"><img loading=\"lazy\" decoding=\"async\" width=\"603\" height=\"362\" src=\"https:\/\/www.diocesesaoluis.org.br\/home\/wp-content\/uploads\/2023\/10\/Banners-3-603x362.png\" class=\"attachment-motive-grid-slider size-motive-grid-slider wp-post-image\" alt=\"\" title=\"Um novo recome\u00e7o\" srcset=\"https:\/\/www.diocesesaoluis.org.br\/home\/wp-content\/uploads\/2023\/10\/Banners-3-603x362.png 603w, https:\/\/www.diocesesaoluis.org.br\/home\/wp-content\/uploads\/2023\/10\/Banners-3-333x200.png 333w\" sizes=\"auto, (max-width: 603px) 100vw, 603px\" \/>\t\t\t\t\t\t\r\n\t\t\t\t\t\t\t\t\t<span class=\"image-overlay\"><\/span>\r\n\t\t\t\r\n\t\t\t<span class=\"meta-overlay\">\r\n\t\t\t\t<span class=\"meta\">\r\n\t\t\t\t\r\n\t\t\t\t<span class=\"post-format \"><i class=\"fa fa-file-text-o\"><\/i><\/span>\r\n\t\t\t\t\r\n\t\t\t\t<\/span>\r\n\t\t\t<\/span>\r\n\t\t\t\t\t\t\t<\/a>\r\n\t\t\t\t\t\r\n\t\t\t\t\t\t\t\t<a href=\"https:\/\/www.diocesesaoluis.org.br\/home\/2023\/10\/11\/um-novo-recomeco\/#respond\"><span class=\"comment-count\">0<\/span><\/a>\r\n\t\t\t\t\t\t\t\r\n\t\t\t\t\t<span class=\"listing-meta\"><time datetime=\"\" itemprop=\"datePublished\"><\/time><\/span>\t\t\t\t\t\r\n\t\t\t\t\t<a href=\"https:\/\/www.diocesesaoluis.org.br\/home\/2023\/10\/11\/um-novo-recomeco\/\" class=\"post-link\">Um novo recome\u00e7o<\/a>\r\n\t\t\t\t\t\r\n\t\t\t\t<\/li>\r\n\t\t\r\n\t\t\t\t\r\n\t\t\t\t\t\t\r\n\t\t\t\t\t\t\r\n\t\t\t\t<li class=\"column half post\">\r\n\t\t\t\t\t\r\n\t\t\t\t\t<a href=\"https:\/\/www.diocesesaoluis.org.br\/home\/2023\/10\/02\/dom-lindomar-rocha-envia-mensagem-para-o-mes-missionario\/\" class=\"image-link\"><img loading=\"lazy\" decoding=\"async\" width=\"603\" height=\"362\" src=\"https:\/\/www.diocesesaoluis.org.br\/home\/wp-content\/uploads\/2023\/10\/Banners-2-603x362.png\" class=\"attachment-motive-grid-slider size-motive-grid-slider wp-post-image\" alt=\"\" title=\"Dom Lindomar Rocha envia mensagem para o M\u00eas Mission\u00e1rio\" srcset=\"https:\/\/www.diocesesaoluis.org.br\/home\/wp-content\/uploads\/2023\/10\/Banners-2-603x362.png 603w, https:\/\/www.diocesesaoluis.org.br\/home\/wp-content\/uploads\/2023\/10\/Banners-2-333x200.png 333w\" sizes=\"auto, (max-width: 603px) 100vw, 603px\" \/>\t\t\t\t\t\t\r\n\t\t\t\t\t\t\t\t\t<span class=\"image-overlay\"><\/span>\r\n\t\t\t\r\n\t\t\t<span class=\"meta-overlay\">\r\n\t\t\t\t<span class=\"meta\">\r\n\t\t\t\t\r\n\t\t\t\t<span class=\"post-format video\"><i class=\"fa fa-youtube-play\"><\/i><\/span>\r\n\t\t\t\t\r\n\t\t\t\t<\/span>\r\n\t\t\t<\/span>\r\n\t\t\t\t\t\t\t<\/a>\r\n\t\t\t\t\t\r\n\t\t\t\t\t\t\t\t<a href=\"https:\/\/www.diocesesaoluis.org.br\/home\/2023\/10\/02\/dom-lindomar-rocha-envia-mensagem-para-o-mes-missionario\/#respond\"><span class=\"comment-count\">0<\/span><\/a>\r\n\t\t\t\t\t\t\t\r\n\t\t\t\t\t<span class=\"listing-meta\"><time datetime=\"\" itemprop=\"datePublished\"><\/time><\/span>\t\t\t\t\t\r\n\t\t\t\t\t<a href=\"https:\/\/www.diocesesaoluis.org.br\/home\/2023\/10\/02\/dom-lindomar-rocha-envia-mensagem-para-o-mes-missionario\/\" class=\"post-link\">Dom Lindomar Rocha envia mensagem para o M\u00eas Mission\u00e1rio<\/a>\r\n\t\t\t\t\t\r\n\t\t\t\t<\/li>\r\n\t\t\r\n\t\t\t\t\r\n\t\t\t\t\t\t\r\n\t\t\t\t\t\t\r\n\t\t\t\t<li class=\"column half post\">\r\n\t\t\t\t\t\r\n\t\t\t\t\t<a href=\"https:\/\/www.diocesesaoluis.org.br\/home\/2023\/09\/29\/jesus-o-exegeta-do-pai\/\" class=\"image-link\"><img loading=\"lazy\" decoding=\"async\" width=\"603\" height=\"362\" src=\"https:\/\/www.diocesesaoluis.org.br\/home\/wp-content\/uploads\/2023\/09\/Banners-603x362.png\" class=\"attachment-motive-grid-slider size-motive-grid-slider wp-post-image\" alt=\"\" title=\"Jesus, o exegeta do Pai\" srcset=\"https:\/\/www.diocesesaoluis.org.br\/home\/wp-content\/uploads\/2023\/09\/Banners-603x362.png 603w, https:\/\/www.diocesesaoluis.org.br\/home\/wp-content\/uploads\/2023\/09\/Banners-333x200.png 333w\" sizes=\"auto, (max-width: 603px) 100vw, 603px\" \/>\t\t\t\t\t\t\r\n\t\t\t\t\t\t\t\t\t<span class=\"image-overlay\"><\/span>\r\n\t\t\t\r\n\t\t\t<span class=\"meta-overlay\">\r\n\t\t\t\t<span class=\"meta\">\r\n\t\t\t\t\r\n\t\t\t\t<span class=\"post-format \"><i class=\"fa fa-file-text-o\"><\/i><\/span>\r\n\t\t\t\t\r\n\t\t\t\t<\/span>\r\n\t\t\t<\/span>\r\n\t\t\t\t\t\t\t<\/a>\r\n\t\t\t\t\t\r\n\t\t\t\t\t\t\t\t<a href=\"https:\/\/www.diocesesaoluis.org.br\/home\/2023\/09\/29\/jesus-o-exegeta-do-pai\/#respond\"><span class=\"comment-count\">0<\/span><\/a>\r\n\t\t\t\t\t\t\t\r\n\t\t\t\t\t<span class=\"listing-meta\"><time datetime=\"\" itemprop=\"datePublished\"><\/time><\/span>\t\t\t\t\t\r\n\t\t\t\t\t<a href=\"https:\/\/www.diocesesaoluis.org.br\/home\/2023\/09\/29\/jesus-o-exegeta-do-pai\/\" class=\"post-link\">Jesus, o exegeta do Pai<\/a>\r\n\t\t\t\t\t\r\n\t\t\t\t<\/li>\r\n\t\t\r\n\t\t\t\t\r\n\t\t\t\t\t\t\r\n\t\t\t\t\t\t\r\n\t\t\t\t<li class=\"column half post\">\r\n\t\t\t\t\t\r\n\t\t\t\t\t<a href=\"https:\/\/www.diocesesaoluis.org.br\/home\/2023\/08\/19\/maria-a-gloria-da-humanidade\/\" class=\"image-link\"><img loading=\"lazy\" decoding=\"async\" width=\"603\" height=\"362\" src=\"https:\/\/www.diocesesaoluis.org.br\/home\/wp-content\/uploads\/2023\/08\/Banners-2-603x362.png\" class=\"attachment-motive-grid-slider size-motive-grid-slider wp-post-image\" alt=\"\" title=\"Maria, a gl\u00f3ria da humanidade\" srcset=\"https:\/\/www.diocesesaoluis.org.br\/home\/wp-content\/uploads\/2023\/08\/Banners-2-603x362.png 603w, https:\/\/www.diocesesaoluis.org.br\/home\/wp-content\/uploads\/2023\/08\/Banners-2-333x200.png 333w\" sizes=\"auto, (max-width: 603px) 100vw, 603px\" \/>\t\t\t\t\t\t\r\n\t\t\t\t\t\t\t\t\t<span class=\"image-overlay\"><\/span>\r\n\t\t\t\r\n\t\t\t<span class=\"meta-overlay\">\r\n\t\t\t\t<span class=\"meta\">\r\n\t\t\t\t\r\n\t\t\t\t<span class=\"post-format \"><i class=\"fa fa-file-text-o\"><\/i><\/span>\r\n\t\t\t\t\r\n\t\t\t\t<\/span>\r\n\t\t\t<\/span>\r\n\t\t\t\t\t\t\t<\/a>\r\n\t\t\t\t\t\r\n\t\t\t\t\t\t\t\t<a href=\"https:\/\/www.diocesesaoluis.org.br\/home\/2023\/08\/19\/maria-a-gloria-da-humanidade\/#respond\"><span class=\"comment-count\">0<\/span><\/a>\r\n\t\t\t\t\t\t\t\r\n\t\t\t\t\t<span class=\"listing-meta\"><time datetime=\"\" itemprop=\"datePublished\"><\/time><\/span>\t\t\t\t\t\r\n\t\t\t\t\t<a href=\"https:\/\/www.diocesesaoluis.org.br\/home\/2023\/08\/19\/maria-a-gloria-da-humanidade\/\" class=\"post-link\">Maria, a gl\u00f3ria da humanidade<\/a>\r\n\t\t\t\t\t\r\n\t\t\t\t<\/li>\r\n\t\t\r\n\t\t\t\t\r\n\t\t\t \r\n\t\t\t\t<\/ul> \r\n\t\t\t\t\t\r\n\t<\/section>\r\n\r\n\t&nbsp;<\/div><\/div>\n","protected":false},"excerpt":{"rendered":"<p>Dom Lindomar Rocha Mota Nomeado pelo Papa Francisco bispo da Diocese de S\u00e3o Lu\u00eds de Montes Belos (GO), no dia 22 de janeiro de 2020, Dom Lindomar Rocha Mota \u00e9 proveniente do clero da Arquidiocese de Diamantina (MG). Dom Lindomar foi ordenado sacerdote em 1998, por dom Paulo Lopes de Faria. Possui mestrado em teologia<span class=\"read-more arrow\"><a href=\"https:\/\/www.diocesesaoluis.org.br\/home\/2023\/08\/19\/maria-a-gloria-da-humanidade\/\" title=\"Read More\">&rarr;<\/a><\/span><\/p>\n","protected":false},"author":1,"featured_media":0,"parent":0,"menu_order":0,"comment_status":"closed","ping_status":"closed","template":"","meta":{"ub_ctt_via":"","footnotes":""},"class_list":["post-8438","page","type-page","status-publish"],"featured_image_src":null,"_links":{"self":[{"href":"https:\/\/www.diocesesaoluis.org.br\/home\/wp-json\/wp\/v2\/pages\/8438","targetHints":{"allow":["GET"]}}],"collection":[{"href":"https:\/\/www.diocesesaoluis.org.br\/home\/wp-json\/wp\/v2\/pages"}],"about":[{"href":"https:\/\/www.diocesesaoluis.org.br\/home\/wp-json\/wp\/v2\/types\/page"}],"author":[{"embeddable":true,"href":"https:\/\/www.diocesesaoluis.org.br\/home\/wp-json\/wp\/v2\/users\/1"}],"replies":[{"embeddable":true,"href":"https:\/\/www.diocesesaoluis.org.br\/home\/wp-json\/wp\/v2\/comments?post=8438"}],"version-history":[{"count":18,"href":"https:\/\/www.diocesesaoluis.org.br\/home\/wp-json\/wp\/v2\/pages\/8438\/revisions"}],"predecessor-version":[{"id":17441,"href":"https:\/\/www.diocesesaoluis.org.br\/home\/wp-json\/wp\/v2\/pages\/8438\/revisions\/17441"}],"wp:attachment":[{"href":"https:\/\/www.diocesesaoluis.org.br\/home\/wp-json\/wp\/v2\/media?parent=8438"}],"curies":[{"name":"wp","href":"https:\/\/api.w.org\/{rel}","templated":true}]}}