{"id":19113,"date":"2026-05-14T09:51:13","date_gmt":"2026-05-14T12:51:13","guid":{"rendered":"https:\/\/www.diocesesaoluis.org.br\/home\/?page_id=19113"},"modified":"2026-05-14T10:14:32","modified_gmt":"2026-05-14T13:14:32","slug":"curia-2","status":"publish","type":"page","link":"https:\/\/www.diocesesaoluis.org.br\/home\/curia-2\/","title":{"rendered":"C\u00faria Diocesana"},"content":{"rendered":"\n<p><strong>Rua Cidade de Goi\u00e1s, 500 &#8211; Centro<\/strong><br><strong>S\u00e3o Lu\u00eds de Montes Belos &#8211; GO<br>CEP: 76050-322<br>Hor\u00e1rio de funcionamento: <\/strong><br>Segunda-feira a sexta-feira: 7h \u00e0s 18h<\/p>\n\n\n\n[vc_row 0=&#8221;&#8221;][vc_column][vc_column_text 0=&#8221;&#8221;]<dl class=\"sc-accordions\"><dt class=\"sc-accordion-title active\"><a href=\"#\">Ec\u00f4nomo e Moderador<\/a><\/dt><dd class=\"sc-accordion-pane active\">\nPe. Wallison Rodrigues da Silva<\/p>\n<\/dd>\n<dt class=\"sc-accordion-title\"><a href=\"#\">Chancelaria<\/a><\/dt><dd class=\"sc-accordion-pane\">\nPe. Luiz Carlos Ferreira Braga J\u00fanior<\/p>\n<\/dd>\n<dt class=\"sc-accordion-title\"><a href=\"#\">Departamentos<\/a><\/dt><dd class=\"sc-accordion-pane\">\nSECRETARIA<br \/>\nEmail: secretaria.dioceseslmb@gmail.com<br \/>\nTel.: (64) 98417-0016<\/p>\n<p>FINANCEIRO<br \/>\nTel.: (64) 98402-0000<\/p>\n<p>DEPARTAMENTO PESSOAL<br \/>\nTel.: (64) 98402-0000<\/p>\n<p>CONTABILIDADE<br \/>\nTel.: (64) 98402-0015 \/ (64) 98402-0016<\/p>\n<p>JUR\u00cdDICO<\/p>\n<\/dd>\n<dt class=\"sc-accordion-title\"><a href=\"#\">C\u00e2mara Eclesi\u00e1stica<\/a><\/dt><dd class=\"sc-accordion-pane\">\n<\/dd>\n<\/dl>[\/vc_column_text][\/vc_column][\/vc_row]\n\n\n\n<p><\/p>\n","protected":false},"excerpt":{"rendered":"<p>Rua Cidade de Goi\u00e1s, 500 &#8211; CentroS\u00e3o Lu\u00eds de Montes Belos &#8211; GOCEP: 76050-322Hor\u00e1rio de funcionamento: Segunda-feira a sexta-feira: 7h \u00e0s 18h [vc_row 0=&#8221;&#8221;][vc_column][vc_column_text 0=&#8221;&#8221;][\/vc_column_text][\/vc_column][\/vc_row]<\/p>\n","protected":false},"author":2,"featured_media":16149,"parent":0,"menu_order":0,"comment_status":"closed","ping_status":"closed","template":"","meta":{"ub_ctt_via":"","footnotes":""},"class_list":["post-19113","page","type-page","status-publish","has-post-thumbnail"],"featured_image_src":"https:\/\/www.diocesesaoluis.org.br\/home\/wp-content\/uploads\/2023\/03\/WhatsApp-Image-2023-03-22-at-13.51.54.jpeg","_links":{"self":[{"href":"https:\/\/www.diocesesaoluis.org.br\/home\/wp-json\/wp\/v2\/pages\/19113","targetHints":{"allow":["GET"]}}],"collection":[{"href":"https:\/\/www.diocesesaoluis.org.br\/home\/wp-json\/wp\/v2\/pages"}],"about":[{"href":"https:\/\/www.diocesesaoluis.org.br\/home\/wp-json\/wp\/v2\/types\/page"}],"author":[{"embeddable":true,"href":"https:\/\/www.diocesesaoluis.org.br\/home\/wp-json\/wp\/v2\/users\/2"}],"replies":[{"embeddable":true,"href":"https:\/\/www.diocesesaoluis.org.br\/home\/wp-json\/wp\/v2\/comments?post=19113"}],"version-history":[{"count":10,"href":"https:\/\/www.diocesesaoluis.org.br\/home\/wp-json\/wp\/v2\/pages\/19113\/revisions"}],"predecessor-version":[{"id":19132,"href":"https:\/\/www.diocesesaoluis.org.br\/home\/wp-json\/wp\/v2\/pages\/19113\/revisions\/19132"}],"wp:featuredmedia":[{"embeddable":true,"href":"https:\/\/www.diocesesaoluis.org.br\/home\/wp-json\/wp\/v2\/media\/16149"}],"wp:attachment":[{"href":"https:\/\/www.diocesesaoluis.org.br\/home\/wp-json\/wp\/v2\/media?parent=19113"}],"curies":[{"name":"wp","href":"https:\/\/api.w.org\/{rel}","templated":true}]}}