{"id":17059,"date":"2023-12-21T15:07:05","date_gmt":"2023-12-21T18:07:05","guid":{"rendered":"https:\/\/www.diocesesaoluis.org.br\/home\/?page_id=17059"},"modified":"2024-08-27T23:14:05","modified_gmt":"2024-08-28T02:14:05","slug":"pe-warley-barbosa-de-oliveira","status":"publish","type":"page","link":"https:\/\/www.diocesesaoluis.org.br\/home\/pe-warley-barbosa-de-oliveira\/","title":{"rendered":"Pe. Warley Barbosa de Oliveira"},"content":{"rendered":"[vc_row 0=&#8221;&#8221;][vc_column][vc_column_text 0=&#8221;&#8221;]\n<h3 style=\"text-align: center;\"><\/h3>\n<p style=\"text-align: center;\"><strong><img loading=\"lazy\" decoding=\"async\" class=\"alignleft wp-image-17598 size-medium\" src=\"https:\/\/www.diocesesaoluis.org.br\/home\/wp-content\/uploads\/2024\/06\/446873602_7876604902379139_5238395802889960560_n-300x300.jpeg\" alt=\"\" width=\"300\" height=\"300\" srcset=\"https:\/\/www.diocesesaoluis.org.br\/home\/wp-content\/uploads\/2024\/06\/446873602_7876604902379139_5238395802889960560_n-300x300.jpeg 300w, https:\/\/www.diocesesaoluis.org.br\/home\/wp-content\/uploads\/2024\/06\/446873602_7876604902379139_5238395802889960560_n-1024x1024.jpeg 1024w, https:\/\/www.diocesesaoluis.org.br\/home\/wp-content\/uploads\/2024\/06\/446873602_7876604902379139_5238395802889960560_n-150x150.jpeg 150w, https:\/\/www.diocesesaoluis.org.br\/home\/wp-content\/uploads\/2024\/06\/446873602_7876604902379139_5238395802889960560_n.jpeg 1080w\" sizes=\"auto, (max-width: 300px) 100vw, 300px\" \/>FUN\u00c7\u00c3O ATUAL:<br \/>\nAdm. paroquial da Par\u00f3quia Nossa Senhora Aparecida &#8211; Palestina de Goi\u00e1s<\/strong><\/p>\n<p>Naturalidade: Naz\u00e1rio-GO<br \/>\nOrd. Diaconal: 15\/11\/2023<br \/>\nOrd. Presbiteral: 24\/05\/2024<\/p>\n[\/vc_column_text][\/vc_column][\/vc_row]\n[vc_row][vc_column 0=&#8221;&#8221;][vc_column_text]<div class=\"sc-tabs-wrap\"><ul class=\"sc-tabs\"><li class=\"active\"><a href=\"#\" data-id=\"1\">Forma\u00e7\u00e3o<\/a><\/li><li><a href=\"#\" data-id=\"2\">Minist\u00e9rios<\/a><\/li><li><a href=\"#\" data-id=\"3\">Servi\u00e7os Pastorais<\/a><\/li><\/ul><ul class=\"sc-tabs-panes\"><li id=\"sc-pane-1\" class=\"active\">\n<p><strong>Filosofia<\/strong><br \/>\nInstitui\u00e7\u00e3o: Instituto Santa Cruz<\/p>\n<p><strong>Teologia<\/strong><br \/>\nInstitui\u00e7\u00e3o: PUC-GO<br \/>\n<\/li>\n<li id=\"sc-pane-2\">\nLeitorato: 2020<br \/>\nAcolitato: 2021<br \/>\nDiaconato: 15\/11\/2023<br \/>\nPresbiterato: 24\/05\/2024<br \/>\nPresidente da Celebra\u00e7\u00e3o: Dom Lindomar Rocha<br \/>\nLocal: Par\u00f3quia Nossa Senhora da Concei\u00e7\u00e3o &#8211; Naz\u00e1rio<\/p>\n<\/li>\n<li id=\"sc-pane-3\">\n<\/li><\/ul><\/div>[\/vc_column_text][\/vc_column][\/vc_row]\n","protected":false},"excerpt":{"rendered":"<p>[vc_row 0=&#8221;&#8221;][vc_column][vc_column_text 0=&#8221;&#8221;] FUN\u00c7\u00c3O ATUAL: Adm. paroquial da Par\u00f3quia Nossa Senhora Aparecida &#8211; Palestina de Goi\u00e1s Naturalidade: Naz\u00e1rio-GO Ord. Diaconal: 15\/11\/2023 Ord. Presbiteral: 24\/05\/2024 [\/vc_column_text][\/vc_column][\/vc_row] [vc_row][vc_column 0=&#8221;&#8221;][vc_column_text][\/vc_column_text][\/vc_column][\/vc_row]<\/p>\n","protected":false},"author":2,"featured_media":0,"parent":0,"menu_order":0,"comment_status":"closed","ping_status":"closed","template":"page-blocks.php","meta":{"ub_ctt_via":"","footnotes":""},"class_list":["post-17059","page","type-page","status-publish"],"featured_image_src":null,"_links":{"self":[{"href":"https:\/\/www.diocesesaoluis.org.br\/home\/wp-json\/wp\/v2\/pages\/17059","targetHints":{"allow":["GET"]}}],"collection":[{"href":"https:\/\/www.diocesesaoluis.org.br\/home\/wp-json\/wp\/v2\/pages"}],"about":[{"href":"https:\/\/www.diocesesaoluis.org.br\/home\/wp-json\/wp\/v2\/types\/page"}],"author":[{"embeddable":true,"href":"https:\/\/www.diocesesaoluis.org.br\/home\/wp-json\/wp\/v2\/users\/2"}],"replies":[{"embeddable":true,"href":"https:\/\/www.diocesesaoluis.org.br\/home\/wp-json\/wp\/v2\/comments?post=17059"}],"version-history":[{"count":5,"href":"https:\/\/www.diocesesaoluis.org.br\/home\/wp-json\/wp\/v2\/pages\/17059\/revisions"}],"predecessor-version":[{"id":17826,"href":"https:\/\/www.diocesesaoluis.org.br\/home\/wp-json\/wp\/v2\/pages\/17059\/revisions\/17826"}],"wp:attachment":[{"href":"https:\/\/www.diocesesaoluis.org.br\/home\/wp-json\/wp\/v2\/media?parent=17059"}],"curies":[{"name":"wp","href":"https:\/\/api.w.org\/{rel}","templated":true}]}}