{"id":16201,"date":"2023-03-28T08:36:45","date_gmt":"2023-03-28T11:36:45","guid":{"rendered":"https:\/\/www.diocesesaoluis.org.br\/home\/?page_id=16201"},"modified":"2023-03-28T08:38:00","modified_gmt":"2023-03-28T11:38:00","slug":"diaconos-permanentes","status":"publish","type":"page","link":"https:\/\/www.diocesesaoluis.org.br\/home\/diaconos-permanentes\/","title":{"rendered":"Di\u00e1conos Permanentes"},"content":{"rendered":"\n<p><a rel=\"noreferrer noopener\" href=\"http:\/\/www.diocesesaoluis.org.br\/home\/2020\/05\/08\/diacono-antonio-dos-reis-pereira\/\" target=\"_blank\">DI\u00c1CONO ANT\u00d4NIO DOS REIS PEREIRA<br><\/a><a rel=\"noreferrer noopener\" href=\"http:\/\/www.diocesesaoluis.org.br\/home\/2020\/05\/08\/diacono-benjamim-de-oliveira-santos\/\" target=\"_blank\">DI\u00c1CONO BENJAMIM DE OLIVEIRA SANTOS<br><\/a><a rel=\"noreferrer noopener\" href=\"http:\/\/www.diocesesaoluis.org.br\/home\/2020\/05\/08\/diacono-carlos-alberto-silva\/\" target=\"_blank\">DI\u00c1CONO CARLOS ALBERTO SILVA<br><\/a><a rel=\"noreferrer noopener\" href=\"http:\/\/www.diocesesaoluis.org.br\/home\/2020\/05\/08\/diacono-djalma-joaquim-antonio-ferreira\/\" target=\"_blank\">DI\u00c1CONO DJALMA JOAQUIM ANT\u00d4NIO FERREIRA<br><\/a><a rel=\"noreferrer noopener\" href=\"http:\/\/www.diocesesaoluis.org.br\/home\/2020\/05\/08\/diacono-evilasio-sobrinho-magalhaes\/\" target=\"_blank\">DI\u00c1CONO EVIL\u00c1SIO SOBRINHO MAGALH\u00c3ES<br><\/a><a rel=\"noreferrer noopener\" href=\"http:\/\/www.diocesesaoluis.org.br\/home\/2020\/05\/08\/diacono-gladismar-fellini\/\" target=\"_blank\">DI\u00c1CONO GLADISMAR FELLINI<br><\/a><a rel=\"noreferrer noopener\" href=\"http:\/\/www.diocesesaoluis.org.br\/home\/2020\/05\/08\/diacono-jose-djalma-maciel\/\" target=\"_blank\">DI\u00c1CONO JOS\u00c9 DJALMA MACIEL<br><\/a><a rel=\"noreferrer noopener\" href=\"http:\/\/www.diocesesaoluis.org.br\/home\/2020\/05\/08\/diacono-jose-dos-santos-teles\/\" target=\"_blank\">DI\u00c1CONO JOS\u00c9 DOS SANTOS TELES<br><\/a><a rel=\"noreferrer noopener\" href=\"http:\/\/www.diocesesaoluis.org.br\/home\/2020\/05\/08\/diacono-pedro-alves-sardinha\/\" target=\"_blank\">DI\u00c1CONO PEDRO ALVES SARDINHA<\/a><br><a rel=\"noreferrer noopener\" href=\"http:\/\/www.diocesesaoluis.org.br\/home\/2020\/05\/08\/diacono-renato-ferreira\/\" target=\"_blank\">DI\u00c1CONO RENATO FERREIRA<br><\/a><a rel=\"noreferrer noopener\" href=\"http:\/\/www.diocesesaoluis.org.br\/home\/2020\/05\/08\/diacono-rosilei-ferreira-neves\/\" target=\"_blank\">DI\u00c1CONO ROSILEI FERREIRA NEVES<br><\/a><a rel=\"noreferrer noopener\" href=\"http:\/\/www.diocesesaoluis.org.br\/home\/2020\/05\/08\/diacono-valdir-soares-dos-santos\/\" target=\"_blank\">DI\u00c1CONO VALDIR SOARES DOS SANTOS<br><\/a><a rel=\"noreferrer noopener\" href=\"http:\/\/www.diocesesaoluis.org.br\/home\/2020\/05\/08\/diacono-valdivino-gouveia-leite\/\" target=\"_blank\">DI\u00c1CONO VALDIVINO GOUVEIA LEITE<\/a><\/p>\n","protected":false},"excerpt":{"rendered":"<p>DI\u00c1CONO ANT\u00d4NIO DOS REIS PEREIRADI\u00c1CONO BENJAMIM DE OLIVEIRA SANTOSDI\u00c1CONO CARLOS ALBERTO SILVADI\u00c1CONO DJALMA JOAQUIM ANT\u00d4NIO FERREIRADI\u00c1CONO EVIL\u00c1SIO SOBRINHO MAGALH\u00c3ESDI\u00c1CONO GLADISMAR FELLINIDI\u00c1CONO JOS\u00c9 DJALMA MACIELDI\u00c1CONO JOS\u00c9 DOS SANTOS TELESDI\u00c1CONO PEDRO ALVES SARDINHADI\u00c1CONO RENATO FERREIRADI\u00c1CONO ROSILEI FERREIRA NEVESDI\u00c1CONO VALDIR SOARES DOS SANTOSDI\u00c1CONO VALDIVINO GOUVEIA LEITE<\/p>\n","protected":false},"author":2,"featured_media":0,"parent":0,"menu_order":0,"comment_status":"closed","ping_status":"closed","template":"","meta":{"ub_ctt_via":"","footnotes":""},"class_list":["post-16201","page","type-page","status-publish"],"featured_image_src":null,"_links":{"self":[{"href":"https:\/\/www.diocesesaoluis.org.br\/home\/wp-json\/wp\/v2\/pages\/16201","targetHints":{"allow":["GET"]}}],"collection":[{"href":"https:\/\/www.diocesesaoluis.org.br\/home\/wp-json\/wp\/v2\/pages"}],"about":[{"href":"https:\/\/www.diocesesaoluis.org.br\/home\/wp-json\/wp\/v2\/types\/page"}],"author":[{"embeddable":true,"href":"https:\/\/www.diocesesaoluis.org.br\/home\/wp-json\/wp\/v2\/users\/2"}],"replies":[{"embeddable":true,"href":"https:\/\/www.diocesesaoluis.org.br\/home\/wp-json\/wp\/v2\/comments?post=16201"}],"version-history":[{"count":2,"href":"https:\/\/www.diocesesaoluis.org.br\/home\/wp-json\/wp\/v2\/pages\/16201\/revisions"}],"predecessor-version":[{"id":16204,"href":"https:\/\/www.diocesesaoluis.org.br\/home\/wp-json\/wp\/v2\/pages\/16201\/revisions\/16204"}],"wp:attachment":[{"href":"https:\/\/www.diocesesaoluis.org.br\/home\/wp-json\/wp\/v2\/media?parent=16201"}],"curies":[{"name":"wp","href":"https:\/\/api.w.org\/{rel}","templated":true}]}}