{"id":16188,"date":"2023-03-28T08:27:44","date_gmt":"2023-03-28T11:27:44","guid":{"rendered":"https:\/\/www.diocesesaoluis.org.br\/home\/?page_id=16188"},"modified":"2023-03-28T08:28:26","modified_gmt":"2023-03-28T11:28:26","slug":"3o-bispo-diocesano","status":"publish","type":"page","link":"https:\/\/www.diocesesaoluis.org.br\/home\/3o-bispo-diocesano\/","title":{"rendered":"3\u00ba Bispo Diocesano"},"content":{"rendered":"[vc_row 0=&#8221;&#8221;][vc_column][vc_column_text 0=&#8221;&#8221;]\n<p style=\"text-align: center;\"><img loading=\"lazy\" decoding=\"async\" class=\"aligncenter wp-image-8211 size-full\" src=\"https:\/\/www.diocesesaoluis.org.br\/home\/wp-content\/uploads\/2020\/04\/bispo_anterior.png\" alt=\"\" width=\"567\" height=\"375\" srcset=\"https:\/\/www.diocesesaoluis.org.br\/home\/wp-content\/uploads\/2020\/04\/bispo_anterior.png 567w, https:\/\/www.diocesesaoluis.org.br\/home\/wp-content\/uploads\/2020\/04\/bispo_anterior-300x198.png 300w, https:\/\/www.diocesesaoluis.org.br\/home\/wp-content\/uploads\/2020\/04\/bispo_anterior-150x99.png 150w, https:\/\/www.diocesesaoluis.org.br\/home\/wp-content\/uploads\/2020\/04\/bispo_anterior-252x167.png 252w\" sizes=\"auto, (max-width: 567px) 100vw, 567px\" \/><\/p>\n<h3 style=\"text-align: center;\">DOM CARMELO SCAMPA<\/h3>\n<p style=\"text-align: center;\">Lema Episcopal: : \u201cLuz para meu caminho\u201d<\/p>\n<h4>Dados do 3\u00ba Bispo Diocesano<\/h4>\n<p>Data de Nascimento: 27\/01\/1944<br \/>\nLocal de Nascimento: Scandolara Ripa Oglio, Cremona, It\u00e1lia.<br \/>\nFilia\u00e7\u00e3o \u2013 Pai: Carlo Scampa<br \/>\nFilia\u00e7\u00e3o \u2013 M\u00e3e: Gesuina Mattarozzi<br \/>\nOrdena\u00e7\u00e3o Sacerdotal: 27\/06\/1971, Cremona<br \/>\nNomea\u00e7\u00e3o Episcopal: 30\/10\/2002<br \/>\nOrdena\u00e7\u00e3o Episcopal: 05\/01\/2003, S\u00e3o Lu\u00eds de Montes Belos-GO<br \/>\nPosse: 05\/01\/2003<br \/>\nRen\u00fancia: 22\/01\/2020<\/p>\n<h4>Forma\u00e7\u00e3o<\/h4>\n<p><strong>1\u00ba Grau<\/strong>: Escola Municipal em Scandolara Ripa Oglio, Cremona, It\u00e1lia.<br \/>\n<strong>2\u00ba Grau<\/strong>: Semin\u00e1rio Diocesano de Cremona.<br \/>\n<strong>Filosofia<\/strong>: Semin\u00e1rio de Cremona.<br \/>\n<strong>Teologia<\/strong>: Semin\u00e1rio Am\u00e9rica Latina em Verona e no \u201cStudentato Teol\u00f3gico San Zeno, afiliado \u00e0 Pontif\u00edcia Universidade Lateranense.<\/p>\n<h4>Atividades antes do Episcopado<\/h4>\n<p>Redator chefe do Jornal Diocesano de Cremona \u201cLa Vita Cattolica\u201d e contemporaneamente vig\u00e1rio paroquial em Cremona Boschetto e San Daniele P\u00f3, It\u00e1lia (1971-1977).<\/p>\n<p>Chegou ao Brasil no dia 23 de julho de 1977 e trabalhou como p\u00e1roco em Aragominas, Diocese de Tocantin\u00f3polis-GO (1977-1982); reitor do Semin\u00e1rio Menor \u201cLe\u00e3o XIII\u201d em Tocantin\u00f3polis e coordenador da pastoral vocacional (1983-1985); p\u00e1roco da catedral de Tocantin\u00f3polis e diretor espiritual do Semin\u00e1rio Menor (1986); coordenador diocesano de Pastoral e vig\u00e1rio geral de Tocantin\u00f3polis (1986-1989).<\/p>\n<p>Diretor do Centro Diocesano de Voca\u00e7\u00f5es na diocese de Cremona e p\u00e1roco em Villarocca, It\u00e1lia (1989-1990).<\/p>\n<p>Reitor do Semin\u00e1rio Menor de Tocantin\u00f3polis, coordenador diocesano de pastoral e vig\u00e1rio geral da Diocese (1990-1997).<\/p>\n<p>Secret\u00e1rio executivo do Regional Centro-Oeste da CNBB e diretor espiritual no Semin\u00e1rio Interdiocesano \u201cS\u00e3o Jo\u00e3o Maria Vianney\u201d em Goi\u00e2nia (1988-2002).[\/vc_column_text][\/vc_column][\/vc_row]\n","protected":false},"excerpt":{"rendered":"<p>[vc_row 0=&#8221;&#8221;][vc_column][vc_column_text 0=&#8221;&#8221;] DOM CARMELO SCAMPA Lema Episcopal: : \u201cLuz para meu caminho\u201d Dados do 3\u00ba Bispo Diocesano Data de Nascimento: 27\/01\/1944 Local de Nascimento: Scandolara Ripa Oglio, Cremona, It\u00e1lia. Filia\u00e7\u00e3o \u2013 Pai: Carlo Scampa Filia\u00e7\u00e3o \u2013 M\u00e3e: Gesuina Mattarozzi Ordena\u00e7\u00e3o Sacerdotal: 27\/06\/1971, Cremona Nomea\u00e7\u00e3o Episcopal: 30\/10\/2002 Ordena\u00e7\u00e3o Episcopal: 05\/01\/2003, S\u00e3o Lu\u00eds de Montes Belos-GO<span class=\"read-more arrow\"><a href=\"https:\/\/www.diocesesaoluis.org.br\/home\/3o-bispo-diocesano\/\" title=\"Read More\">&rarr;<\/a><\/span><\/p>\n","protected":false},"author":2,"featured_media":0,"parent":0,"menu_order":0,"comment_status":"closed","ping_status":"closed","template":"","meta":{"ub_ctt_via":"","footnotes":""},"class_list":["post-16188","page","type-page","status-publish"],"featured_image_src":null,"_links":{"self":[{"href":"https:\/\/www.diocesesaoluis.org.br\/home\/wp-json\/wp\/v2\/pages\/16188","targetHints":{"allow":["GET"]}}],"collection":[{"href":"https:\/\/www.diocesesaoluis.org.br\/home\/wp-json\/wp\/v2\/pages"}],"about":[{"href":"https:\/\/www.diocesesaoluis.org.br\/home\/wp-json\/wp\/v2\/types\/page"}],"author":[{"embeddable":true,"href":"https:\/\/www.diocesesaoluis.org.br\/home\/wp-json\/wp\/v2\/users\/2"}],"replies":[{"embeddable":true,"href":"https:\/\/www.diocesesaoluis.org.br\/home\/wp-json\/wp\/v2\/comments?post=16188"}],"version-history":[{"count":3,"href":"https:\/\/www.diocesesaoluis.org.br\/home\/wp-json\/wp\/v2\/pages\/16188\/revisions"}],"predecessor-version":[{"id":16191,"href":"https:\/\/www.diocesesaoluis.org.br\/home\/wp-json\/wp\/v2\/pages\/16188\/revisions\/16191"}],"wp:attachment":[{"href":"https:\/\/www.diocesesaoluis.org.br\/home\/wp-json\/wp\/v2\/media?parent=16188"}],"curies":[{"name":"wp","href":"https:\/\/api.w.org\/{rel}","templated":true}]}}