{"id":16178,"date":"2023-03-28T08:01:53","date_gmt":"2023-03-28T11:01:53","guid":{"rendered":"https:\/\/www.diocesesaoluis.org.br\/home\/?page_id=16178"},"modified":"2023-03-28T08:01:53","modified_gmt":"2023-03-28T11:01:53","slug":"conheca-os-nossos-diretorios-diocesanos","status":"publish","type":"page","link":"https:\/\/www.diocesesaoluis.org.br\/home\/conheca-os-nossos-diretorios-diocesanos\/","title":{"rendered":"Conhe\u00e7a os nossos Diret\u00f3rios Diocesanos"},"content":{"rendered":"\n<p><strong><a href=\"http:\/\/www.diocesesaoluis.org.br\/home\/wp-content\/uploads\/2020\/07\/DIRETORIO_SACRAMENTAL-3.pdf\" target=\"_blank\" rel=\"noreferrer noopener\"><span style=\"color:#121068\" class=\"has-inline-color\">DIRET\u00d3RIO SACRAMENTAL<\/span><\/a><\/strong> &#8211; <em>volume 1<\/em><\/p>\n\n\n\n<p><strong><a rel=\"noreferrer noopener\" href=\"http:\/\/www.diocesesaoluis.org.br\/home\/wp-content\/uploads\/2020\/07\/DIRETORIO_ORGANISMOS_ECLESIAIS.pdf\" target=\"_blank\"><span style=\"color:#121068\" class=\"has-inline-color\">DIRET\u00d3RIO DOS ORGANISMOS ECLESIAIS<\/span><\/a><\/strong> &#8211; <em>volume <\/em>2<\/p>\n\n\n\n<p><strong><a href=\"http:\/\/www.diocesesaoluis.org.br\/home\/wp-content\/uploads\/2020\/07\/DIRETORIO_PASTORAL.pdf\" target=\"_blank\" rel=\"noreferrer noopener\"><span style=\"color:#121068\" class=\"has-inline-color\">DIRET\u00d3RIO PASTORAL<\/span><\/a><\/strong> &#8211; <em>volume<\/em> 3<\/p>\n","protected":false},"excerpt":{"rendered":"<p>DIRET\u00d3RIO SACRAMENTAL &#8211; volume 1 DIRET\u00d3RIO DOS ORGANISMOS ECLESIAIS &#8211; volume 2 DIRET\u00d3RIO PASTORAL &#8211; volume 3<\/p>\n","protected":false},"author":2,"featured_media":0,"parent":0,"menu_order":0,"comment_status":"closed","ping_status":"closed","template":"","meta":{"ub_ctt_via":"","footnotes":""},"class_list":["post-16178","page","type-page","status-publish"],"featured_image_src":null,"_links":{"self":[{"href":"https:\/\/www.diocesesaoluis.org.br\/home\/wp-json\/wp\/v2\/pages\/16178","targetHints":{"allow":["GET"]}}],"collection":[{"href":"https:\/\/www.diocesesaoluis.org.br\/home\/wp-json\/wp\/v2\/pages"}],"about":[{"href":"https:\/\/www.diocesesaoluis.org.br\/home\/wp-json\/wp\/v2\/types\/page"}],"author":[{"embeddable":true,"href":"https:\/\/www.diocesesaoluis.org.br\/home\/wp-json\/wp\/v2\/users\/2"}],"replies":[{"embeddable":true,"href":"https:\/\/www.diocesesaoluis.org.br\/home\/wp-json\/wp\/v2\/comments?post=16178"}],"version-history":[{"count":1,"href":"https:\/\/www.diocesesaoluis.org.br\/home\/wp-json\/wp\/v2\/pages\/16178\/revisions"}],"predecessor-version":[{"id":16179,"href":"https:\/\/www.diocesesaoluis.org.br\/home\/wp-json\/wp\/v2\/pages\/16178\/revisions\/16179"}],"wp:attachment":[{"href":"https:\/\/www.diocesesaoluis.org.br\/home\/wp-json\/wp\/v2\/media?parent=16178"}],"curies":[{"name":"wp","href":"https:\/\/api.w.org\/{rel}","templated":true}]}}