{"id":16175,"date":"2023-03-28T07:58:44","date_gmt":"2023-03-28T10:58:44","guid":{"rendered":"https:\/\/www.diocesesaoluis.org.br\/home\/?page_id=16175"},"modified":"2023-03-28T07:58:44","modified_gmt":"2023-03-28T10:58:44","slug":"historia-2","status":"publish","type":"page","link":"https:\/\/www.diocesesaoluis.org.br\/home\/historia-2\/","title":{"rendered":"Hist\u00f3ria"},"content":{"rendered":"\n<h2 class=\"wp-block-heading\">Na regi\u00e3o Centro-Oeste do Estado de Goi\u00e1s, em meio \u00e0 vegeta\u00e7\u00e3o t\u00edpica de Cerrado, com os seus 44.058 km\u00b2 de \u00e1rea geogr\u00e1fica, abrangendo 37 munic\u00edpios, com 42 par\u00f3quias, do chamado \u201cmato-grosso goiano\u201d, situa-se a Diocese de S\u00e3o Lu\u00eds de Montes Belos.<\/h2>\n\n\n\n<p>Os in\u00edcios do processo de evangeliza\u00e7\u00e3o em nossa Diocese se devem principalmente aos mission\u00e1rios dominicanos, redentoristas e agostinianos que por aqui trabalharam at\u00e9 meados de 1958 quando deu-se o in\u00edcio do desmembramento de tr\u00eas Igrejas Particulares, a saber, Arquidiocese de Goi\u00e2nia, Diocese de Goi\u00e1s e Diocese de Jata\u00ed, que assim comporiam o que hoje conhecemos por Diocese de S\u00e3o Lu\u00eds de Montes Belos.<\/p>\n\n\n\n<p>Para a forma\u00e7\u00e3o da nova prelazia que depois se tornou Diocese, houve a presen\u00e7a e chegada indispens\u00e1vel e hist\u00f3rica dos mission\u00e1rios passionistas holandeses, da prov\u00edncia M\u00e3e da Santa Esperan\u00e7a.<\/p>\n\n\n\n<p>A congrega\u00e7\u00e3o dos mission\u00e1rios passionistas mantinha naquele tempo uma miss\u00e3o na Bulg\u00e1ria e outra na Indon\u00e9sia. Contudo, por motivos pol\u00edticos, as duas miss\u00f5es come\u00e7aram a sofrer restri\u00e7\u00f5es, sendo que na Bulg\u00e1ria, os passionistas foram expulsos, j\u00e1 na Indon\u00e9sia foi proibido a entrada de mission\u00e1rios.<\/p>\n\n\n\n<p>O provincial passionista holand\u00eas de ent\u00e3o, Pe Stanislau Van Melis, CP, pediu ao superior geral a permiss\u00e3o para iniciar uma miss\u00e3o na Am\u00e9rica Latina, uma vez que na Holanda os semin\u00e1rios e conventos estavam cheios. A princ\u00edpio Pe Stanislau pensou na Argentina, mas l\u00e1 tamb\u00e9m a situa\u00e7\u00e3o pol\u00edtica era desfavor\u00e1vel \u00e0 Igreja Cat\u00f3lica.<\/p>\n\n\n\n<p>Resolveu visitar o Brasil buscando apoio junto aos passionistas residentes na prov\u00edncia do Calv\u00e1rio em S\u00e3o Paulo. Em 1956, foram enviados os tr\u00eas primeiros mission\u00e1rios, a saber, Pe Ven\u00e2ncio Van Kuppenveld, CP, Pe Wiro Van Vliet, CP. e Pe Guilherme Van Lier, CP. Os tr\u00eas encontraram apoio junto aos passionistas do Calv\u00e1rio (SP), assim foram conhecendo a cultura brasileira e aprendendo a l\u00edngua portuguesa. Visitaram muitas par\u00f3quias de Minas Gerais e tamb\u00e9m no estado de S\u00e3o Paulo, mas foi em 1958 que Pe Stanislau, CP esteve com o n\u00fancio apost\u00f3lico, Dom Armando Lombardi, que falou das grandes potencialidades do estado de Goi\u00e1s, pois a nova capital federal estava sendo constru\u00edda.<\/p>\n\n\n\n<p>Pe Stanislau, CP, e Pe Ven\u00e2ncio, CP, vieram \u00e0 Cidade de Goi\u00e1s para conversar com Dom C\u00e2ndido Penso, bispo diocesano de Goi\u00e1s da \u00e9poca, uma vez que este j\u00e1 havia escrito ao n\u00fancio apost\u00f3lico pedindo sacerdotes para sua Diocese. Dom C\u00e2ndido ofereceu logo duas par\u00f3quias, Ipor\u00e1 e Auril\u00e2ndia, que hoje correspondem aos munic\u00edpios de Ipor\u00e1, Amorin\u00f3polis, Diorama, Montes Claros de Goi\u00e1s, Ivol\u00e2ndia, Cachoeira de Goi\u00e1s, Moipor\u00e1, Israel\u00e2ndia, Jaupaci, Auril\u00e2ndia, S\u00e3o Lu\u00eds de Montes Belos e Firmin\u00f3polis. O arcebispo de Goi\u00e2nia, Dom Fernando Gomes dos Santos, oferecia-lhes a par\u00f3quia de Anicuns, abrangendo, hoje, os munic\u00edpios de Americano do Brasil, Adel\u00e2ndia, Turv\u00e2nia e Avelin\u00f3polis, mais as par\u00f3quias de Pontalina, Goiatuba, Jandaia e Edeia.<\/p>\n\n\n\n<p>Ao mesmo tempo, o bispo de Jata\u00ed, Dom Abel Ribeiro, tinha par\u00f3quias a oferecer, mais concretamente, Caiap\u00f4nia, Quirin\u00f3polis e Mineiros. Da Diocese de Jata\u00ed, apenas Caiap\u00f4nia poderia ser aceita, pois era uma par\u00f3quia de vasto territ\u00f3rio, compreendendo hoje os munic\u00edpios de Caiap\u00f4nia, Doverl\u00e2ndia, Palestina, Piranhas, Aren\u00f3polis, Bom Jardim de Goi\u00e1s, Baliza e Aragar\u00e7as. Em 1959, mais mission\u00e1rios passionistas chegaram \u00e0 Goi\u00e2nia e foram recebidos pelos mission\u00e1rios redentoristas de Campinas.<\/p>\n\n\n\n<p>Pode-se dizer que n\u00e3o tinha quase nada para o funcionamento normal de uma par\u00f3quia, faltava igrejas, casa paroquial, salas para catequese, por isso, os mission\u00e1rios holandeses estavam cientes que era necess\u00e1rio come\u00e7ar das bases.<\/p>\n\n\n\n<p>Durante dois anos, muitos contatos foram feitos com autoridades eclesi\u00e1sticas e superiores religiosos tanto no Brasil, como em Roma. Finalmente, em 25 de novembro de 1961, foi publicada a Bula Cum Venerabilis, do Papa Jo\u00e3o XXIII, criando a Prelazia de S\u00e3o Lu\u00eds de Montes Belos, com territ\u00f3rio desmembrado da Arquidiocese de Goi\u00e2nia e das Dioceses de Goi\u00e1s e Jata\u00ed. Foi confiada pela Santa S\u00e9 aos cuidados da Congrega\u00e7\u00e3o da Paix\u00e3o de Jesus Cristo (mission\u00e1rios passionistas).<\/p>\n\n\n\n<p>Para pastorear a nova prelazia foi ordenado bispo, Pe Stanislau Van Melis, CP, sendo o primeiro bispo diocesano. Sucedido em 1987 por outro passionista, Dom Washington Cruz, CP, que guiou a diocese at\u00e9 o ano de 2002, quando foi transferido para Goi\u00e2nia, onde se tornou arcebispo metropolitano.<\/p>\n\n\n\n<p>Para suceder Dom Washington Cruz, CP, veio Dom Carmelo Scampa, que foi nosso bispo diocesano por 17 anos (2003-2020), mission\u00e1rio diocesano italiano. No dia 22 de janeiro de 2020, o Papa Francisco aceitou a ren\u00fancia de Dom Carmelo e nomeou nosso 4\u00ba bispo diocesano: Dom Lindomar Rocha Mota, que tomou posse em nossa Diocese no dia 16 de maio de 2020. Assim continuamos a construir a hist\u00f3ria de nossa Igreja Particular de S\u00e3o Lu\u00eds de Montes Belos sob o olhar e a intercess\u00e3o da M\u00e3e da Santa Esperan\u00e7a e de S\u00e3o Luiz Gonzaga, para sermos cada vez mais sinais de Jesus Cristo, nessas terras goianas e brasileiras.<\/p>\n","protected":false},"excerpt":{"rendered":"<p>Na regi\u00e3o Centro-Oeste do Estado de Goi\u00e1s, em meio \u00e0 vegeta\u00e7\u00e3o t\u00edpica de Cerrado, com os seus 44.058 km\u00b2 de \u00e1rea geogr\u00e1fica, abrangendo 37 munic\u00edpios, com 42 par\u00f3quias, do chamado \u201cmato-grosso goiano\u201d, situa-se a Diocese de S\u00e3o Lu\u00eds de Montes Belos. Os in\u00edcios do processo de evangeliza\u00e7\u00e3o em nossa Diocese se devem principalmente aos mission\u00e1rios<span class=\"read-more arrow\"><a href=\"https:\/\/www.diocesesaoluis.org.br\/home\/historia-2\/\" title=\"Read More\">&rarr;<\/a><\/span><\/p>\n","protected":false},"author":2,"featured_media":0,"parent":0,"menu_order":0,"comment_status":"closed","ping_status":"closed","template":"","meta":{"ub_ctt_via":"","footnotes":""},"class_list":["post-16175","page","type-page","status-publish"],"featured_image_src":null,"_links":{"self":[{"href":"https:\/\/www.diocesesaoluis.org.br\/home\/wp-json\/wp\/v2\/pages\/16175","targetHints":{"allow":["GET"]}}],"collection":[{"href":"https:\/\/www.diocesesaoluis.org.br\/home\/wp-json\/wp\/v2\/pages"}],"about":[{"href":"https:\/\/www.diocesesaoluis.org.br\/home\/wp-json\/wp\/v2\/types\/page"}],"author":[{"embeddable":true,"href":"https:\/\/www.diocesesaoluis.org.br\/home\/wp-json\/wp\/v2\/users\/2"}],"replies":[{"embeddable":true,"href":"https:\/\/www.diocesesaoluis.org.br\/home\/wp-json\/wp\/v2\/comments?post=16175"}],"version-history":[{"count":1,"href":"https:\/\/www.diocesesaoluis.org.br\/home\/wp-json\/wp\/v2\/pages\/16175\/revisions"}],"predecessor-version":[{"id":16176,"href":"https:\/\/www.diocesesaoluis.org.br\/home\/wp-json\/wp\/v2\/pages\/16175\/revisions\/16176"}],"wp:attachment":[{"href":"https:\/\/www.diocesesaoluis.org.br\/home\/wp-json\/wp\/v2\/media?parent=16175"}],"curies":[{"name":"wp","href":"https:\/\/api.w.org\/{rel}","templated":true}]}}