{"id":16019,"date":"2023-03-06T10:11:48","date_gmt":"2023-03-06T13:11:48","guid":{"rendered":"https:\/\/www.diocesesaoluis.org.br\/home\/?page_id=16019"},"modified":"2023-03-06T10:11:49","modified_gmt":"2023-03-06T13:11:49","slug":"paroquia-sao-pedro-apostolo-arenopolis","status":"publish","type":"page","link":"https:\/\/www.diocesesaoluis.org.br\/home\/paroquia-sao-pedro-apostolo-arenopolis\/","title":{"rendered":"Par\u00f3quia S\u00e3o Pedro Ap\u00f3stolo &#8211; Aren\u00f3polis"},"content":{"rendered":"[vc_row 0=&#8221;&#8221;][vc_column][vc_column_text 0=&#8221;&#8221;]<div class=\"sc-tabs-wrap\"><ul class=\"sc-tabs\"><li class=\"active\"><a href=\"#\" data-id=\"1\">Dados da par\u00f3quia<\/a><\/li><li><a href=\"#\" data-id=\"2\">Administra\u00e7\u00e3o<\/a><\/li><li><a href=\"#\" data-id=\"3\">Casa Paroquial<\/a><\/li><li><a href=\"#\" data-id=\"4\">Secretaria<\/a><\/li><\/ul><ul class=\"sc-tabs-panes\"><li id=\"sc-pane-1\" class=\"active\"><p>Data da Funda\u00e7\u00e3o: 24\/06\/1995<br \/>\nCNPJ: 01.226.927\/0030-41<br \/>\nPopula\u00e7\u00e3o: 3.277 hab.<br \/>\n<\/li>\n<li id=\"sc-pane-2\">\n<p><strong>P\u00c1ROCO<\/strong><br \/>\nPe. Jo\u00e3o Mariano da Silva Netto<\/p>\n<\/li>\n<li id=\"sc-pane-3\">\n<p>Av. Deputado Jos\u00e9 Alves de Assis<br \/>\nCEP: 76235-000<br \/>\nTel.: (64) 3667-1216<\/p>\n<\/li>\n<li id=\"sc-pane-4\">\n<p>Pra\u00e7a In\u00e1cio de Melo<br \/>\nCEP: 76.235-000 \u2013 Aren\u00f3polis-GO<br \/>\nTel.: (64) 3667-1216<br \/>\nEmail: paroquiaspedroarenopolis@hotmail.com<\/p>\n<\/li><\/ul><\/div>\n<div class=\"sc-tabs-wrap\"><ul class=\"sc-tabs\"><li class=\"active\"><a href=\"#\" data-id=\"1\">ADMINISTRA\u00c7\u00d5ES ANTERIORES<\/a><\/li><li><a href=\"#\" data-id=\"2\">COMUNIDADES URBANAS<\/a><\/li><li><a href=\"#\" data-id=\"3\">COMUNIDADES RURAIS<\/a><\/li><\/ul><ul class=\"sc-tabs-panes\"><li id=\"sc-pane-1\" class=\"active\"><p>1961 \u2013 Pe. J\u00falio<br \/>\n1971 \u2013 Ir. Marista Ilgo Pedro Schneider<br \/>\n1974 a 1978 \u2013 Pe. Dionizio Sfredo<br \/>\n1978 a 2006 \u2013 Pe. Ilgo Pedro Schneider<br \/>\n2006 a 2014 \u2013 Pe. Maurizio Germiniasi<br \/>\n2014 a 2018 \u2013 Pe. Welliton Elias da Costa<br \/>\n2018 a 2020 \u2013 Pe. Jo\u00e3o Aur\u00e9lio Almeida Alves<br \/>\n2020 &#8211; Pe. Newton Oliveira da Costa<\/p>\n<\/li>\n<li id=\"sc-pane-2\">\n<p><strong>Capela S\u00e3o Jo\u00e3o Batista<\/strong><br \/>\nDistrito de Campos Verdes<\/p>\n<\/li>\n<li id=\"sc-pane-3\">\n<p><strong>Comunidade Nossa Senhora Aparecida<\/strong><br \/>\nFazenda \u00c1gua Fria<br \/>\n<strong>Comunidade Nossa Senhora Aparecida<\/strong><br \/>\nAglomerado Caiap\u00f3<br \/>\n<strong>Acampamento Renovar<\/strong><br \/>\nFazenda Pedras<\/p>\n<\/li><\/ul><\/div>[\/vc_column_text][\/vc_column][\/vc_row]\n","protected":false},"excerpt":{"rendered":"<p>[vc_row 0=&#8221;&#8221;][vc_column][vc_column_text 0=&#8221;&#8221;] [\/vc_column_text][\/vc_column][\/vc_row]<\/p>\n","protected":false},"author":2,"featured_media":14001,"parent":0,"menu_order":0,"comment_status":"closed","ping_status":"closed","template":"","meta":{"ub_ctt_via":"","footnotes":""},"class_list":["post-16019","page","type-page","status-publish","has-post-thumbnail"],"featured_image_src":"https:\/\/www.diocesesaoluis.org.br\/home\/wp-content\/uploads\/2020\/05\/WhatsApp-Image-2022-02-02-at-13.33.24.jpeg","_links":{"self":[{"href":"https:\/\/www.diocesesaoluis.org.br\/home\/wp-json\/wp\/v2\/pages\/16019","targetHints":{"allow":["GET"]}}],"collection":[{"href":"https:\/\/www.diocesesaoluis.org.br\/home\/wp-json\/wp\/v2\/pages"}],"about":[{"href":"https:\/\/www.diocesesaoluis.org.br\/home\/wp-json\/wp\/v2\/types\/page"}],"author":[{"embeddable":true,"href":"https:\/\/www.diocesesaoluis.org.br\/home\/wp-json\/wp\/v2\/users\/2"}],"replies":[{"embeddable":true,"href":"https:\/\/www.diocesesaoluis.org.br\/home\/wp-json\/wp\/v2\/comments?post=16019"}],"version-history":[{"count":1,"href":"https:\/\/www.diocesesaoluis.org.br\/home\/wp-json\/wp\/v2\/pages\/16019\/revisions"}],"predecessor-version":[{"id":16020,"href":"https:\/\/www.diocesesaoluis.org.br\/home\/wp-json\/wp\/v2\/pages\/16019\/revisions\/16020"}],"wp:featuredmedia":[{"embeddable":true,"href":"https:\/\/www.diocesesaoluis.org.br\/home\/wp-json\/wp\/v2\/media\/14001"}],"wp:attachment":[{"href":"https:\/\/www.diocesesaoluis.org.br\/home\/wp-json\/wp\/v2\/media?parent=16019"}],"curies":[{"name":"wp","href":"https:\/\/api.w.org\/{rel}","templated":true}]}}