{"id":16011,"date":"2023-03-06T10:05:18","date_gmt":"2023-03-06T13:05:18","guid":{"rendered":"https:\/\/www.diocesesaoluis.org.br\/home\/?page_id=16011"},"modified":"2024-08-05T11:57:20","modified_gmt":"2024-08-05T14:57:20","slug":"paroquia-sao-joao-bosco-israelandia","status":"publish","type":"page","link":"https:\/\/www.diocesesaoluis.org.br\/home\/paroquia-sao-joao-bosco-israelandia\/","title":{"rendered":"Par\u00f3quia S\u00e3o Jo\u00e3o Bosco &#8211; Israel\u00e2ndia"},"content":{"rendered":"[vc_row 0=&#8221;&#8221;][vc_column][vc_column_text 0=&#8221;&#8221;]<div class=\"sc-tabs-wrap\"><ul class=\"sc-tabs\"><li class=\"active\"><a href=\"#\" data-id=\"1\">Dados da par\u00f3quia<\/a><\/li><li><a href=\"#\" data-id=\"2\">Administra\u00e7\u00e3o<\/a><\/li><li><a href=\"#\" data-id=\"3\">Casa Paroquial<\/a><\/li><li><a href=\"#\" data-id=\"4\">Secretaria<\/a><\/li><\/ul><ul class=\"sc-tabs-panes\"><li id=\"sc-pane-1\" class=\"active\"><p>Data da Funda\u00e7\u00e3o: 23\/07\/1995<br \/>\nCNPJ: 01.226.927\/0035-56<br \/>\nPopula\u00e7\u00e3o: 2.916 hab.<br \/>\nDist\u00e2ncia da sede: 72,2 km<br \/>\n<\/li>\n<li id=\"sc-pane-2\">\n<p><strong>P\u00c1ROCO<\/strong><br \/>\nPe. Divino Monteiro de Oliveira<\/p>\n<\/li>\n<li id=\"sc-pane-3\">\n<p>Rua Bahia n\u00ba 93, Qd. F, Lt. 3, Pc 159<br \/>\nCEP: 76.205-000<br \/>\nTel.: (64) 3678-1179<br \/>\n<\/li>\n<li id=\"sc-pane-4\">\n<p>Rua Santa Luzia, s\/n\u00ba<br \/>\nTel.: (64) 3678-1179<br \/>\nE-mail: catolicais@hotmail.com<br \/>\n<\/li><\/ul><\/div>\n<div class=\"sc-tabs-wrap\"><ul class=\"sc-tabs\"><li class=\"active\"><a href=\"#\" data-id=\"1\">ADMINISTRA\u00c7\u00d5ES ANTERIORES<\/a><\/li><li><a href=\"#\" data-id=\"2\">COMUNIDADES URBANAS<\/a><\/li><li><a href=\"#\" data-id=\"3\">COMUNIDADES RURAIS<\/a><\/li><\/ul><ul class=\"sc-tabs-panes\"><li id=\"sc-pane-1\" class=\"active\"><p>1940 a 02\/04\/1951<br \/>\nPe. Jos\u00e9 Bessemans<br \/>\n02\/04\/1951 a 03\/03\/1959<br \/>\nPe. Henrique Maria Ciocci, CP<br \/>\n03\/03\/1959 a 06\/07\/1961<br \/>\nPe. Vicente Toben, CP<br \/>\n06\/07\/1961 a 12\/01\/1964<br \/>\nPe. Olavo Sherner, CP<br \/>\n12\/01\/1964 a 30\/08\/1998<br \/>\nPe. Wiro Van Vliet, CP<br \/>\n30\/08\/1998 a 21\/11\/2001<br \/>\nPe. Fernando Domingos Costa, CP<br \/>\n21\/11\/2001 a 31\/07\/2005<br \/>\nPe. C\u00e9lio Amaro de Souza, CP<br \/>\n31\/07\/2005 a 15\/02\/2009<br \/>\nPe. Eleno Marques de Ara\u00fajo, CP<br \/>\n15\/02\/2009 a 11\/07\/2010<br \/>\nPe. Ribamar Divino de Souza, CP<br \/>\n11\/07\/2010 a 11\/07\/2013<br \/>\nPe. Jos\u00e9 Roberto dos Reis, CP<br \/>\n2013\/ 2014<br \/>\nPe. Weslei Pereira de Souza, CP<br \/>\n2018 a 2024<br \/>\nPe. Jorge J\u00falio Luiz Ferreira<br \/>\n<\/li>\n<li id=\"sc-pane-2\">\n<\/li>\n<li id=\"sc-pane-3\">\n<p><strong>Capela S\u00e3o Jo\u00e3o Batista<\/strong><br \/>\nDistrito de Pilo\u00e2ndia \u2013 Av. Bras\u00edlia, s\/n\u00ba<br \/>\n<\/li><\/ul><\/div>[\/vc_column_text][\/vc_column][\/vc_row]\n","protected":false},"excerpt":{"rendered":"<p>[vc_row 0=&#8221;&#8221;][vc_column][vc_column_text 0=&#8221;&#8221;] [\/vc_column_text][\/vc_column][\/vc_row]<\/p>\n","protected":false},"author":2,"featured_media":8621,"parent":0,"menu_order":0,"comment_status":"closed","ping_status":"closed","template":"","meta":{"ub_ctt_via":"","footnotes":""},"class_list":["post-16011","page","type-page","status-publish","has-post-thumbnail"],"featured_image_src":"https:\/\/www.diocesesaoluis.org.br\/home\/wp-content\/uploads\/2020\/05\/saojoaobosco.png","_links":{"self":[{"href":"https:\/\/www.diocesesaoluis.org.br\/home\/wp-json\/wp\/v2\/pages\/16011","targetHints":{"allow":["GET"]}}],"collection":[{"href":"https:\/\/www.diocesesaoluis.org.br\/home\/wp-json\/wp\/v2\/pages"}],"about":[{"href":"https:\/\/www.diocesesaoluis.org.br\/home\/wp-json\/wp\/v2\/types\/page"}],"author":[{"embeddable":true,"href":"https:\/\/www.diocesesaoluis.org.br\/home\/wp-json\/wp\/v2\/users\/2"}],"replies":[{"embeddable":true,"href":"https:\/\/www.diocesesaoluis.org.br\/home\/wp-json\/wp\/v2\/comments?post=16011"}],"version-history":[{"count":2,"href":"https:\/\/www.diocesesaoluis.org.br\/home\/wp-json\/wp\/v2\/pages\/16011\/revisions"}],"predecessor-version":[{"id":17702,"href":"https:\/\/www.diocesesaoluis.org.br\/home\/wp-json\/wp\/v2\/pages\/16011\/revisions\/17702"}],"wp:featuredmedia":[{"embeddable":true,"href":"https:\/\/www.diocesesaoluis.org.br\/home\/wp-json\/wp\/v2\/media\/8621"}],"wp:attachment":[{"href":"https:\/\/www.diocesesaoluis.org.br\/home\/wp-json\/wp\/v2\/media?parent=16011"}],"curies":[{"name":"wp","href":"https:\/\/api.w.org\/{rel}","templated":true}]}}