{"id":15986,"date":"2023-03-06T09:38:09","date_gmt":"2023-03-06T12:38:09","guid":{"rendered":"https:\/\/www.diocesesaoluis.org.br\/home\/?page_id=15986"},"modified":"2024-08-05T12:00:24","modified_gmt":"2024-08-05T15:00:24","slug":"paroquia-sao-cristovao-cezarina","status":"publish","type":"page","link":"https:\/\/www.diocesesaoluis.org.br\/home\/paroquia-sao-cristovao-cezarina\/","title":{"rendered":"Par\u00f3quia S\u00e3o Crist\u00f3v\u00e3o &#8211; Cezarina"},"content":{"rendered":"<p style=\"text-align: left;\">[vc_row 0=&#8221;&#8221;][vc_column][vc_column_text 0=&#8221;&#8221;]<div class=\"sc-tabs-wrap\"><ul class=\"sc-tabs\"><li class=\"active\"><a href=\"#\" data-id=\"1\">Dados da par\u00f3quia<\/a><\/li><li><a href=\"#\" data-id=\"2\">Administra\u00e7\u00e3o<\/a><\/li><li><a href=\"#\" data-id=\"3\">Casa Paroquial<\/a><\/li><li><a href=\"#\" data-id=\"4\">Secretaria<\/a><\/li><\/ul><ul class=\"sc-tabs-panes\"><li id=\"sc-pane-1\" class=\"active\"><p>Data da Funda\u00e7\u00e3o: 01\/01\/1994<br \/>\nCNPJ: 01.226.927\/0025-84<br \/>\nDist\u00e2ncia da sede: 108 km<br \/>\nHabitantes: 7.731 hab.<br \/>\n<\/li>\n<li id=\"sc-pane-2\">\n<p><strong>P\u00c1ROCO<\/strong><br \/>\nPe. M\u00e1rcio Jean da Silva<\/p>\n<\/li>\n<li id=\"sc-pane-3\">\n<p>Av. Palmeiras \u2013 Qd. 10 \u2013 Lt. 03 \u2013 C entro<br \/>\nCEP: 76195-000<br \/>\nTel.: (64) 3543-1530<br \/>\n<\/li>\n<li id=\"sc-pane-4\">\n<p>Av. Luiz Candido de Almeida, N\u00ba449<br \/>\nTel.: (64) 3543-1151<br \/>\nEmail: paroquia_cristovaocezarina@hotmail.com<br \/>\n<\/li><\/ul><\/div>\n<div class=\"sc-tabs-wrap\"><ul class=\"sc-tabs\"><li class=\"active\"><a href=\"#\" data-id=\"1\">ADMINISTRA\u00c7\u00d5ES ANTERIORES<\/a><\/li><li><a href=\"#\" data-id=\"2\">COMUNIDADES URBANAS<\/a><\/li><li><a href=\"#\" data-id=\"3\">COMUNIDADES RURAIS<\/a><\/li><\/ul><ul class=\"sc-tabs-panes\"><li id=\"sc-pane-1\" class=\"active\"><p>Pe. Ant\u00f4nio Vermey<br \/>\nPe. Ronaldo Faria<br \/>\nPe. Carlos Arante de Gouv\u00eaa<br \/>\n2017 a 2024<br \/>\nPe. Josimar Jos\u00e9 dos Santos<br \/>\n<\/li>\n<li id=\"sc-pane-2\">\n<p><strong>Capela Santa Luzia<\/strong> \u2013 Setor Maria Franco<br \/>\n<strong>Comunidade Pe. Josimo<\/strong> \u2013 Setor Cal\u00e2ndia<br \/>\n<strong>Abrigo dos Idosos<\/strong> \u2013 Setor Cal\u00e2ndia<br \/>\n<\/li>\n<li id=\"sc-pane-3\">\n<p><strong>Comunidade Sagrada Fam\u00edlia<\/strong><br \/>\nPovoado de Gameleira<br \/>\n<strong>Comunidade Divino Pai Eterno<\/strong><br \/>\nFazenda Boa Vista III<br \/>\n<strong>Capela Nossa Senhora das Gra\u00e7as<\/strong><br \/>\nFazenda Boa Vista II<br \/>\n<strong>Comunidade Nossa Senhora Aparecida<\/strong><br \/>\nFazenda Boa Vista I<br \/>\n<strong>Comunidade S\u00e3o Sebasti\u00e3<\/strong>o<br \/>\nPovoado de Linda Vista<br \/>\n<strong>Comunidade Santa Paulina<\/strong><br \/>\nFazenda Boa Vista<br \/>\n<strong>Comunidade S\u00e3o Bento<\/strong><br \/>\nFazenda S\u00e3o Bento<br \/>\n<strong>Comunidade Santo Ant\u00f4nio<\/strong><br \/>\nFazenda Santa Rita II<br \/>\n<strong>Comunidade Santa Rita de Cassia<\/strong><br \/>\nFazenda Santa Rita<br \/>\n<strong>Comunidade Nossa Senhora da Abadia<\/strong><br \/>\nFazenda Santa Rosa<br \/>\n<\/li><\/ul><\/div>[\/vc_column_text][\/vc_column][\/vc_row]\n","protected":false},"excerpt":{"rendered":"<p>[vc_row 0=&#8221;&#8221;][vc_column][vc_column_text 0=&#8221;&#8221;] [\/vc_column_text][\/vc_column][\/vc_row]<\/p>\n","protected":false},"author":2,"featured_media":8596,"parent":0,"menu_order":0,"comment_status":"closed","ping_status":"closed","template":"","meta":{"ub_ctt_via":"","footnotes":""},"class_list":["post-15986","page","type-page","status-publish","has-post-thumbnail"],"featured_image_src":"https:\/\/www.diocesesaoluis.org.br\/home\/wp-content\/uploads\/2020\/05\/cezarina-1-1024x630-1.jpg","_links":{"self":[{"href":"https:\/\/www.diocesesaoluis.org.br\/home\/wp-json\/wp\/v2\/pages\/15986","targetHints":{"allow":["GET"]}}],"collection":[{"href":"https:\/\/www.diocesesaoluis.org.br\/home\/wp-json\/wp\/v2\/pages"}],"about":[{"href":"https:\/\/www.diocesesaoluis.org.br\/home\/wp-json\/wp\/v2\/types\/page"}],"author":[{"embeddable":true,"href":"https:\/\/www.diocesesaoluis.org.br\/home\/wp-json\/wp\/v2\/users\/2"}],"replies":[{"embeddable":true,"href":"https:\/\/www.diocesesaoluis.org.br\/home\/wp-json\/wp\/v2\/comments?post=15986"}],"version-history":[{"count":3,"href":"https:\/\/www.diocesesaoluis.org.br\/home\/wp-json\/wp\/v2\/pages\/15986\/revisions"}],"predecessor-version":[{"id":17705,"href":"https:\/\/www.diocesesaoluis.org.br\/home\/wp-json\/wp\/v2\/pages\/15986\/revisions\/17705"}],"wp:featuredmedia":[{"embeddable":true,"href":"https:\/\/www.diocesesaoluis.org.br\/home\/wp-json\/wp\/v2\/media\/8596"}],"wp:attachment":[{"href":"https:\/\/www.diocesesaoluis.org.br\/home\/wp-json\/wp\/v2\/media?parent=15986"}],"curies":[{"name":"wp","href":"https:\/\/api.w.org\/{rel}","templated":true}]}}