{"id":15911,"date":"2023-03-01T08:49:24","date_gmt":"2023-03-01T11:49:24","guid":{"rendered":"https:\/\/www.diocesesaoluis.org.br\/home\/?page_id=15911"},"modified":"2026-02-02T09:30:22","modified_gmt":"2026-02-02T12:30:22","slug":"paroquia-nossa-senhora-aparecida-sao-luis-de-montes-belos","status":"publish","type":"page","link":"https:\/\/www.diocesesaoluis.org.br\/home\/paroquia-nossa-senhora-aparecida-sao-luis-de-montes-belos\/","title":{"rendered":"Par\u00f3quia Nossa Senhora Aparecida &#8211; S\u00e3o Lu\u00eds de Montes Belos"},"content":{"rendered":"[vc_row 0=&#8221;&#8221;][vc_column][vc_column_text 0=&#8221;&#8221;]<div class=\"sc-tabs-wrap\"><ul class=\"sc-tabs\"><li class=\"active\"><a href=\"#\" data-id=\"1\">Dados da par\u00f3quia<\/a><\/li><li><a href=\"#\" data-id=\"2\">Administra\u00e7\u00e3o<\/a><\/li><li><a href=\"#\" data-id=\"3\">Casa Paroquial<\/a><\/li><li><a href=\"#\" data-id=\"4\">Secretaria<\/a><\/li><\/ul><ul class=\"sc-tabs-panes\"><li id=\"sc-pane-1\" class=\"active\"><p>Data da Funda\u00e7\u00e3o: 12\/10\/2020<br \/>\nCNPJ:<br \/>\nPopula\u00e7\u00e3o:<br \/>\nDist\u00e2ncia da sede:<br \/>\n<\/li>\n<li id=\"sc-pane-2\">\n<p><strong>P\u00c1ROCO:<br \/>\n<\/strong>Pe. Luiz Carlos Ferreira Braga J\u00fanior<\/p>\n<\/li>\n<li id=\"sc-pane-3\">\n<p>Rua Sta. Rita de C\u00e1ssia, n\u00ba 246 &#8211; St. S\u00e3o Jos\u00e9<br \/>\nCEP: 76100-000<\/p>\n<\/li>\n<li id=\"sc-pane-4\">\n<p>Rua Santa Rita de C\u00e1ssia, n\u00ba 246 &#8211; St. S\u00e3o Jos\u00e9<br \/>\nCEP: 76.100-000<br \/>\nFone: (64) 99285-7559<\/p>\n<\/li><\/ul><\/div>\n<div class=\"sc-tabs-wrap\"><ul class=\"sc-tabs\"><li class=\"active\"><a href=\"#\" data-id=\"1\">ADMINISTRA\u00c7\u00d5ES ANTERIORES<\/a><\/li><li><a href=\"#\" data-id=\"2\">COMUNIDADES URBANAS<\/a><\/li><li><a href=\"#\" data-id=\"3\">COMUNIDADES RURAIS<\/a><\/li><\/ul><ul class=\"sc-tabs-panes\"><li id=\"sc-pane-1\" class=\"active\"><p>2020-2021: Pe. Eduardo Farias de Morais<br \/>\n2021-2025: Pe. Marcus Vin\u00edcius Alves Santiago<\/p>\n<\/li>\n<li id=\"sc-pane-2\">\n<p><strong>Capela S\u00e3o Jo\u00e3o Batista<\/strong><br \/>\nSetor Alto da Boa Vista<br \/>\n<strong>Capela S\u00e3o Francisco de Assis<\/strong><br \/>\nSetor Dona Quininha e Parque das Araras<br \/>\n<strong>Capela Nossa Senhora do Perp\u00e9tuo Socorro<\/strong><br \/>\nParque dos Buritis<br \/>\n<strong>Capela S\u00e3o Paulo da Cruz<\/strong><br \/>\nParque Industrial<\/p>\n<\/li>\n<li id=\"sc-pane-3\">\n<p><strong>Capela S\u00e3o Jos\u00e9<\/strong><br \/>\nMorumbi<br \/>\n<strong>Capela S\u00e3o Sebasti\u00e3o<\/strong><br \/>\nRosal\u00e2ndia<br \/>\n<strong>Capela Santa Teresinha do Menino Jesus<\/strong><br \/>\nRegi\u00e3o dos Buenos<br \/>\n<strong>Comunidade Santa M\u00f4nica <\/strong><br \/>\nRegi\u00e3o da Aldeia Maria e Limoeiro<br \/>\n<strong>Comunidade S\u00e3o Paulo Ap\u00f3stolo<\/strong><br \/>\nRegi\u00e3o Tr\u00eas de Maio<br \/>\n<strong>Comunidade Nossa Senhora Aparecida<\/strong><br \/>\nRegi\u00e3o do Diamantino<\/p>\n<\/li><\/ul><\/div>[\/vc_column_text][\/vc_column][\/vc_row]\n","protected":false},"excerpt":{"rendered":"<p>[vc_row 0=&#8221;&#8221;][vc_column][vc_column_text 0=&#8221;&#8221;] [\/vc_column_text][\/vc_column][\/vc_row]<\/p>\n","protected":false},"author":2,"featured_media":10462,"parent":0,"menu_order":0,"comment_status":"closed","ping_status":"closed","template":"","meta":{"ub_ctt_via":"","footnotes":""},"class_list":["post-15911","page","type-page","status-publish","has-post-thumbnail"],"featured_image_src":"https:\/\/www.diocesesaoluis.org.br\/home\/wp-content\/uploads\/2020\/10\/IMG-20201011-WA0011.jpg","_links":{"self":[{"href":"https:\/\/www.diocesesaoluis.org.br\/home\/wp-json\/wp\/v2\/pages\/15911","targetHints":{"allow":["GET"]}}],"collection":[{"href":"https:\/\/www.diocesesaoluis.org.br\/home\/wp-json\/wp\/v2\/pages"}],"about":[{"href":"https:\/\/www.diocesesaoluis.org.br\/home\/wp-json\/wp\/v2\/types\/page"}],"author":[{"embeddable":true,"href":"https:\/\/www.diocesesaoluis.org.br\/home\/wp-json\/wp\/v2\/users\/2"}],"replies":[{"embeddable":true,"href":"https:\/\/www.diocesesaoluis.org.br\/home\/wp-json\/wp\/v2\/comments?post=15911"}],"version-history":[{"count":3,"href":"https:\/\/www.diocesesaoluis.org.br\/home\/wp-json\/wp\/v2\/pages\/15911\/revisions"}],"predecessor-version":[{"id":18775,"href":"https:\/\/www.diocesesaoluis.org.br\/home\/wp-json\/wp\/v2\/pages\/15911\/revisions\/18775"}],"wp:featuredmedia":[{"embeddable":true,"href":"https:\/\/www.diocesesaoluis.org.br\/home\/wp-json\/wp\/v2\/media\/10462"}],"wp:attachment":[{"href":"https:\/\/www.diocesesaoluis.org.br\/home\/wp-json\/wp\/v2\/media?parent=15911"}],"curies":[{"name":"wp","href":"https:\/\/api.w.org\/{rel}","templated":true}]}}