{"id":15903,"date":"2023-03-01T08:36:29","date_gmt":"2023-03-01T11:36:29","guid":{"rendered":"https:\/\/www.diocesesaoluis.org.br\/home\/?page_id=15903"},"modified":"2026-02-02T09:34:43","modified_gmt":"2026-02-02T12:34:43","slug":"paroquia-divino-espirito-santo-caiaponia","status":"publish","type":"page","link":"https:\/\/www.diocesesaoluis.org.br\/home\/paroquia-divino-espirito-santo-caiaponia\/","title":{"rendered":"Par\u00f3quia Divino Esp\u00edrito Santo &#8211; Caiap\u00f4nia"},"content":{"rendered":"[vc_row 0=&#8221;&#8221;][vc_column][vc_column_text 0=&#8221;&#8221;]<div class=\"sc-tabs-wrap\"><ul class=\"sc-tabs\"><li class=\"active\"><a href=\"#\" data-id=\"1\">Dados da par\u00f3quia<\/a><\/li><li><a href=\"#\" data-id=\"2\">Administra\u00e7\u00e3o<\/a><\/li><li><a href=\"#\" data-id=\"3\">Casa Paroquial<\/a><\/li><li><a href=\"#\" data-id=\"4\">Secretaria<\/a><\/li><\/ul><ul class=\"sc-tabs-panes\"><li id=\"sc-pane-1\" class=\"active\"><p>Data da Funda\u00e7\u00e3o: 13\/04\/1855<br \/>\nCNPJ: 01.226.927\/0008-83<br \/>\nPopula\u00e7\u00e3o: 19.107 hab.<br \/>\nDist\u00e2ncia da sede: 208,8 km<br \/>\n<\/li>\n<li id=\"sc-pane-2\">\n<p><strong>ADMINISTRADOR PAROQUIAL:<\/strong><br \/>\nPe. Thiago Tales Mendes<\/p>\n<\/li>\n<li id=\"sc-pane-3\">\n<p>Avenida Araguaia \u2013 Centro<br \/>\nCEP: 75850-000<br \/>\n<\/li>\n<li id=\"sc-pane-4\">\n<p>Avenida Araguaia, 220 \u2013 Centro<br \/>\nTel.: (64) 99254- 6578<br \/>\nCEP: 75850-000<br \/>\nEmail: paroquiadespiritosantocpa@gmail.com<br \/>\n<\/li><\/ul><\/div>\n<div class=\"sc-tabs-wrap\"><ul class=\"sc-tabs\"><li class=\"active\"><a href=\"#\" data-id=\"1\">ADMINISTRA\u00c7\u00d5ES ANTERIORES<\/a><\/li><li><a href=\"#\" data-id=\"2\">COMUNIDADES URBANAS<\/a><\/li><li><a href=\"#\" data-id=\"3\">COMUNIDADES RURAIS<\/a><\/li><li><a href=\"#\" data-id=\"4\">Di\u00e1cono Permanente<\/a><\/li><\/ul><ul class=\"sc-tabs-panes\"><li id=\"sc-pane-1\" class=\"active\"><p>Abril de 1855 a 1860<br \/>\nP\u00e1roco: Pe. Ant\u00f4nio Dias Paes de Couto<br \/>\n1860 a 1863<br \/>\nP\u00e1roco: Pe. Braz da Costa Oliveira Jardim<br \/>\nJulho 1863 a 1864<br \/>\nP\u00e1roco: Pe. Jo\u00e3o Francisco Guimar\u00e3es<br \/>\n1875 a 1881<br \/>\nP\u00e1roco: Pe. Benjamim Olympio de Paiva<br \/>\nPe. Jo\u00e3o Batista Leite<br \/>\n1884 a 1888<br \/>\nP\u00e1roco: Pe. Pedro de Brithos<br \/>\nFr. Miguel Berthel<br \/>\nFr. Estev\u00e3o Galbais<br \/>\nFr. M. Gil Vilanova<br \/>\n1889 a 1890<br \/>\nP\u00e1roco: Pe. Mariano Ign\u00e1cio de Souza<br \/>\n1892 a 1894<br \/>\nP\u00e1roco: Pe. Joaquim Theodoro Linhares<br \/>\n1894 a 1912<br \/>\nP\u00e1roco: Pe. Joaquim Corn\u00e9lio Braum<br \/>\nFr. Maria Manoel<br \/>\nFr. Victor Nicolau Perron<br \/>\n07\/08\/1913 a 02\/05\/1930<br \/>\nP\u00e1roco: Pe. Jos\u00e9 Senabre Sanromam<br \/>\nPe. Samuel Galbusera<br \/>\n1930 a 07\/02\/1946<br \/>\nP\u00e1roco: Pe. J\u00falio Lopes<br \/>\nPe. Miguel Revilla<br \/>\n08\/02\/1946 a 1947<br \/>\nP\u00e1roco: Pe. Ramon Peres D.E.S.A<br \/>\n1947 a 1950<br \/>\nP\u00e1roco: Pe. Eloy Futos del Pozo<br \/>\nPe. Benjamin Malho<br \/>\n1950 a fevereiro 1951<br \/>\nP\u00e1roco: Pe. Santiago Otorel D.E.S.A<br \/>\nPe. Vito Fernandez<br \/>\nAgosto 1951 a agosto 1954<br \/>\nP\u00e1roco: Pe. Manuel Prieto D.E.S.A<br \/>\nPe. Luiz Valbuena Gomes D.E.S.A<br \/>\nSet. 1954 a Jan. 1957<br \/>\nP\u00e1roco: Pe. Luiz Valbuena Gomes D.E.S.A<br \/>\nJan. 1957 a dezembro 1958<br \/>\nP\u00e1roco: Pe. Eleut\u00e9rio de la Pe\u00f1a D.E.S.A<br \/>\nPe. Mariano Herrero<br \/>\nJan 1959 a Jan 1962<br \/>\nP\u00e1roco: Pe. Venancio van Kuppenveld<br \/>\nPe. Galileu van Doorn<br \/>\nPe. Estanislau van Melis<br \/>\nPe. Mathias<br \/>\nPe. Feliciano Grande<br \/>\n1962 a 1963<br \/>\nP\u00e1roco: Pe. Ant\u00f4nio C.P<br \/>\nPe. Estev\u00e3o C.P<br \/>\nPe. Mathias C.P<br \/>\nPe. Jos\u00e9 Hanraets<br \/>\n1963<br \/>\nP\u00e1roco: Pe. Galileu van Doorn<br \/>\nPe. Jos\u00e9 Hanraets<br \/>\n1964 a 1972<br \/>\nP\u00e1roco: Pe. Roland Theunissen<br \/>\nPe. Galileu van Doorn<br \/>\nPe. Jos\u00e9 Hanraets<br \/>\n1972 a 1975<br \/>\nP\u00e1roco: Pe. Galileu van Doorn<br \/>\nPe. Jos\u00e9 Hanraets<br \/>\n1975 a 1977<br \/>\nP\u00e1roco: Pe. Dioniso Sfredo<br \/>\nPe. Expedito Motta<br \/>\nPe. Nadal Sfredo<br \/>\n1978 a 1979<br \/>\nPe. Quirino<br \/>\nIr. Margarida<br \/>\nPe. Expedito Motta<br \/>\nPe. Guilherme Contart<br \/>\nIr. Margarida<br \/>\nPe. Herm\u00f3genes Jo\u00e3o Scopel, CP.<br \/>\nPe. Jo\u00e3o de Deus<br \/>\n07\/10\/1979 a Janeiro de 1991<br \/>\nP\u00e1roco: Pe. Josef Maria Omblets MSC<br \/>\n1991<br \/>\nAdministradora Paroquial: Ir. Dirlene da<br \/>\nGloria Rodrigues<br \/>\nIr. Gertraud Bido<br \/>\n1992<br \/>\nP\u00e1roco: Pe. S\u00e9rgio Pedro da Silva<br \/>\n1993 a 1996<br \/>\nP\u00e1roco: Pe. Luiz Marcos de Macedo<br \/>\nPe. Eur\u00edpedes Amaro dos Santos<br \/>\nPe. Ant\u00f4nio Carlos de Figueiredo<br \/>\nIr. Sebasti\u00e3o Ant\u00f4nio de Camargo<br \/>\n1996 a 1997<br \/>\nP\u00e1roco: Pe. Wanderley Borges<br \/>\nIr. Alcisio Rodrigues Borges<br \/>\nIr. Dirlene da Gloria Rodrigues<br \/>\nPe. Paulo C\u00e9zar Xavier de Matos<br \/>\nSetembro 1997 a 1998<br \/>\nD. Washington Cruz<br \/>\nD. Homero<br \/>\nPe. Valmir<br \/>\nPe. Carlos Gouv\u00eaa<br \/>\nPe. Fernando Domingos Costa<br \/>\nPe. Geraldo Gabriel Pinto<br \/>\nIr. Cec\u00edlia Lain<br \/>\nPe. Jos\u00e9 Alfeu<br \/>\nIr. Jo\u00e3o Manoel de Santana<br \/>\nPe. Herm\u00f3genes Jo\u00e3o Scopel<br \/>\n02\/02\/1999 a 15\/10\/2001<br \/>\nP\u00e1roco: Pe. Nilo Dias de Andrade<br \/>\nPe. Josef Maria Omblets<br \/>\nIr. Gertraud Bidlo<br \/>\n21\/10\/2001 a 09\/01\/2005<br \/>\nP\u00e1roco: Pe. Jos\u00e9 C. de Oliveira Filho<br \/>\nPe. Josef Maria Omblets<br \/>\nIr. Gertraud Bidlo<br \/>\n05\/02\/2005 a Set 2006<br \/>\nP\u00e1roco: Pe. Maurizio Germiniasi<br \/>\n29\/10\/2006 a 02\/12\/2008<br \/>\nP\u00e1roco: Mons. Ilgo Pedro Schneider<br \/>\n01\/02\/2009 a 31\/01\/2015<br \/>\nP\u00e1roco: Pe. Marcio Jean da Silva<br \/>\n01\/02\/2015 a 16\/08\/2017<br \/>\nP\u00e1roco: Pe. Iran Rodrigo de Sousa Oliveira<br \/>\n2017 a 2021 &#8211; Pe. Carlos Arantes de Gouv\u00eaa<br \/>\n2021 a 2022 &#8211; Pe. Laurito Nazar\u00e9 Alves Deliberto<br \/>\n2022 a 2026 &#8211; Pe. Silas Bruno Ferreira dos Santos<\/p>\n<\/li>\n<li id=\"sc-pane-2\">\n<p><strong>Capela Nossa Senhora Aparecida<\/strong><br \/>\nRua Sebasti\u00e3o Camilo Cruvinel \u2013 Qd. 12<br \/>\nLt. 17 \u2013 Conj. Hab. Jarbas C. Ribeiro<br \/>\n<strong>Capela Santana<\/strong><br \/>\nRua Joaquim Silvestre N\u00ba 934 \u2013 Qd. 83<br \/>\nLt. 12 \u2013 Setor Oeste<br \/>\n<strong>Capela Santa Clara<\/strong><br \/>\nRua Sc8 \u2013 Qd. 2 \u2013 Lt. 24 \u2013 Setor Sta. Clara<br \/>\n<strong>Capela Santo Ant\u00f4nio<\/strong><br \/>\nRua Maria Clara N\u00b0 1.005 \u2013 Qd. 37 \u2013 Lt. 10<br \/>\nSetor Nova Caiap\u00f4nia<br \/>\n<strong>Capela S\u00e3o Geraldo<\/strong><br \/>\nRua E S\/n\u00ba \u2013\u2013 Qd. 6 \u2013 Lt. 1 \u2013 Setor Moraes<br \/>\n<strong>Capela S\u00e3o Jos\u00e9<\/strong><br \/>\nRua Ant\u00f4nio M\u00e1ximo de Oliveira N\u00ba 246<br \/>\nQd. 29 \u2013 Lt. 9 \u2013 Setor Norte<br \/>\n<strong>Capela Santa Luzia<\/strong><br \/>\nRua Rio Claro, Qd. 08 A, L 08, Setor Vila Nova<br \/>\n<strong>Comunidade M\u00e3e da Santa Esperan\u00e7a<\/strong><br \/>\nSetor Aeroporto<br \/>\n(Celebra\u00e7\u00e3o nas Resid\u00eancias)<br \/>\n<strong>Comunidade Nossa Senhora do Ros\u00e1rio<\/strong><br \/>\nSetor Sul (Celebra\u00e7\u00e3o nas Resid\u00eancias)<br \/>\n<\/li>\n<li id=\"sc-pane-3\">\n<p>Assentamento Alcalina<br \/>\n<strong>Capela S\u00e3o Jo\u00e3o Batista<\/strong><br \/>\nAssentamento Cachoeira Bonita<br \/>\n<strong>Capela Nossa Senhora Aparecida<br \/>\n<\/strong>Assentamento D. Carmelo<br \/>\nAssentamento Lagoa da Serra<br \/>\n<strong>Comunidade N. Sra. de F\u00e1tima<br \/>\n<\/strong>Assentamento Nossa Sr\u00aa da Abadia<br \/>\n<strong>Capela N. Sr\u00aa D\u2019abadia<br \/>\n<\/strong>Assentamento Varj\u00e3o<br \/>\n<strong>Comunidade Santa Luzia<br \/>\n<\/strong>Banco da Terra II<br \/>\nBanco da Terra III<br \/>\nComunidade Furninha<br \/>\n<strong>Comunidade N. Sra. Aparecida<br \/>\n<\/strong>Comunidade Inhumas<br \/>\n<strong>Comunidade N. Sra. da Guia<br \/>\n<\/strong>Povoado Planalto Verde<br \/>\n<strong>Capela N. Sra. Aparecida<\/strong><br \/>\n<\/li>\n<li id=\"sc-pane-4\">\n<p><strong>Di\u00e1cono Benjamin de Oliveira Santos<\/strong><\/p>\n<\/li><\/ul><\/div>[\/vc_column_text][\/vc_column][\/vc_row]\n","protected":false},"excerpt":{"rendered":"<p>[vc_row 0=&#8221;&#8221;][vc_column][vc_column_text 0=&#8221;&#8221;] [\/vc_column_text][\/vc_column][\/vc_row]<\/p>\n","protected":false},"author":2,"featured_media":8593,"parent":0,"menu_order":0,"comment_status":"closed","ping_status":"closed","template":"","meta":{"ub_ctt_via":"","footnotes":""},"class_list":["post-15903","page","type-page","status-publish","has-post-thumbnail"],"featured_image_src":"https:\/\/www.diocesesaoluis.org.br\/home\/wp-content\/uploads\/2020\/05\/caiaponia-e1516900940437-337x245-1.jpg","_links":{"self":[{"href":"https:\/\/www.diocesesaoluis.org.br\/home\/wp-json\/wp\/v2\/pages\/15903","targetHints":{"allow":["GET"]}}],"collection":[{"href":"https:\/\/www.diocesesaoluis.org.br\/home\/wp-json\/wp\/v2\/pages"}],"about":[{"href":"https:\/\/www.diocesesaoluis.org.br\/home\/wp-json\/wp\/v2\/types\/page"}],"author":[{"embeddable":true,"href":"https:\/\/www.diocesesaoluis.org.br\/home\/wp-json\/wp\/v2\/users\/2"}],"replies":[{"embeddable":true,"href":"https:\/\/www.diocesesaoluis.org.br\/home\/wp-json\/wp\/v2\/comments?post=15903"}],"version-history":[{"count":2,"href":"https:\/\/www.diocesesaoluis.org.br\/home\/wp-json\/wp\/v2\/pages\/15903\/revisions"}],"predecessor-version":[{"id":18779,"href":"https:\/\/www.diocesesaoluis.org.br\/home\/wp-json\/wp\/v2\/pages\/15903\/revisions\/18779"}],"wp:featuredmedia":[{"embeddable":true,"href":"https:\/\/www.diocesesaoluis.org.br\/home\/wp-json\/wp\/v2\/media\/8593"}],"wp:attachment":[{"href":"https:\/\/www.diocesesaoluis.org.br\/home\/wp-json\/wp\/v2\/media?parent=15903"}],"curies":[{"name":"wp","href":"https:\/\/api.w.org\/{rel}","templated":true}]}}