{"id":15894,"date":"2023-03-01T08:21:19","date_gmt":"2023-03-01T11:21:19","guid":{"rendered":"https:\/\/www.diocesesaoluis.org.br\/home\/?page_id=15894"},"modified":"2026-01-01T15:52:32","modified_gmt":"2026-01-01T18:52:32","slug":"paroquia-menino-jesus-parauna","status":"publish","type":"page","link":"https:\/\/www.diocesesaoluis.org.br\/home\/paroquia-menino-jesus-parauna\/","title":{"rendered":"Par\u00f3quia Menino Jesus &#8211; Para\u00fana"},"content":{"rendered":"[vc_row 0=&#8221;&#8221;][vc_column][vc_column_text 0=&#8221;&#8221;]<div class=\"sc-tabs-wrap\"><ul class=\"sc-tabs\"><li class=\"active\"><a href=\"#\" data-id=\"1\">Dados da par\u00f3quia<\/a><\/li><li><a href=\"#\" data-id=\"2\">Administra\u00e7\u00e3o<\/a><\/li><li><a href=\"#\" data-id=\"3\">Casa Paroquial<\/a><\/li><li><a href=\"#\" data-id=\"4\">Secretaria<\/a><\/li><\/ul><ul class=\"sc-tabs-panes\"><li id=\"sc-pane-1\" class=\"active\"><p>Data da Funda\u00e7\u00e3o: 1953<br \/>\nCNPJ: 01.226.927\/0012-60<br \/>\nPopula\u00e7\u00e3o: 11.210 hab.<br \/>\nDist\u00e2ncia da sede: 60 km<br \/>\n<\/li>\n<li id=\"sc-pane-2\">\n<p><strong>P\u00c1ROCO:<\/strong><br \/>\nPe. Marcus Vin\u00edcius Alves Santiago<\/p>\n<\/li>\n<li id=\"sc-pane-3\">\n<p>Rua Benjamin Constant, n\u00ba 23<br \/>\nCEP: 75.980-000<br \/>\nTel.: (64) 3556-1122<br \/>\n<\/li>\n<li id=\"sc-pane-4\">\n<p>Pra\u00e7a Brasil, Qd. 20, Lt. A1 \u2013 Centro<br \/>\nTel.: (64) 3556-1764<br \/>\nE-mail: paroquiameninojesuscultura@hotmail.com<br \/>\n<\/li><\/ul><\/div>\n<div class=\"sc-tabs-wrap\"><ul class=\"sc-tabs\"><li class=\"active\"><a href=\"#\" data-id=\"1\">ADMINISTRA\u00c7\u00d5ES ANTERIORES<\/a><\/li><li><a href=\"#\" data-id=\"2\">COMUNIDADES URBANAS<\/a><\/li><li><a href=\"#\" data-id=\"3\">COMUNIDADES RURAIS<\/a><\/li><li><a href=\"#\" data-id=\"4\">COMUNIDADE RELIGIOSA<\/a><\/li><\/ul><ul class=\"sc-tabs-panes\"><li id=\"sc-pane-1\" class=\"active\"><p>1957 a 1958 \u2013 Pe. Jos\u00e9 de Sousa Lima e Pe. Jo\u00e3o do Carmelo Xavier<br \/>\n1958 a 1963 \u2013 Pe. Ferdinando de Lucca<br \/>\n1963 a 1972 \u2013 Pe. Pablo Valadares, Pe. Guilherme, Pe. Mathias, Pe. Est\u00eav\u00e3o, Pe. Jos\u00e9 Jhanraesto, Pe. Theodoro, Pe. Jos\u00e9 Kamait, Pe. Gustavo<br \/>\n1972 a 1974 \u2013 Pe. Jo\u00e3o, Ir. Ana Miranda, Ir. Ancelmo, Ir. Claudete, Pe. J\u00falio Negrizzolo<br \/>\n1975 a 1981 \u2013 Ir. Pia Rustemeier, Ir. Maria Rodrigues, Pe. Pio Nicolis, Pe. Galileu, Ir. Alberta Buss, Pe. Pedro, Pe. Silvestro Koepp, Ir. Johana A. Niemam<br \/>\n1981 a 1993 \u2013 Pe. Ven\u00e2ncio Van Kuppenveld<br \/>\n1993 a 2000 \u2013 Ir. Z\u00e9lia Maia, Ir. L\u00facia Donizete, Pe. Carlos Arantes Gouveia<br \/>\n2000 a 2001 \u2013 Ministra Jer\u00f4nyma Vasconcelos de Morais<br \/>\n2001 a 2003 \u2013 Pe. Jovino de Jesus Moreira Soares<br \/>\n2003 \u2013 Di\u00e1cono Carlos Alberto<br \/>\n2004 \u2013 Pe. Maur\u00edcio<br \/>\n2005 a 2008 \u2013 Pe. Jos\u00e9 Moreira<br \/>\n2008 a 2017 &#8211; Pe. Daniel da Costa Ata\u00eddes<br \/>\n2018 a 2024 &#8211; Pe. Geraldo Pereira Neto<br \/>\n2024 a 2025 &#8211; Pe. Pablo Henrique de Faria<br \/>\n<\/li>\n<li id=\"sc-pane-2\">\n<p><strong>Capela N. Senhora Aparecida<\/strong><br \/>\nRua 14, Lt. 01 \u2013 Setor Ponte de Pedra<br \/>\nVila Mutir\u00e3o<br \/>\n<strong>Capela Santa Luzia<\/strong><br \/>\nRua 21 de Abril, Lt. 1 \u2013 Vila Buritizinho<br \/>\n<strong>Capela S\u00e3o Sebasti\u00e3o<\/strong><br \/>\nRua 20, Lt. 01 \u2013 Setor S\u00e3o Sebasti\u00e3o<br \/>\n<\/li>\n<li id=\"sc-pane-3\">\n<p><strong>Povoado Cercado<\/strong><br \/>\nFazenda Cercado, n\u00ba 4 \u2013 Central<br \/>\n<strong>Cruvinel:<\/strong> Fazenda<br \/>\n<strong>Grota-Seca:<\/strong> Fazenda<br \/>\n<strong>Ponte de Pedra<\/strong><br \/>\nRua 11 \u2013 Setor Ponte de Pedra<br \/>\n<strong>Canad\u00e1<\/strong>: Fazenda<br \/>\n<strong>Vila Rica:<\/strong> Fazenda<br \/>\n<strong>Lobeira<\/strong><br \/>\n<\/li>\n<li id=\"sc-pane-4\">\n<p><strong>Irm\u00e3s Ursulinas de Maria Imaculada<br \/>\n<\/strong>Ir. Niudair de Freitas<br \/>\nIr. Rosalina Rebello<br \/>\nIr. Zilda do Carmo Hon\u00f3rio<\/p>\n<\/li><\/ul><\/div>[\/vc_column_text][\/vc_column][\/vc_row]\n","protected":false},"excerpt":{"rendered":"<p>[vc_row 0=&#8221;&#8221;][vc_column][vc_column_text 0=&#8221;&#8221;] [\/vc_column_text][\/vc_column][\/vc_row]<\/p>\n","protected":false},"author":2,"featured_media":8655,"parent":0,"menu_order":0,"comment_status":"closed","ping_status":"closed","template":"","meta":{"ub_ctt_via":"","footnotes":""},"class_list":["post-15894","page","type-page","status-publish","has-post-thumbnail"],"featured_image_src":"https:\/\/www.diocesesaoluis.org.br\/home\/wp-content\/uploads\/2020\/05\/IGREJA-DE-PARAUNA-980x450-1.jpg","_links":{"self":[{"href":"https:\/\/www.diocesesaoluis.org.br\/home\/wp-json\/wp\/v2\/pages\/15894","targetHints":{"allow":["GET"]}}],"collection":[{"href":"https:\/\/www.diocesesaoluis.org.br\/home\/wp-json\/wp\/v2\/pages"}],"about":[{"href":"https:\/\/www.diocesesaoluis.org.br\/home\/wp-json\/wp\/v2\/types\/page"}],"author":[{"embeddable":true,"href":"https:\/\/www.diocesesaoluis.org.br\/home\/wp-json\/wp\/v2\/users\/2"}],"replies":[{"embeddable":true,"href":"https:\/\/www.diocesesaoluis.org.br\/home\/wp-json\/wp\/v2\/comments?post=15894"}],"version-history":[{"count":3,"href":"https:\/\/www.diocesesaoluis.org.br\/home\/wp-json\/wp\/v2\/pages\/15894\/revisions"}],"predecessor-version":[{"id":18739,"href":"https:\/\/www.diocesesaoluis.org.br\/home\/wp-json\/wp\/v2\/pages\/15894\/revisions\/18739"}],"wp:featuredmedia":[{"embeddable":true,"href":"https:\/\/www.diocesesaoluis.org.br\/home\/wp-json\/wp\/v2\/media\/8655"}],"wp:attachment":[{"href":"https:\/\/www.diocesesaoluis.org.br\/home\/wp-json\/wp\/v2\/media?parent=15894"}],"curies":[{"name":"wp","href":"https:\/\/api.w.org\/{rel}","templated":true}]}}