{"id":15838,"date":"2023-02-27T17:14:18","date_gmt":"2023-02-27T20:14:18","guid":{"rendered":"https:\/\/www.diocesesaoluis.org.br\/home\/?page_id=15838"},"modified":"2023-02-28T16:39:52","modified_gmt":"2023-02-28T19:39:52","slug":"pe-rodrigo-alves-ferreira-cp","status":"publish","type":"page","link":"https:\/\/www.diocesesaoluis.org.br\/home\/pe-rodrigo-alves-ferreira-cp\/","title":{"rendered":"Pe. Rodrigo Alves Ferreira, CP."},"content":{"rendered":"[vc_row 0=&#8221;&#8221;][vc_column][vc_column_text 0=&#8221;&#8221;]\n<p style=\"text-align: center;\"><strong><img loading=\"lazy\" decoding=\"async\" class=\"alignleft wp-image-15873 size-medium\" src=\"https:\/\/www.diocesesaoluis.org.br\/home\/wp-content\/uploads\/2023\/02\/WhatsApp-Image-2023-02-28-at-10.24.27-300x295.jpeg\" alt=\"\" width=\"300\" height=\"295\" srcset=\"https:\/\/www.diocesesaoluis.org.br\/home\/wp-content\/uploads\/2023\/02\/WhatsApp-Image-2023-02-28-at-10.24.27-300x295.jpeg 300w, https:\/\/www.diocesesaoluis.org.br\/home\/wp-content\/uploads\/2023\/02\/WhatsApp-Image-2023-02-28-at-10.24.27-1024x1008.jpeg 1024w, https:\/\/www.diocesesaoluis.org.br\/home\/wp-content\/uploads\/2023\/02\/WhatsApp-Image-2023-02-28-at-10.24.27-150x148.jpeg 150w, https:\/\/www.diocesesaoluis.org.br\/home\/wp-content\/uploads\/2023\/02\/WhatsApp-Image-2023-02-28-at-10.24.27.jpeg 1080w\" sizes=\"auto, (max-width: 300px) 100vw, 300px\" \/>FUN\u00c7\u00c3O ATUAL: P\u00e1roco da Par\u00f3quia Nossa Senhora da Guia &#8211; Amorin\u00f3polis<\/strong><\/p>\n<p>Nascimento: 26\/11\/1984<br \/>\nOrdena\u00e7\u00e3o Diaconal: 15\/04\/2012<br \/>\nOrdena\u00e7\u00e3o Presbiteral: 04\/11\/2012[\/vc_column_text][\/vc_column][\/vc_row]\n","protected":false},"excerpt":{"rendered":"<p>[vc_row 0=&#8221;&#8221;][vc_column][vc_column_text 0=&#8221;&#8221;] FUN\u00c7\u00c3O ATUAL: P\u00e1roco da Par\u00f3quia Nossa Senhora da Guia &#8211; Amorin\u00f3polis Nascimento: 26\/11\/1984 Ordena\u00e7\u00e3o Diaconal: 15\/04\/2012 Ordena\u00e7\u00e3o Presbiteral: 04\/11\/2012[\/vc_column_text][\/vc_column][\/vc_row]<\/p>\n","protected":false},"author":2,"featured_media":0,"parent":0,"menu_order":0,"comment_status":"closed","ping_status":"closed","template":"","meta":{"ub_ctt_via":"","footnotes":""},"class_list":["post-15838","page","type-page","status-publish"],"featured_image_src":null,"_links":{"self":[{"href":"https:\/\/www.diocesesaoluis.org.br\/home\/wp-json\/wp\/v2\/pages\/15838","targetHints":{"allow":["GET"]}}],"collection":[{"href":"https:\/\/www.diocesesaoluis.org.br\/home\/wp-json\/wp\/v2\/pages"}],"about":[{"href":"https:\/\/www.diocesesaoluis.org.br\/home\/wp-json\/wp\/v2\/types\/page"}],"author":[{"embeddable":true,"href":"https:\/\/www.diocesesaoluis.org.br\/home\/wp-json\/wp\/v2\/users\/2"}],"replies":[{"embeddable":true,"href":"https:\/\/www.diocesesaoluis.org.br\/home\/wp-json\/wp\/v2\/comments?post=15838"}],"version-history":[{"count":2,"href":"https:\/\/www.diocesesaoluis.org.br\/home\/wp-json\/wp\/v2\/pages\/15838\/revisions"}],"predecessor-version":[{"id":15874,"href":"https:\/\/www.diocesesaoluis.org.br\/home\/wp-json\/wp\/v2\/pages\/15838\/revisions\/15874"}],"wp:attachment":[{"href":"https:\/\/www.diocesesaoluis.org.br\/home\/wp-json\/wp\/v2\/media?parent=15838"}],"curies":[{"name":"wp","href":"https:\/\/api.w.org\/{rel}","templated":true}]}}