{"id":15835,"date":"2023-02-27T17:10:08","date_gmt":"2023-02-27T20:10:08","guid":{"rendered":"https:\/\/www.diocesesaoluis.org.br\/home\/?page_id=15835"},"modified":"2024-08-28T11:20:50","modified_gmt":"2024-08-28T14:20:50","slug":"pe-leonardo-luiz-da-cruz-cp","status":"publish","type":"page","link":"https:\/\/www.diocesesaoluis.org.br\/home\/pe-leonardo-luiz-da-cruz-cp\/","title":{"rendered":"Pe. Leonardo Luiz da Cruz, CP."},"content":{"rendered":"[vc_row 0=&#8221;&#8221;][vc_column][vc_column_text 0=&#8221;&#8221;]\n<p style=\"text-align: center;\"><strong><img loading=\"lazy\" decoding=\"async\" class=\"alignleft wp-image-17915 size-medium\" src=\"https:\/\/www.diocesesaoluis.org.br\/home\/wp-content\/uploads\/2024\/08\/0c4c6a9a-33d8-455e-a896-67f7f47aed09-200x300.jpeg\" alt=\"\" width=\"200\" height=\"300\" srcset=\"https:\/\/www.diocesesaoluis.org.br\/home\/wp-content\/uploads\/2024\/08\/0c4c6a9a-33d8-455e-a896-67f7f47aed09-200x300.jpeg 200w, https:\/\/www.diocesesaoluis.org.br\/home\/wp-content\/uploads\/2024\/08\/0c4c6a9a-33d8-455e-a896-67f7f47aed09-684x1024.jpeg 684w, https:\/\/www.diocesesaoluis.org.br\/home\/wp-content\/uploads\/2024\/08\/0c4c6a9a-33d8-455e-a896-67f7f47aed09-100x150.jpeg 100w, https:\/\/www.diocesesaoluis.org.br\/home\/wp-content\/uploads\/2024\/08\/0c4c6a9a-33d8-455e-a896-67f7f47aed09.jpeg 1004w\" sizes=\"auto, (max-width: 200px) 100vw, 200px\" \/>FUN\u00c7\u00c3O ATUAL: Vig\u00e1rio paroquial da Par\u00f3quia Nossa Senhora Auxiliadora &#8211; Ipor\u00e1<\/strong><\/p>\n<p>Nascimento: 01\/05<br \/>\nOrdena\u00e7\u00e3o Presbiteral: 16\/10\/2020<\/p>\n[\/vc_column_text][\/vc_column][\/vc_row]\n","protected":false},"excerpt":{"rendered":"<p>[vc_row 0=&#8221;&#8221;][vc_column][vc_column_text 0=&#8221;&#8221;] FUN\u00c7\u00c3O ATUAL: Vig\u00e1rio paroquial da Par\u00f3quia Nossa Senhora Auxiliadora &#8211; Ipor\u00e1 Nascimento: 01\/05 Ordena\u00e7\u00e3o Presbiteral: 16\/10\/2020 [\/vc_column_text][\/vc_column][\/vc_row]<\/p>\n","protected":false},"author":2,"featured_media":0,"parent":0,"menu_order":0,"comment_status":"closed","ping_status":"closed","template":"","meta":{"ub_ctt_via":"","footnotes":""},"class_list":["post-15835","page","type-page","status-publish"],"featured_image_src":null,"_links":{"self":[{"href":"https:\/\/www.diocesesaoluis.org.br\/home\/wp-json\/wp\/v2\/pages\/15835","targetHints":{"allow":["GET"]}}],"collection":[{"href":"https:\/\/www.diocesesaoluis.org.br\/home\/wp-json\/wp\/v2\/pages"}],"about":[{"href":"https:\/\/www.diocesesaoluis.org.br\/home\/wp-json\/wp\/v2\/types\/page"}],"author":[{"embeddable":true,"href":"https:\/\/www.diocesesaoluis.org.br\/home\/wp-json\/wp\/v2\/users\/2"}],"replies":[{"embeddable":true,"href":"https:\/\/www.diocesesaoluis.org.br\/home\/wp-json\/wp\/v2\/comments?post=15835"}],"version-history":[{"count":2,"href":"https:\/\/www.diocesesaoluis.org.br\/home\/wp-json\/wp\/v2\/pages\/15835\/revisions"}],"predecessor-version":[{"id":17916,"href":"https:\/\/www.diocesesaoluis.org.br\/home\/wp-json\/wp\/v2\/pages\/15835\/revisions\/17916"}],"wp:attachment":[{"href":"https:\/\/www.diocesesaoluis.org.br\/home\/wp-json\/wp\/v2\/media?parent=15835"}],"curies":[{"name":"wp","href":"https:\/\/api.w.org\/{rel}","templated":true}]}}