{"id":15722,"date":"2023-02-04T10:55:35","date_gmt":"2023-02-04T13:55:35","guid":{"rendered":"https:\/\/www.diocesesaoluis.org.br\/home\/?page_id=15722"},"modified":"2026-02-04T09:19:16","modified_gmt":"2026-02-04T12:19:16","slug":"paroquia-cristo-rei-montes-claros-de-goias","status":"publish","type":"page","link":"https:\/\/www.diocesesaoluis.org.br\/home\/paroquia-cristo-rei-montes-claros-de-goias\/","title":{"rendered":"Par\u00f3quia Cristo Rei &#8211; Montes Claros de Goi\u00e1s"},"content":{"rendered":"[vc_row 0=&#8221;&#8221;][vc_column][vc_column_text 0=&#8221;&#8221;]<div class=\"sc-tabs-wrap\"><ul class=\"sc-tabs\"><li class=\"active\"><a href=\"#\" data-id=\"1\">Dados da par\u00f3quia<\/a><\/li><li><a href=\"#\" data-id=\"2\">Administra\u00e7\u00e3o<\/a><\/li><li><a href=\"#\" data-id=\"3\">Casa Paroquial<\/a><\/li><li><a href=\"#\" data-id=\"4\">Secretaria<\/a><\/li><\/ul><ul class=\"sc-tabs-panes\"><li id=\"sc-pane-1\" class=\"active\"><p>Data da Funda\u00e7\u00e3o: 01\/01\/1978<br \/>\nCNPJ: 01.226.927\/0018-55<br \/>\nPopula\u00e7\u00e3o: 8.230 hab.<br \/>\nDist\u00e2ncia da sede: 180 km<br \/>\n<\/li>\n<li id=\"sc-pane-2\">\n<p><strong>P\u00c1ROCO\u00a0<\/strong><br \/>\nPe. Anderson Aparecido dos Santos, MPS.<\/p>\n<p><strong>VIG\u00c1RIO PAROQUIAL<\/strong><br \/>\nPe. Tales Freitas Nascimento, MPS.<\/p>\n<\/li>\n<li id=\"sc-pane-3\">\n<p>CASA PAROQUIAL<br \/>\nPra\u00e7a Cristo Rei, 58<br \/>\nCEP: 76.255-000<br \/>\nMontes Claros de Goi\u00e1s-GO<\/p>\n<\/li>\n<li id=\"sc-pane-4\">\n<p>Pra\u00e7a Cristo Rei, 58<br \/>\nCEP: 76.255-000 \u2013 Montes Claros de Goi\u00e1s-GO<br \/>\nTel.: (62) 99986-8049<br \/>\nE-mail: paroquiacristorei@hotmail.com.br<br \/>\n<\/li><\/ul><\/div>\n<div class=\"sc-tabs-wrap\"><ul class=\"sc-tabs\"><li class=\"active\"><a href=\"#\" data-id=\"1\">ADMINISTRA\u00c7\u00d5ES ANTERIORES<\/a><\/li><li><a href=\"#\" data-id=\"2\">COMUNIDADES URBANAS<\/a><\/li><li><a href=\"#\" data-id=\"3\">COMUNIDADES RURAIS<\/a><\/li><li><a href=\"#\" data-id=\"4\">DI\u00c1CONOS PERMANENTES<\/a><\/li><li><a href=\"#\" data-id=\"5\">COMUNIDADE RELIGIOSA<\/a><\/li><\/ul><ul class=\"sc-tabs-panes\"><li id=\"sc-pane-1\" class=\"active\"><p>1993 a 1995 \u2013 Pe. Jos\u00e9 Moreira de Souza<br \/>\n1993 a 1995 \u2013 Pe. Sebasti\u00e3o Gouveia Lima<br \/>\n1999 a 2000 \u2013 Pe. Carlos Arantes Gouveia<br \/>\n2000 a 2002 \u2013 Pe. Amauri A. Alves<br \/>\n2003 \u2013 Pe. Ederlucio G. Fernandes, CP<br \/>\n2004 \u2013 Pe. Gibrail Wallendorff<br \/>\n2005 a 2007 \u2013 Pe. Manoel Rejane Viana<br \/>\n2007 a 2008 \u2013 Pe. Jo\u00e3o Carlos A. de Godoi<br \/>\n2008 \u2013 Pe. Andre Luiz de Paula Lico, MPS.<br \/>\n2009 a 2010 \u2013 Pe. Carlos Eduardo Crist\u00f3faro, MPS.<br \/>\n2011 a 2012 \u2013 Pe. Alcides Alexandre de Oliveira Ricci, MPS.<br \/>\n2012 \u2013 Pe. Marcos Rogerio Luchesi, MPS.<br \/>\n2012-2022 &#8211; Pe. Maur\u00edcio Monte, MPS.<br \/>\n2022-2025 &#8211; Pe. Egnaldo Fernandes, MPS.<br \/>\n<\/li>\n<li id=\"sc-pane-2\">\n<p><strong>Comunidade Nossa Senhora Aparecida<\/strong><br \/>\n<\/li>\n<li id=\"sc-pane-3\">\n<p>Comunidade Rainha da Paz<br \/>\nComunidade Nossa Senhora da Guia<br \/>\nComunidade Ponte Alta<br \/>\nComunidade S\u00e3o Francisco de Assis<br \/>\nComunidade Lucil\u00e2ndia<br \/>\nComunidade Registro do Araguaia<br \/>\nComunidade Cristo Rei<br \/>\nComunidade Sagrado Cora\u00e7\u00e3o de Jesus<br \/>\nComunidade Aparecida do Rio Claro<br \/>\nComunidade Divino Pai Eterno<br \/>\nComunidade Morro do Engenho<br \/>\nComunidade Nossa Senhora Aparecida<\/p>\n<\/li>\n<li id=\"sc-pane-4\">\n<p><strong>Di\u00e1cono Jos\u00e9 Djalma Maciel<\/strong><br \/>\nData de nascimento: 08\/08<br \/>\nData da Ordena\u00e7\u00e3o: 06\/02\/2000<br \/>\nNaturalidade: Felisl\u00e2ndia-MG<br \/>\nE-mail: n\u00e3o tem<\/p>\n<p><strong>Di\u00e1cono Valdivino Gouveia Leite<\/strong><br \/>\nNaturalidade: Montes Claros-GO<br \/>\nData de nascimento: 27\/08<br \/>\nData da Ordena\u00e7\u00e3o: 13\/08\/2016<br \/>\nE-mail: valinogouveia@hotmail.com<br \/>\n<\/li>\n<li id=\"sc-pane-5\">\n<p><strong>Comunidade Mission\u00e1ria Provid\u00eancia Sant\u00edssima\u00a0<\/strong><br \/>\nIr. Rosane Sta\u00e9lia da Rocha, MPS.<br \/>\nIr. Elizabeth Cristina de Oliveira Costa, MPS.<\/p>\n<\/li><\/ul><\/div>[\/vc_column_text][\/vc_column][\/vc_row]\n","protected":false},"excerpt":{"rendered":"<p>[vc_row 0=&#8221;&#8221;][vc_column][vc_column_text 0=&#8221;&#8221;] [\/vc_column_text][\/vc_column][\/vc_row]<\/p>\n","protected":false},"author":2,"featured_media":8636,"parent":0,"menu_order":0,"comment_status":"closed","ping_status":"closed","template":"","meta":{"ub_ctt_via":"","footnotes":""},"class_list":["post-15722","page","type-page","status-publish","has-post-thumbnail"],"featured_image_src":"https:\/\/www.diocesesaoluis.org.br\/home\/wp-content\/uploads\/2020\/05\/IMG-20170703-WA0007-300x169-1.jpg","_links":{"self":[{"href":"https:\/\/www.diocesesaoluis.org.br\/home\/wp-json\/wp\/v2\/pages\/15722","targetHints":{"allow":["GET"]}}],"collection":[{"href":"https:\/\/www.diocesesaoluis.org.br\/home\/wp-json\/wp\/v2\/pages"}],"about":[{"href":"https:\/\/www.diocesesaoluis.org.br\/home\/wp-json\/wp\/v2\/types\/page"}],"author":[{"embeddable":true,"href":"https:\/\/www.diocesesaoluis.org.br\/home\/wp-json\/wp\/v2\/users\/2"}],"replies":[{"embeddable":true,"href":"https:\/\/www.diocesesaoluis.org.br\/home\/wp-json\/wp\/v2\/comments?post=15722"}],"version-history":[{"count":8,"href":"https:\/\/www.diocesesaoluis.org.br\/home\/wp-json\/wp\/v2\/pages\/15722\/revisions"}],"predecessor-version":[{"id":18808,"href":"https:\/\/www.diocesesaoluis.org.br\/home\/wp-json\/wp\/v2\/pages\/15722\/revisions\/18808"}],"wp:featuredmedia":[{"embeddable":true,"href":"https:\/\/www.diocesesaoluis.org.br\/home\/wp-json\/wp\/v2\/media\/8636"}],"wp:attachment":[{"href":"https:\/\/www.diocesesaoluis.org.br\/home\/wp-json\/wp\/v2\/media?parent=15722"}],"curies":[{"name":"wp","href":"https:\/\/api.w.org\/{rel}","templated":true}]}}