{"id":15614,"date":"2023-01-24T14:42:59","date_gmt":"2023-01-24T17:42:59","guid":{"rendered":"https:\/\/www.diocesesaoluis.org.br\/home\/?page_id=15614"},"modified":"2023-01-24T15:28:01","modified_gmt":"2023-01-24T18:28:01","slug":"iniciacao-a-vida-crista","status":"publish","type":"page","link":"https:\/\/www.diocesesaoluis.org.br\/home\/iniciacao-a-vida-crista\/","title":{"rendered":"Inicia\u00e7\u00e3o \u00e0 Vida Crist\u00e3"},"content":{"rendered":"\n<p><strong><a rel=\"noreferrer noopener\" href=\"https:\/\/www.diocesesaoluis.org.br\/home\/pastoral-catequetica\/\" target=\"_blank\">Pastoral Catequ\u00e9tica<\/a><br>Pastoral Familiar<br>Pastoral Lit\u00fargica<\/strong><br>Pastoral do Batismo<br>Ministros Extraordin\u00e1rios<br>Coroinhas e Ac\u00f3litos<\/p>\n","protected":false},"excerpt":{"rendered":"<p>Pastoral Catequ\u00e9ticaPastoral FamiliarPastoral Lit\u00fargicaPastoral do BatismoMinistros Extraordin\u00e1riosCoroinhas e Ac\u00f3litos<\/p>\n","protected":false},"author":2,"featured_media":0,"parent":0,"menu_order":0,"comment_status":"closed","ping_status":"closed","template":"","meta":{"ub_ctt_via":"","footnotes":""},"class_list":["post-15614","page","type-page","status-publish"],"featured_image_src":null,"_links":{"self":[{"href":"https:\/\/www.diocesesaoluis.org.br\/home\/wp-json\/wp\/v2\/pages\/15614","targetHints":{"allow":["GET"]}}],"collection":[{"href":"https:\/\/www.diocesesaoluis.org.br\/home\/wp-json\/wp\/v2\/pages"}],"about":[{"href":"https:\/\/www.diocesesaoluis.org.br\/home\/wp-json\/wp\/v2\/types\/page"}],"author":[{"embeddable":true,"href":"https:\/\/www.diocesesaoluis.org.br\/home\/wp-json\/wp\/v2\/users\/2"}],"replies":[{"embeddable":true,"href":"https:\/\/www.diocesesaoluis.org.br\/home\/wp-json\/wp\/v2\/comments?post=15614"}],"version-history":[{"count":5,"href":"https:\/\/www.diocesesaoluis.org.br\/home\/wp-json\/wp\/v2\/pages\/15614\/revisions"}],"predecessor-version":[{"id":15641,"href":"https:\/\/www.diocesesaoluis.org.br\/home\/wp-json\/wp\/v2\/pages\/15614\/revisions\/15641"}],"wp:attachment":[{"href":"https:\/\/www.diocesesaoluis.org.br\/home\/wp-json\/wp\/v2\/media?parent=15614"}],"curies":[{"name":"wp","href":"https:\/\/api.w.org\/{rel}","templated":true}]}}