{"id":15199,"date":"2022-10-07T18:16:50","date_gmt":"2022-10-07T21:16:50","guid":{"rendered":"https:\/\/www.diocesesaoluis.org.br\/home\/?page_id=15199"},"modified":"2026-02-04T09:14:36","modified_gmt":"2026-02-04T12:14:36","slug":"vida-consagrada","status":"publish","type":"page","link":"https:\/\/www.diocesesaoluis.org.br\/home\/vida-consagrada\/","title":{"rendered":"Vida Consagrada"},"content":{"rendered":"[vc_row][vc_column 0=&#8221;&#8221;][vc_column_text]\n<\/p>\n\n\n<p class=\"has-medium-font-size\"><strong>MASCULINA<\/strong><\/p>\n\n\n<h4><strong>Congrega\u00e7\u00e3o Passionista<\/strong><\/h4>\n<p>Pe. Ademir Guedes Azevedo, CP.<br \/><a href=\"https:\/\/www.diocesesaoluis.org.br\/home\/pe-leonardo-luiz-da-cruz-cp\/\" target=\"_blank\" rel=\"noopener\">Pe. Leonardo Luiz da Cruz, CP.<\/a><br \/>Pe. Marcos Vinicius Alves de Oliveira, CP.<br \/>Pe. Ribamar Divino Vieira de Souza, CP.<br \/><a href=\"https:\/\/www.diocesesaoluis.org.br\/home\/pe-rodrigo-alves-ferreira-cp\/\" target=\"_blank\" rel=\"noopener noreferrer\">Pe. Rodrigo Alves Ferreira, CP.<\/a><br \/><a href=\"http:\/\/www.diocesesaoluis.org.br\/home\/2020\/05\/07\/pe-tarcilio-jose-da-maia-cp\/\">Pe. Tarc\u00edlio Jos\u00e9 da Maia, CP.<\/a><\/p>\n<h4><strong>Comunidade Mission\u00e1ria Provid\u00eancia Sant\u00edssima<\/strong><\/h4>\n<p>Pe. Anderson Aparecido dos Santos, MPS.<br \/>Pe. Tales Freitas Nascimento, MPS.<\/p>\n\n\n<\/p>\n<hr class=\"wp-block-separator has-text-color has-background has-vivid-red-background-color has-vivid-red-color is-style-wide\" \/>\n<p>\n\n\n\n<p class=\"has-medium-font-size\"><strong>FEMININA<\/strong><\/p>\n\n\n<h4><strong>Beneditinas da Divina Provid\u00eancia (Aragar\u00e7as)<\/strong><\/h4>\n<p>Ir. Angelina Cabrera Ben\u00edtez<br \/>Ir. Juldina Fontanela<br \/>Ir. Lavina Josline<\/p>\n<p><strong>Dominicanas do Santo Ros\u00e1rio (Ipor\u00e1)<\/strong><br \/>Ir. Silvia de Oliveira David<br \/>Ir. Eliete Alves dos Santos<\/p>\n<h4><strong>Mission\u00e1rias Claretianas (Aragar\u00e7as)<\/strong><\/h4>\n<p>Ir. Maria Salete do Nascimento<br \/>Ir. Ol\u00edmpia Soares<\/p>\n<h4><strong>Mission\u00e1rias da Provid\u00eancia Sant\u00edssima (Montes Claros de Goi\u00e1s)<br \/><\/strong><\/h4>\n<p>Ir. Rosane Sta\u00e9lia da Rocha, MPS.<br \/>Ir. Elizabeth Cristina de Oliveira Costa, MPS.<\/p>\n<h4>Miss\u00e3o Intercongregacional (Baliza)<\/h4>\n<p>Ir. Eva Rosa da Silva (Instituto das Irm\u00e3s Franciscanas de Cristo Rei)<br \/>Ir. Maria Auxiliadora Teixeira (Congrega\u00e7\u00e3o das Irm\u00e3s Carmelitas)<br \/>Ir. Maria Teixeira Filho (Religiosas da Assun\u00e7\u00e3o)<\/p>\n<h4><strong>Filhas da Pobreza do Sant\u00edssimo Sacramento (S\u00e3o Lu\u00eds de Montes Belos)<br \/><\/strong><\/h4>\n<p><strong>Guardi\u00e3 e Mestra:<\/strong> Ir. Suriele<br \/><strong>Cust\u00f3dia:<\/strong> Ir. Maria Rafaelina<br \/>Ir. Agnes<br \/>Ir. Sara<br \/>Ir. Ingrind <br \/>Ir. Abgail<br \/>Ir. Ana<br \/>Ir. Maria Fidelis<\/p>\n<h4><strong>Ursulinas de Maria Imaculada (Para\u00fana)<\/strong><\/h4>\n<p>Ir. Silvana<br \/>Ir. Rosalina Rebello<br \/>Ir. Zilda do Carmo Hon\u00f3rio<\/p>\n[\/vc_column_text][\/vc_column][\/vc_row]","protected":false},"excerpt":{"rendered":"<p>[vc_row][vc_column 0=&#8221;&#8221;][vc_column_text] MASCULINA Congrega\u00e7\u00e3o Passionista Pe. Ademir Guedes Azevedo, CP.Pe. Leonardo Luiz da Cruz, CP.Pe. Marcos Vinicius Alves de Oliveira, CP.Pe. Ribamar Divino Vieira de Souza, CP.Pe. Rodrigo Alves Ferreira, CP.Pe. Tarc\u00edlio Jos\u00e9 da Maia, CP. Comunidade Mission\u00e1ria Provid\u00eancia Sant\u00edssima Pe. Anderson Aparecido dos Santos, MPS.Pe. Tales Freitas Nascimento, MPS. FEMININA Beneditinas da Divina Provid\u00eancia<span class=\"read-more arrow\"><a href=\"https:\/\/www.diocesesaoluis.org.br\/home\/vida-consagrada\/\" title=\"Read More\">&rarr;<\/a><\/span><\/p>\n","protected":false},"author":2,"featured_media":0,"parent":0,"menu_order":0,"comment_status":"closed","ping_status":"closed","template":"page-blocks.php","meta":{"ub_ctt_via":"","footnotes":""},"class_list":["post-15199","page","type-page","status-publish"],"featured_image_src":null,"_links":{"self":[{"href":"https:\/\/www.diocesesaoluis.org.br\/home\/wp-json\/wp\/v2\/pages\/15199","targetHints":{"allow":["GET"]}}],"collection":[{"href":"https:\/\/www.diocesesaoluis.org.br\/home\/wp-json\/wp\/v2\/pages"}],"about":[{"href":"https:\/\/www.diocesesaoluis.org.br\/home\/wp-json\/wp\/v2\/types\/page"}],"author":[{"embeddable":true,"href":"https:\/\/www.diocesesaoluis.org.br\/home\/wp-json\/wp\/v2\/users\/2"}],"replies":[{"embeddable":true,"href":"https:\/\/www.diocesesaoluis.org.br\/home\/wp-json\/wp\/v2\/comments?post=15199"}],"version-history":[{"count":38,"href":"https:\/\/www.diocesesaoluis.org.br\/home\/wp-json\/wp\/v2\/pages\/15199\/revisions"}],"predecessor-version":[{"id":18801,"href":"https:\/\/www.diocesesaoluis.org.br\/home\/wp-json\/wp\/v2\/pages\/15199\/revisions\/18801"}],"wp:attachment":[{"href":"https:\/\/www.diocesesaoluis.org.br\/home\/wp-json\/wp\/v2\/media?parent=15199"}],"curies":[{"name":"wp","href":"https:\/\/api.w.org\/{rel}","templated":true}]}}