{"id":14808,"date":"2022-06-24T21:56:30","date_gmt":"2022-06-25T00:56:30","guid":{"rendered":"https:\/\/www.diocesesaoluis.org.br\/home\/?page_id=14808"},"modified":"2023-06-16T10:15:25","modified_gmt":"2023-06-16T13:15:25","slug":"vocacoes-seja-padre","status":"publish","type":"page","link":"https:\/\/www.diocesesaoluis.org.br\/home\/vocacoes-seja-padre\/","title":{"rendered":"Voca\u00e7\u00f5es: Seja Padre!"},"content":{"rendered":"\n<p>Meu irm\u00e3o, comecemos do t\u00edtulo. Por que VOCA\u00c7\u00d5ES no plural? Obviamente porque existem diversas voca\u00e7\u00f5es. N\u00e3o \u00e9 s\u00f3 para ser Padre. Ent\u00e3o, por que \u201cSEJA PADRE!\u201d, um imperativo? Porque talvez essa seja a \u00fanica oportunidade de te apresentar essa possibilidade, esse convite, esse imperativo: Seja Padre!<\/p>\n\n\n\n<p>Quando era ainda adolescente, tive por professora de matem\u00e1tica a irm\u00e3 Maria Augusta. Um dia, durante o intervalo da aula, ela se aproximou e perguntou com seu t\u00edpico sotaque baiano: <em>Laurito, j\u00e1 pensou em ser Padre?<\/em> Eu prontamente respondi que n\u00e3o, ao que ela retrucou: <strong><em>Pois pense!<\/em><\/strong> E nunca mais deixei de pensar nisso.<\/p>\n\n\n\n<p>Eis o que desejo partilhar contigo, caro leitor: <strong><em>Ser Padre \u00e9 um imperativo. Pense nisso!<\/em><\/strong> \u00c9 fruto de um encontro pessoal com Deus que n\u00e3o me d\u00e1 outra possibilidade, outro modo de segui-lo, se quero ser feliz. Ser Padre \u00e9 entrar em si, acordar para a Vida (cf. Lc 15,17), entrar pela porta que \u00e9 Cristo e encontrar uma liberdade sem igual, que s\u00f3 Ele pode dar (cf. Jo 10,9). Ser Padre \u00e9 viver o mist\u00e9rio de levar as pessoas at\u00e9 Deus e trazer Deus a elas. Ser Padre \u00e9 mergulhar nas profundezas inimagin\u00e1veis do mist\u00e9rio de Deus. Ser Padre \u00e9 ser Pai de uma multid\u00e3o, \u00e9 ser Esposo de uma s\u00f3 Igreja. Ser Padre \u00e9 amar servindo, servir oferecendo e oferecer amando. Ser Padre \u00e9 ser pastor sem nunca deixar de ser ovelha do eterno Bom Pastor, nosso Senhor Jesus Cristo. Ser Padre \u00e9 ser homem de Deus.<\/p>\n\n\n\n<p>Te digo: <strong><em>Seja Padre!<\/em><\/strong> Porque se essa for sua voca\u00e7\u00e3o, se esse for o seu chamado, se esse for o modo como Deus quer que voc\u00ea gaste a sua vida, se esse for o modo como Deus te far\u00e1 santo e te levar\u00e1 ao c\u00e9u, \u00e9 assim que vai entender sua voca\u00e7\u00e3o, como um imperativo, de Deus mesmo. E ent\u00e3o, depois dessa descoberta, ser\u00e1 d\u00f3cil ao Esp\u00edrito; paciente nas demoras de Deus; disciplinado na busca das virtudes e radical na fuga dos v\u00edcios e corre\u00e7\u00e3o dos maus h\u00e1bitos; aprender\u00e1 a acolher com humildade as corre\u00e7\u00e3o e mudan\u00e7as necess\u00e1rias; aprender\u00e1 a viver em constante processo de convers\u00e3o; ser\u00e1 aberto \u00e0 conviv\u00eancia fraterna fugindo dos melindres e ego\u00edsmos; vai empreender um caminho de conhecimento das coisas de Deus e da Igreja lutando contra a vaidade e almejando verdadeiramente a humildade; detestar\u00e1 a mentira e a fofoca; alegrar-se-\u00e1 com a felicidade do outro e aprender\u00e1 a aproveitar todas as oportunidades que aparecerem para ajudar e ser generoso; chorar\u00e1 de tristeza ao ver algu\u00e9m sofrendo e\/ou se distanciando de Deus. Enfim, ver\u00e1s que quando chegar a Ordena\u00e7\u00e3o, ser\u00e1 a confirma\u00e7\u00e3o de uma configura\u00e7\u00e3o j\u00e1 em constru\u00e7\u00e3o desde o seu nascimento. Uma configura\u00e7\u00e3o pessoal ao cora\u00e7\u00e3o misericordioso de Jesus Cristo. Uma configura\u00e7\u00e3o real, concreta, palp\u00e1vel no seu dia a dia, nas suas lutas e gra\u00e7as di\u00e1rias, e n\u00e3o ideal ou ilus\u00f3ria. E perceber\u00e1 que todos que passaram pela sua vida s\u00f3 te ajudaram a ser mais o que se \u00e9 chamado a ser.<\/p>\n\n\n\n<p><strong><em>Seja Padre!<\/em><\/strong> N\u00e3o por teimosia, mas por amor a Cristo. Seja Padre! N\u00e3o porque te dizem que \u00e9 essa a sua voca\u00e7\u00e3o, mas porque encontraste verdadeira, pessoal e concretamente aquele que te chama. Seja Padre! N\u00e3o porque n\u00e3o v\u00ea outra possibilidade de vida, mas porque encontraste o \u00fanico modo de viver que te realiza e te d\u00e1 sentido para acordar e trabalhar. Seja Padre! Nem porque voc\u00ea quer ser Padre, mas porque aprendeu a desejar, sobre todas as coisas, fazer a Vontade de Deus em sua vida. Seja Padre! N\u00e3o porque desejas uma vida de facilidades, mas porque deseja lutar pela pr\u00f3pria santidade e santifica\u00e7\u00e3o dos outros. Seja Padre! N\u00e3o porque a Igreja est\u00e1 carente de Padres, mas porque seu cora\u00e7\u00e3o arde e desejas colocar-se a caminho para evangelizar (cf. Lc 24,32-33), colaborando sempre com a maternidade da Igreja, que sempre gera novas voca\u00e7\u00f5es.<\/p>\n\n\n\n<p>Perceba-se, antes de qualquer coisa, vocacionado. Perceba-se chamado por Deus, que te Ama, te Salva e te quer Feliz. Perceba-se amado e n\u00e3o tenhas medo de amar a Deus. Isso mesmo, repito: N\u00e3o tenhas medo de amar a Deus. \u201cUm bom discernimento \u00e9 um caminho de liberdade que faz aflorar a realidade singular de cada pessoa, aquilo que \u00e9 t\u00e3o seu, t\u00e3o pessoal, que s\u00f3 Deus sabe\u201d (<em>ChrV<\/em>, 295) e aos poucos Ele mesmo vai te revelando. A voca\u00e7\u00e3o se descobre a caminho e o segredo de toda voca\u00e7\u00e3o \u00e9 uma pessoa: Jesus Cristo. Ser Padre \u00e9 uma possibilidade. Acredite nisso. Acredite na capacidade da Igreja de te ajudar a discernir sua voca\u00e7\u00e3o. Acredite! N\u00e3o tenhas medo! Ser Padre \u00e9 simplesmente&#8230; maravilhoso!<\/p>\n\n\n\n<p class=\"has-text-align-right\"><em>Padre Laurito Nazar\u00e9 Alves Deliberto<br>Coordenador Diocesano da Pastoral Vocacional<\/em><\/p>\n\n\n\n<p><strong>LEIA TAMB\u00c9M:<\/strong><\/p>\n\n\n<ul class=\"wp-block-latest-posts__list aligncenter wp-block-latest-posts\"><li><div class=\"wp-block-latest-posts__featured-image alignleft\"><img loading=\"lazy\" decoding=\"async\" width=\"150\" height=\"100\" src=\"https:\/\/www.diocesesaoluis.org.br\/home\/wp-content\/uploads\/2025\/12\/591167106_18336734350226561_708020696614251407_n-150x100.jpg\" class=\"attachment-thumbnail size-thumbnail wp-post-image\" alt=\"\" style=\"\" srcset=\"https:\/\/www.diocesesaoluis.org.br\/home\/wp-content\/uploads\/2025\/12\/591167106_18336734350226561_708020696614251407_n-150x100.jpg 150w, https:\/\/www.diocesesaoluis.org.br\/home\/wp-content\/uploads\/2025\/12\/591167106_18336734350226561_708020696614251407_n-300x201.jpg 300w, https:\/\/www.diocesesaoluis.org.br\/home\/wp-content\/uploads\/2025\/12\/591167106_18336734350226561_708020696614251407_n-1024x685.jpg 1024w, https:\/\/www.diocesesaoluis.org.br\/home\/wp-content\/uploads\/2025\/12\/591167106_18336734350226561_708020696614251407_n-252x167.jpg 252w, https:\/\/www.diocesesaoluis.org.br\/home\/wp-content\/uploads\/2025\/12\/591167106_18336734350226561_708020696614251407_n.jpg 1440w\" sizes=\"auto, (max-width: 150px) 100vw, 150px\" \/><\/div><a class=\"wp-block-latest-posts__post-title\" href=\"https:\/\/www.diocesesaoluis.org.br\/home\/2025\/12\/24\/seminarista-lucas-e-ordenado-por-dom-lindomar-rocha-como-diacono-transitorio\/\">Seminarista Lucas \u00e9 ordenado por Dom Lindomar Rocha como di\u00e1cono transit\u00f3rio<\/a><div class=\"wp-block-latest-posts__post-excerpt\">No dia 2 de dezembro, aconteceu a Solene Celebra\u00e7\u00e3o Eucar\u00edstica de Ordena\u00e7\u00e3o<span class=\"read-more arrow\"><a href=\"https:\/\/www.diocesesaoluis.org.br\/home\/2025\/12\/24\/seminarista-lucas-e-ordenado-por-dom-lindomar-rocha-como-diacono-transitorio\/\" title=\"Read More\">&rarr;<\/a><\/span><\/div><\/li>\n<li><div class=\"wp-block-latest-posts__featured-image alignleft\"><img loading=\"lazy\" decoding=\"async\" width=\"150\" height=\"139\" src=\"https:\/\/www.diocesesaoluis.org.br\/home\/wp-content\/uploads\/2025\/10\/557709973_1231506305669536_1695480360094326727_n-150x139.jpg\" class=\"attachment-thumbnail size-thumbnail wp-post-image\" alt=\"\" style=\"\" srcset=\"https:\/\/www.diocesesaoluis.org.br\/home\/wp-content\/uploads\/2025\/10\/557709973_1231506305669536_1695480360094326727_n-150x139.jpg 150w, https:\/\/www.diocesesaoluis.org.br\/home\/wp-content\/uploads\/2025\/10\/557709973_1231506305669536_1695480360094326727_n-300x278.jpg 300w, https:\/\/www.diocesesaoluis.org.br\/home\/wp-content\/uploads\/2025\/10\/557709973_1231506305669536_1695480360094326727_n-1024x949.jpg 1024w, https:\/\/www.diocesesaoluis.org.br\/home\/wp-content\/uploads\/2025\/10\/557709973_1231506305669536_1695480360094326727_n.jpg 1440w\" sizes=\"auto, (max-width: 150px) 100vw, 150px\" \/><\/div><a class=\"wp-block-latest-posts__post-title\" href=\"https:\/\/www.diocesesaoluis.org.br\/home\/2025\/10\/06\/encontro-vocacional-e-realizado-no-seminario-maior\/\">Encontro Vocacional \u00e9 realizado no Semin\u00e1rio Maior<\/a><div class=\"wp-block-latest-posts__post-excerpt\">Neste fim de semana (04 e 05 de outubro), o Semin\u00e1rio Maior<span class=\"read-more arrow\"><a href=\"https:\/\/www.diocesesaoluis.org.br\/home\/2025\/10\/06\/encontro-vocacional-e-realizado-no-seminario-maior\/\" title=\"Read More\">&rarr;<\/a><\/span><\/div><\/li>\n<li><div class=\"wp-block-latest-posts__featured-image alignleft\"><img loading=\"lazy\" decoding=\"async\" width=\"150\" height=\"113\" src=\"https:\/\/www.diocesesaoluis.org.br\/home\/wp-content\/uploads\/2024\/08\/WhatsApp-Image-2024-08-28-at-11.40.15-150x113.jpeg\" class=\"attachment-thumbnail size-thumbnail wp-post-image\" alt=\"\" style=\"\" srcset=\"https:\/\/www.diocesesaoluis.org.br\/home\/wp-content\/uploads\/2024\/08\/WhatsApp-Image-2024-08-28-at-11.40.15-150x113.jpeg 150w, https:\/\/www.diocesesaoluis.org.br\/home\/wp-content\/uploads\/2024\/08\/WhatsApp-Image-2024-08-28-at-11.40.15-300x225.jpeg 300w, https:\/\/www.diocesesaoluis.org.br\/home\/wp-content\/uploads\/2024\/08\/WhatsApp-Image-2024-08-28-at-11.40.15-1024x769.jpeg 1024w, https:\/\/www.diocesesaoluis.org.br\/home\/wp-content\/uploads\/2024\/08\/WhatsApp-Image-2024-08-28-at-11.40.15-1536x1153.jpeg 1536w, https:\/\/www.diocesesaoluis.org.br\/home\/wp-content\/uploads\/2024\/08\/WhatsApp-Image-2024-08-28-at-11.40.15-2048x1537.jpeg 2048w\" sizes=\"auto, (max-width: 150px) 100vw, 150px\" \/><\/div><a class=\"wp-block-latest-posts__post-title\" href=\"https:\/\/www.diocesesaoluis.org.br\/home\/2024\/08\/26\/iii-encontro-vocacional-masculino-diocesano-e-realizado\/\">III Encontro Vocacional Masculino diocesano \u00e9 realizado no final de semana<\/a><div class=\"wp-block-latest-posts__post-excerpt\">Entre os dias 23 e 25 de agosto, foi realizado na Ch\u00e1cara<span class=\"read-more arrow\"><a href=\"https:\/\/www.diocesesaoluis.org.br\/home\/2024\/08\/26\/iii-encontro-vocacional-masculino-diocesano-e-realizado\/\" title=\"Read More\">&rarr;<\/a><\/span><\/div><\/li>\n<\/ul>\n\n\n<p class=\"has-text-align-right\"><\/p>\n","protected":false},"excerpt":{"rendered":"<p>Meu irm\u00e3o, comecemos do t\u00edtulo. Por que VOCA\u00c7\u00d5ES no plural? Obviamente porque existem diversas voca\u00e7\u00f5es. N\u00e3o \u00e9 s\u00f3 para ser Padre. Ent\u00e3o, por que \u201cSEJA PADRE!\u201d, um imperativo? Porque talvez essa seja a \u00fanica oportunidade de te apresentar essa possibilidade, esse convite, esse imperativo: Seja Padre! Quando era ainda adolescente, tive por professora de matem\u00e1tica<span class=\"read-more arrow\"><a href=\"https:\/\/www.diocesesaoluis.org.br\/home\/vocacoes-seja-padre\/\" title=\"Read More\">&rarr;<\/a><\/span><\/p>\n","protected":false},"author":2,"featured_media":16535,"parent":0,"menu_order":0,"comment_status":"closed","ping_status":"closed","template":"","meta":{"ub_ctt_via":"","footnotes":""},"class_list":["post-14808","page","type-page","status-publish","has-post-thumbnail"],"featured_image_src":"https:\/\/www.diocesesaoluis.org.br\/home\/wp-content\/uploads\/2023\/06\/formacao_o-chamado-para-a-vocacao-sacerdotal-.jpeg","_links":{"self":[{"href":"https:\/\/www.diocesesaoluis.org.br\/home\/wp-json\/wp\/v2\/pages\/14808","targetHints":{"allow":["GET"]}}],"collection":[{"href":"https:\/\/www.diocesesaoluis.org.br\/home\/wp-json\/wp\/v2\/pages"}],"about":[{"href":"https:\/\/www.diocesesaoluis.org.br\/home\/wp-json\/wp\/v2\/types\/page"}],"author":[{"embeddable":true,"href":"https:\/\/www.diocesesaoluis.org.br\/home\/wp-json\/wp\/v2\/users\/2"}],"replies":[{"embeddable":true,"href":"https:\/\/www.diocesesaoluis.org.br\/home\/wp-json\/wp\/v2\/comments?post=14808"}],"version-history":[{"count":12,"href":"https:\/\/www.diocesesaoluis.org.br\/home\/wp-json\/wp\/v2\/pages\/14808\/revisions"}],"predecessor-version":[{"id":16555,"href":"https:\/\/www.diocesesaoluis.org.br\/home\/wp-json\/wp\/v2\/pages\/14808\/revisions\/16555"}],"wp:featuredmedia":[{"embeddable":true,"href":"https:\/\/www.diocesesaoluis.org.br\/home\/wp-json\/wp\/v2\/media\/16535"}],"wp:attachment":[{"href":"https:\/\/www.diocesesaoluis.org.br\/home\/wp-json\/wp\/v2\/media?parent=14808"}],"curies":[{"name":"wp","href":"https:\/\/api.w.org\/{rel}","templated":true}]}}