{"id":12741,"date":"2021-08-10T10:19:49","date_gmt":"2021-08-10T13:19:49","guid":{"rendered":"https:\/\/www.diocesesaoluis.org.br\/home\/?page_id=12741"},"modified":"2024-06-18T11:46:44","modified_gmt":"2024-06-18T14:46:44","slug":"paroquia-santa-barbara","status":"publish","type":"page","link":"https:\/\/www.diocesesaoluis.org.br\/home\/paroquia-santa-barbara\/","title":{"rendered":"Par\u00f3quia Santa B\u00e1rbara &#8211; Santa B\u00e1rbara de Goi\u00e1s"},"content":{"rendered":"[vc_row 0=&#8221;&#8221;][vc_column][vc_column_text 0=&#8221;&#8221;]<div class=\"sc-tabs-wrap\"><ul class=\"sc-tabs\"><li class=\"active\"><a href=\"#\" data-id=\"1\">Dados da par\u00f3quia<\/a><\/li><li><a href=\"#\" data-id=\"2\">Administra\u00e7\u00e3o<\/a><\/li><li><a href=\"#\" data-id=\"3\">Casa Paroquial<\/a><\/li><li><a href=\"#\" data-id=\"4\">Secretaria<\/a><\/li><\/ul><ul class=\"sc-tabs-panes\"><li id=\"sc-pane-1\" class=\"active\"><p>Data da Funda\u00e7\u00e3o: 10\/12\/2006<br \/>\nCNPJ: 01.226.927\/0042-85<br \/>\nPopula\u00e7\u00e3o: 6.634<br \/>\nDist\u00e2ncia da sede: 78 km<br \/>\n<\/li>\n<li id=\"sc-pane-2\">\n<p><strong>P\u00c1ROCO<\/strong><br \/>\nPe. Eduardo Farias de Morais<\/p>\n<\/li>\n<li id=\"sc-pane-3\">\n<p>Pra\u00e7a Sebasti\u00e3o Vaz, Qd. 61, Lt. 21 \u2013 St. Central<br \/>\nSanta B\u00e1rbara de Goi\u00e1s<br \/>\n<\/li>\n<li id=\"sc-pane-4\">\n<p>Pra\u00e7a Sebasti\u00e3o Vaz, Qd. 61, Lt. 21 \u2013 St. Central (Dentro da Igreja)<br \/>\nTel.: (62) 99955-2327<strong><br \/>\n<\/strong>Santa B\u00e1rbara de Goi\u00e1s<br \/>\n<\/li><\/ul><\/div>\n<div class=\"sc-tabs-wrap\"><ul class=\"sc-tabs\"><li class=\"active\"><a href=\"#\" data-id=\"1\">ADMINISTRA\u00c7\u00d5ES ANTERIORES<\/a><\/li><li><a href=\"#\" data-id=\"2\">COMUNIDADES URBANAS<\/a><\/li><li><a href=\"#\" data-id=\"3\">COMUNIDADES RURAIS<\/a><\/li><\/ul><ul class=\"sc-tabs-panes\"><li id=\"sc-pane-1\" class=\"active\"><p>At\u00e9 dezembro de 2020, esteve sob os cuidados dos Mission\u00e1rios Redentoristas de Trindade.<br \/>\nJaneiro a julho de 2021:<br \/>\nP\u00e1roco: Pe. Paulo Ricardo M. Vivaldo<br \/>\n2021-2024: Pe. M\u00e1rcio Jean<br \/>\n<\/li>\n<li id=\"sc-pane-2\">\n<\/li>\n<li id=\"sc-pane-3\">\n<\/li><\/ul><\/div>[\/vc_column_text][\/vc_column][\/vc_row]\n","protected":false},"excerpt":{"rendered":"<p>[vc_row 0=&#8221;&#8221;][vc_column][vc_column_text 0=&#8221;&#8221;] [\/vc_column_text][\/vc_column][\/vc_row]<\/p>\n","protected":false},"author":2,"featured_media":17616,"parent":0,"menu_order":0,"comment_status":"closed","ping_status":"closed","template":"","meta":{"ub_ctt_via":"","footnotes":""},"class_list":["post-12741","page","type-page","status-publish","has-post-thumbnail"],"featured_image_src":"https:\/\/www.diocesesaoluis.org.br\/home\/wp-content\/uploads\/2024\/06\/Igreja-Santa-Barbara.jpeg","_links":{"self":[{"href":"https:\/\/www.diocesesaoluis.org.br\/home\/wp-json\/wp\/v2\/pages\/12741","targetHints":{"allow":["GET"]}}],"collection":[{"href":"https:\/\/www.diocesesaoluis.org.br\/home\/wp-json\/wp\/v2\/pages"}],"about":[{"href":"https:\/\/www.diocesesaoluis.org.br\/home\/wp-json\/wp\/v2\/types\/page"}],"author":[{"embeddable":true,"href":"https:\/\/www.diocesesaoluis.org.br\/home\/wp-json\/wp\/v2\/users\/2"}],"replies":[{"embeddable":true,"href":"https:\/\/www.diocesesaoluis.org.br\/home\/wp-json\/wp\/v2\/comments?post=12741"}],"version-history":[{"count":6,"href":"https:\/\/www.diocesesaoluis.org.br\/home\/wp-json\/wp\/v2\/pages\/12741\/revisions"}],"predecessor-version":[{"id":17619,"href":"https:\/\/www.diocesesaoluis.org.br\/home\/wp-json\/wp\/v2\/pages\/12741\/revisions\/17619"}],"wp:featuredmedia":[{"embeddable":true,"href":"https:\/\/www.diocesesaoluis.org.br\/home\/wp-json\/wp\/v2\/media\/17616"}],"wp:attachment":[{"href":"https:\/\/www.diocesesaoluis.org.br\/home\/wp-json\/wp\/v2\/media?parent=12741"}],"curies":[{"name":"wp","href":"https:\/\/api.w.org\/{rel}","templated":true}]}}