{"id":12737,"date":"2021-08-10T10:05:37","date_gmt":"2021-08-10T13:05:37","guid":{"rendered":"https:\/\/www.diocesesaoluis.org.br\/home\/?page_id=12737"},"modified":"2023-02-05T12:00:52","modified_gmt":"2023-02-05T15:00:52","slug":"paroquia-nossa-senhora-da-imaculada-conceicao","status":"publish","type":"page","link":"https:\/\/www.diocesesaoluis.org.br\/home\/paroquia-nossa-senhora-da-imaculada-conceicao\/","title":{"rendered":"PAR\u00d3QUIA NOSSA SENHORA DA IMACULADA CONCEI\u00c7\u00c3O"},"content":{"rendered":"[vc_row 0=&#8221;&#8221;][vc_column][vc_column_text 0=&#8221;&#8221;]\n<div class=\"sc-tabs-wrap\"><ul class=\"sc-tabs\"><li class=\"active\"><a href=\"#\" data-id=\"1\">Dados da par\u00f3quia<\/a><\/li><li><a href=\"#\" data-id=\"2\">Administra\u00e7\u00e3o<\/a><\/li><li><a href=\"#\" data-id=\"3\">Casa Paroquial<\/a><\/li><li><a href=\"#\" data-id=\"4\">Secretaria<\/a><\/li><\/ul><ul class=\"sc-tabs-panes\"><li id=\"sc-pane-1\" class=\"active\">\n<p>Data da Funda\u00e7\u00e3o: 05\/06\/2021<br \/>\nCNPJ:<br \/>\nPopula\u00e7\u00e3o:<br \/>\nDist\u00e2ncia da sede:<br \/>\n<\/li>\n<li id=\"sc-pane-2\">\n<p><strong>P\u00c1ROCO<\/strong><br \/>\nPe. Jos\u00e9 Moreira de Souza<\/p>\n<\/li>\n<li id=\"sc-pane-3\">\n<\/li>\n<li id=\"sc-pane-4\">\n<p>Rua 02, n\u00ba 21 &#8211; Vila Itajub\u00e1<br \/>\nCEP: 76200-000 &#8211; Ipor\u00e1-GO<br \/>\nE-mail: paroquiansdaiconceicao@hotmail.com<br \/>\nTelefone: 64 984218160 (WhatsApp)<\/p>\n<\/li><\/ul><\/div>\n<div class=\"sc-tabs-wrap\"><ul class=\"sc-tabs\"><li class=\"active\"><a href=\"#\" data-id=\"1\">ADMINISTRA\u00c7\u00d5ES ANTERIORES<\/a><\/li><li><a href=\"#\" data-id=\"2\">COMUNIDADES URBANAS<\/a><\/li><li><a href=\"#\" data-id=\"3\">COMUNIDADES RURAIS<\/a><\/li><\/ul><ul class=\"sc-tabs-panes\"><li id=\"sc-pane-1\" class=\"active\"><\/li>\n<li id=\"sc-pane-2\">\n<p>Comunidade Nossa Senhora das Gra\u00e7as<br \/>\nSanta Gema<br \/>\nComunidade Nossa Senhora Aparecida<br \/>\nComunidade Nossa Senhora M\u00e3e da Igreja<br \/>\n<\/li>\n<li id=\"sc-pane-3\">\n<p>Comunidade Nossa Senhora Aparecida<br \/>\nComunidade S\u00e3o Paulo da Cruz<br \/>\n<\/li><\/ul><\/div>[\/vc_column_text][\/vc_column][\/vc_row]\n","protected":false},"excerpt":{"rendered":"<p>[vc_row 0=&#8221;&#8221;][vc_column][vc_column_text 0=&#8221;&#8221;] [\/vc_column_text][\/vc_column][\/vc_row]<\/p>\n","protected":false},"author":2,"featured_media":12965,"parent":0,"menu_order":0,"comment_status":"closed","ping_status":"closed","template":"","meta":{"ub_ctt_via":"","footnotes":""},"class_list":["post-12737","page","type-page","status-publish","has-post-thumbnail"],"featured_image_src":"https:\/\/www.diocesesaoluis.org.br\/home\/wp-content\/uploads\/2021\/09\/PADRE_429.jpg","_links":{"self":[{"href":"https:\/\/www.diocesesaoluis.org.br\/home\/wp-json\/wp\/v2\/pages\/12737","targetHints":{"allow":["GET"]}}],"collection":[{"href":"https:\/\/www.diocesesaoluis.org.br\/home\/wp-json\/wp\/v2\/pages"}],"about":[{"href":"https:\/\/www.diocesesaoluis.org.br\/home\/wp-json\/wp\/v2\/types\/page"}],"author":[{"embeddable":true,"href":"https:\/\/www.diocesesaoluis.org.br\/home\/wp-json\/wp\/v2\/users\/2"}],"replies":[{"embeddable":true,"href":"https:\/\/www.diocesesaoluis.org.br\/home\/wp-json\/wp\/v2\/comments?post=12737"}],"version-history":[{"count":7,"href":"https:\/\/www.diocesesaoluis.org.br\/home\/wp-json\/wp\/v2\/pages\/12737\/revisions"}],"predecessor-version":[{"id":15771,"href":"https:\/\/www.diocesesaoluis.org.br\/home\/wp-json\/wp\/v2\/pages\/12737\/revisions\/15771"}],"wp:featuredmedia":[{"embeddable":true,"href":"https:\/\/www.diocesesaoluis.org.br\/home\/wp-json\/wp\/v2\/media\/12965"}],"wp:attachment":[{"href":"https:\/\/www.diocesesaoluis.org.br\/home\/wp-json\/wp\/v2\/media?parent=12737"}],"curies":[{"name":"wp","href":"https:\/\/api.w.org\/{rel}","templated":true}]}}