{"id":11639,"date":"2021-03-06T22:10:06","date_gmt":"2021-03-07T01:10:06","guid":{"rendered":"https:\/\/www.diocesesaoluis.org.br\/home\/?page_id=11639"},"modified":"2023-01-24T14:55:19","modified_gmt":"2023-01-24T17:55:19","slug":"conselho-economico","status":"publish","type":"page","link":"https:\/\/www.diocesesaoluis.org.br\/home\/conselho-economico\/","title":{"rendered":"Conselho Econ\u00f4mico e Administrativo"},"content":{"rendered":"\n<p>Zanigrey Ezequiel Filho &#8211; Advogado<br>S\u00e9rgio Ricardo Ferreira &#8211; Especialista em Finan\u00e7as<br>Cleusa Helena de Oliveira &#8211; Advogada e Especialista em Finan\u00e7as<br>Werlan Gontijo Pereira &#8211; Contador<br>Pe. Ozaine Cardoso Vilela<br>Pe. Wallison Rodrigues da Silva<br>Pe. Jo\u00e3o Aur\u00e9lio de Almeida Alves<br>Pe. Pablo Henrique de Faria<br>Pe. Carlos Arantes de Gouvea<br>Pe. Jos\u00e9 Moreira de Sousa <\/p>\n","protected":false},"excerpt":{"rendered":"<p>Zanigrey Ezequiel Filho &#8211; AdvogadoS\u00e9rgio Ricardo Ferreira &#8211; Especialista em Finan\u00e7asCleusa Helena de Oliveira &#8211; Advogada e Especialista em Finan\u00e7asWerlan Gontijo Pereira &#8211; ContadorPe. Ozaine Cardoso VilelaPe. Wallison Rodrigues da SilvaPe. Jo\u00e3o Aur\u00e9lio de Almeida AlvesPe. Pablo Henrique de FariaPe. Carlos Arantes de GouveaPe. Jos\u00e9 Moreira de Sousa<\/p>\n","protected":false},"author":2,"featured_media":0,"parent":0,"menu_order":0,"comment_status":"closed","ping_status":"closed","template":"","meta":{"ub_ctt_via":"","footnotes":""},"class_list":["post-11639","page","type-page","status-publish"],"featured_image_src":null,"_links":{"self":[{"href":"https:\/\/www.diocesesaoluis.org.br\/home\/wp-json\/wp\/v2\/pages\/11639","targetHints":{"allow":["GET"]}}],"collection":[{"href":"https:\/\/www.diocesesaoluis.org.br\/home\/wp-json\/wp\/v2\/pages"}],"about":[{"href":"https:\/\/www.diocesesaoluis.org.br\/home\/wp-json\/wp\/v2\/types\/page"}],"author":[{"embeddable":true,"href":"https:\/\/www.diocesesaoluis.org.br\/home\/wp-json\/wp\/v2\/users\/2"}],"replies":[{"embeddable":true,"href":"https:\/\/www.diocesesaoluis.org.br\/home\/wp-json\/wp\/v2\/comments?post=11639"}],"version-history":[{"count":2,"href":"https:\/\/www.diocesesaoluis.org.br\/home\/wp-json\/wp\/v2\/pages\/11639\/revisions"}],"predecessor-version":[{"id":15623,"href":"https:\/\/www.diocesesaoluis.org.br\/home\/wp-json\/wp\/v2\/pages\/11639\/revisions\/15623"}],"wp:attachment":[{"href":"https:\/\/www.diocesesaoluis.org.br\/home\/wp-json\/wp\/v2\/media?parent=11639"}],"curies":[{"name":"wp","href":"https:\/\/api.w.org\/{rel}","templated":true}]}}