{"id":10736,"date":"2020-11-19T17:47:39","date_gmt":"2020-11-19T20:47:39","guid":{"rendered":"https:\/\/www.diocesesaoluis.org.br\/home\/?page_id=10736"},"modified":"2026-04-06T09:26:50","modified_gmt":"2026-04-06T12:26:50","slug":"foranias-2","status":"publish","type":"page","link":"https:\/\/www.diocesesaoluis.org.br\/home\/foranias-2\/","title":{"rendered":"Foranias"},"content":{"rendered":"[vc_row 0=&#8221;&#8221;][vc_column][vc_column_text 0=&#8221;&#8221;]\n<div id=\"block-1202f9fd-bce5-40f1-a0ef-240fb3bb9d38\" class=\"wp-block block-editor-block-list__block has-selected-ui\" tabindex=\"0\" role=\"group\" data-block=\"1202f9fd-bce5-40f1-a0ef-240fb3bb9d38\" data-type=\"core\/freeform\" aria-label=\"Bloco: Cl\u00e1ssico\">\n<div id=\"editor-1202f9fd-bce5-40f1-a0ef-240fb3bb9d38\" class=\"wp-block-freeform block-library-rich-text__tinymce mce-content-body html5-captions\" contenteditable=\"true\">\n<h4>FORANIA NOSSA SENHORA APARECIDA &#8211; Vig\u00e1rio For\u00e2neo: Pe. Warley Barbosa de Oliveira<\/h4>\n<p>Par\u00f3quias:<span style=\"color: #003366;\"><strong>\u00a0Aragar\u00e7as<\/strong><\/span>,\u00a0<span style=\"color: #003366;\"><strong>Aren\u00f3polis<\/strong><\/span>,<strong><span style=\"color: #003366;\">\u00a0Baliza<\/span><\/strong>,\u00a0<span style=\"color: #003366;\"><strong>Bom Jardim de Goi\u00e1s<\/strong><\/span>,\u00a0<span style=\"color: #003366;\"><strong>Caiap\u00f4nia<\/strong><\/span>,\u00a0<span style=\"color: #003366;\"><strong>Doverl\u00e2ndia<\/strong><\/span>,\u00a0<span style=\"color: #003366;\"><strong>Palestina de Goi\u00e1s<\/strong><\/span>\u00a0e\u00a0<span style=\"color: #003366;\"><strong>Piranhas<\/strong><\/span>.<\/p>\n<h4><strong>FORANIA S\u00c3O PAULO DA CRUZ<\/strong>\u00a0 &#8211; Vig\u00e1rio For\u00e2neo: Pe. Tarc\u00edlio Jos\u00e9 da Maia, CP.<\/h4>\n<p>Par\u00f3quias:\u00a0<span style=\"color: #003366;\"><strong>Amorin\u00f3polis<\/strong><\/span>,\u00a0<span style=\"color: #003366;\"><strong>Diorama<\/strong><\/span>,\u00a0<span style=\"color: #003366;\"><strong>Ipor\u00e1<\/strong>\u00a0<\/span><span style=\"color: #000000;\">(<strong>Par\u00f3quia N. S. Auxiliadora, Par\u00f3quia N. S. da Imaculada Concei\u00e7\u00e3o<\/strong>\u00a0e\u00a0<strong>Par\u00f3quia S\u00e3o Paulo VI<\/strong>)<\/span>,\u00a0<span style=\"color: #003366;\"><strong>Israel\u00e2ndia<\/strong><\/span>,\u00a0<span style=\"color: #003366;\"><strong>Jaupaci<\/strong>\u00a0<\/span>e\u00a0<span style=\"color: #003366;\"><strong>Montes Claros de Goi\u00e1s<\/strong><\/span>.<\/p>\n<h4><strong>FORANIA S\u00c3O LU\u00cdS GONZAGA<\/strong>\u00a0 &#8211; Vig\u00e1rio For\u00e2neo: Pe. Ribamar Divino Vieira de Souza, CP.<\/h4>\n<p>Par\u00f3quias:\u00a0<span style=\"color: #003366;\"><strong>Auril\u00e2ndia<\/strong><\/span>,\u00a0<span style=\"color: #003366;\"><strong>Cachoeira de Goi\u00e1s<\/strong><\/span>,\u00a0<span style=\"color: #003366;\"><strong>C\u00f3rrego do Ouro<\/strong><\/span>,\u00a0<span style=\"color: #003366;\"><strong>Firmin\u00f3polis<\/strong><\/span>,\u00a0<span style=\"color: #003366;\"><strong>Ivol\u00e2ndia<\/strong><\/span>,\u00a0<span style=\"color: #003366;\"><strong>Moipor\u00e1<\/strong><\/span><span style=\"color: #003366;\"><strong>,<\/strong><\/span>\u00a0<span style=\"color: #003366;\"><strong>S\u00e3o Lu\u00eds de Montes Belos\u00a0<\/strong><span style=\"color: #000000;\">(<strong>Par\u00f3quia Catedral, Par\u00f3quia Nossa Senhora Aparecida <\/strong>e<strong>\u00a0Par\u00f3quia Santa Cruz<\/strong>)<\/span><\/span>\u00a0e\u00a0<span style=\"color: #003366;\"><strong>Turv\u00e2nia<\/strong><\/span>.<\/p>\n<h4>FORANIA SENHORA SANT&#8217;ANA &#8211; Vig\u00e1rio For\u00e2neo: Pe. Leandro Jos\u00e9 de Souza<\/h4>\n<p>Par\u00f3quias: <strong><span style=\"color: #003366;\">Adel\u00e2ndia, Anicuns<\/span> (Par\u00f3quia<\/strong>\u00a0<strong>Nossa Senhora Aparecida<\/strong>\u00a0e <strong>Par\u00f3quia S\u00e3o Francisco de Assis), <span style=\"color: #003366;\">Americano<\/span><\/strong>\u00a0<strong><span style=\"color: #003366;\">do Brasil, Avelin\u00f3polis, Naz\u00e1rio<\/span><\/strong> e <strong><span style=\"color: #003366;\">Santa B\u00e1rbara de Goi\u00e1s.<\/span><\/strong><\/p>\n<h4>FORANIA S\u00c3O SEBASTI\u00c3O &#8211; Vig\u00e1rio For\u00e2neo: Pe. Jo\u00e3o Aur\u00e9lio Almeida Alves<\/h4>\n<p>Par\u00f3quias:\u00a0<span style=\"color: #003366;\"><strong>Acre\u00fana<\/strong><\/span>,\u00a0<span style=\"color: #003366;\"><strong>Cezarina<\/strong><\/span>,\u00a0<span style=\"color: #003366;\"><strong>Indiara<\/strong><\/span>,\u00a0<span style=\"color: #003366;\"><strong>Jandaia<\/strong><\/span>,\u00a0<span style=\"color: #003366;\"><strong>Palmeiras de Goi\u00e1s\u00a0<\/strong><span style=\"color: #000000;\">(<strong>Par\u00f3quia Divino Esp\u00edrito Santo\u00a0<\/strong>e<strong>\u00a0Par\u00f3quia S\u00e3o Sebasti\u00e3o<\/strong>)<\/span><\/span>,\u00a0<span style=\"color: #003366;\"><strong>Palmin\u00f3polis<\/strong><\/span>,\u00a0<span style=\"color: #003366;\"><strong>Para\u00fana<\/strong><\/span>,\u00a0<span style=\"color: #003366;\"><strong>S\u00e3o Jo\u00e3o da Para\u00fana<\/strong><\/span>\u00a0e\u00a0<span style=\"color: #003366;\"><strong>Turvel\u00e2ndia<\/strong><\/span>.<\/p>\n<\/div>\n<\/div>\n<div class=\"block-list-appender\" tabindex=\"-1\"><\/div>\n[\/vc_column_text][\/vc_column][\/vc_row]\n","protected":false},"excerpt":{"rendered":"<p>[vc_row 0=&#8221;&#8221;][vc_column][vc_column_text 0=&#8221;&#8221;] FORANIA NOSSA SENHORA APARECIDA &#8211; Vig\u00e1rio For\u00e2neo: Pe. Warley Barbosa de Oliveira Par\u00f3quias:\u00a0Aragar\u00e7as,\u00a0Aren\u00f3polis,\u00a0Baliza,\u00a0Bom Jardim de Goi\u00e1s,\u00a0Caiap\u00f4nia,\u00a0Doverl\u00e2ndia,\u00a0Palestina de Goi\u00e1s\u00a0e\u00a0Piranhas. FORANIA S\u00c3O PAULO DA CRUZ\u00a0 &#8211; Vig\u00e1rio For\u00e2neo: Pe. Tarc\u00edlio Jos\u00e9 da Maia, CP. Par\u00f3quias:\u00a0Amorin\u00f3polis,\u00a0Diorama,\u00a0Ipor\u00e1\u00a0(Par\u00f3quia N. S. Auxiliadora, Par\u00f3quia N. S. da Imaculada Concei\u00e7\u00e3o\u00a0e\u00a0Par\u00f3quia S\u00e3o Paulo VI),\u00a0Israel\u00e2ndia,\u00a0Jaupaci\u00a0e\u00a0Montes Claros de Goi\u00e1s. FORANIA S\u00c3O LU\u00cdS GONZAGA\u00a0<span class=\"read-more arrow\"><a href=\"https:\/\/www.diocesesaoluis.org.br\/home\/foranias-2\/\" title=\"Read More\">&rarr;<\/a><\/span><\/p>\n","protected":false},"author":2,"featured_media":0,"parent":0,"menu_order":0,"comment_status":"closed","ping_status":"closed","template":"page-blocks.php","meta":{"ub_ctt_via":"","footnotes":""},"class_list":["post-10736","page","type-page","status-publish"],"featured_image_src":null,"_links":{"self":[{"href":"https:\/\/www.diocesesaoluis.org.br\/home\/wp-json\/wp\/v2\/pages\/10736","targetHints":{"allow":["GET"]}}],"collection":[{"href":"https:\/\/www.diocesesaoluis.org.br\/home\/wp-json\/wp\/v2\/pages"}],"about":[{"href":"https:\/\/www.diocesesaoluis.org.br\/home\/wp-json\/wp\/v2\/types\/page"}],"author":[{"embeddable":true,"href":"https:\/\/www.diocesesaoluis.org.br\/home\/wp-json\/wp\/v2\/users\/2"}],"replies":[{"embeddable":true,"href":"https:\/\/www.diocesesaoluis.org.br\/home\/wp-json\/wp\/v2\/comments?post=10736"}],"version-history":[{"count":20,"href":"https:\/\/www.diocesesaoluis.org.br\/home\/wp-json\/wp\/v2\/pages\/10736\/revisions"}],"predecessor-version":[{"id":18963,"href":"https:\/\/www.diocesesaoluis.org.br\/home\/wp-json\/wp\/v2\/pages\/10736\/revisions\/18963"}],"wp:attachment":[{"href":"https:\/\/www.diocesesaoluis.org.br\/home\/wp-json\/wp\/v2\/media?parent=10736"}],"curies":[{"name":"wp","href":"https:\/\/api.w.org\/{rel}","templated":true}]}}